{"id":150619,"date":"2021-01-15T11:02:50","date_gmt":"2021-01-15T11:02:50","guid":{"rendered":"https:\/\/codengine3.ch\/?product=import-placeholder-for-201023"},"modified":"2021-01-15T11:02:54","modified_gmt":"2021-01-15T11:02:54","slug":"les-alpinistes","status":"publish","type":"product","link":"https:\/\/pizbube.ch\/en\/shop\/les-alpinistes\/","title":{"rendered":"Les Alpinistes"},"content":{"rendered":"<p>Chronique raisonn\u00e9e de leurs aventures remarquables dans les Alpes.<br \/>\nQui sont les alpinistes Depuis les grandes figures de la conqu\u00eate des Alpes:<br \/>\nBalmat, Whymper, Mummery, Preuss, Comici, Allain, Cassin, Lachenal, Terray,<br \/>\nR\u00e9buffat, Desmaison&#8230; jusqu`aux t\u00e9nors de l`alpinisme moderne : Messner,<br \/>\nBolvin, Escoffier, Profit, Gabarrou, Lafaille&#8230; ils apparaissent tous et<br \/>\ns`animent dans la vaste fresque historique reconstitu\u00e9e par Yves Ballu.<br \/>\nLes portraits alternent avec les r\u00e9cits d`\u00e9pisodes fameux, et toutes ces<br \/>\naventures tiennent le lecteur en haleine tout en lui offrant une approche<br \/>\npassionnante de l`\u00e9volution de l`alpiniste.<br \/>\nLes index des alpinistes et des ascensions marquantes dans les Alpes et les<br \/>\nPyr\u00e9n\u00e9es font de cet ouvrage un document de r\u00e9f\u00e9rence.<\/p>","protected":false},"excerpt":{"rendered":"<p>Chronique raisonn\u00e9e de leurs aventures remarquables dans les Alpes. Qui sont les alpinistes Depuis les grandes figures de la conqu\u00eate des Alpes: Balmat, Whymper, Mummery, Preuss, Comici, Allain, Cassin, Lachenal, Terray, R\u00e9buffat, Desmaison&#8230; jusqu`aux t\u00e9nors de l`alpinisme moderne : Messner, Bolvin, Escoffier, Profit, Gabarrou, Lafaille&#8230; ils apparaissent tous et s`animent dans la vaste fresque historique [&#8230;]\n","protected":false},"featured_media":28172,"template":"","meta":[],"product_brand":[],"product_cat":[21542],"product_tag":[],"class_list":{"0":"post-150619","1":"product","2":"type-product","3":"status-publish","4":"has-post-thumbnail","6":"product_cat-sachbuecher-dokumentationen","7":"pa_autor-ballu","8":"pa_erscheinungsjahr-22133","9":"pa_region-frankreich","10":"pa_sprache-fr","12":"first","13":"instock","14":"taxable","15":"shipping-taxable","16":"purchasable","17":"product-type-simple"},"_links":{"self":[{"href":"https:\/\/pizbube.ch\/en\/wp-json\/wp\/v2\/product\/150619","targetHints":{"allow":["GET"]}}],"collection":[{"href":"https:\/\/pizbube.ch\/en\/wp-json\/wp\/v2\/product"}],"about":[{"href":"https:\/\/pizbube.ch\/en\/wp-json\/wp\/v2\/types\/product"}],"wp:featuredmedia":[{"embeddable":true,"href":"https:\/\/pizbube.ch\/en\/wp-json\/wp\/v2\/media\/28172"}],"wp:attachment":[{"href":"https:\/\/pizbube.ch\/en\/wp-json\/wp\/v2\/media?parent=150619"}],"wp:term":[{"taxonomy":"product_brand","embeddable":true,"href":"https:\/\/pizbube.ch\/en\/wp-json\/wp\/v2\/product_brand?post=150619"},{"taxonomy":"product_cat","embeddable":true,"href":"https:\/\/pizbube.ch\/en\/wp-json\/wp\/v2\/product_cat?post=150619"},{"taxonomy":"product_tag","embeddable":true,"href":"https:\/\/pizbube.ch\/en\/wp-json\/wp\/v2\/product_tag?post=150619"}],"curies":[{"name":"wp","href":"https:\/\/api.w.org\/{rel}","templated":true}]}}