{"id":150620,"date":"2021-01-15T11:02:50","date_gmt":"2021-01-15T11:02:50","guid":{"rendered":"https:\/\/codengine3.ch\/?product=import-placeholder-for-204354"},"modified":"2021-01-15T14:32:20","modified_gmt":"2021-01-15T14:32:20","slug":"dictionnaire-encyclopedique-des-alpes","status":"publish","type":"product","link":"https:\/\/pizbube.ch\/en\/shop\/dictionnaire-encyclopedique-des-alpes\/","title":{"rendered":"Dictionnaire Encyclop\u00e9dique des Alpes"},"content":{"rendered":"<p>Deux volumes r\u00e9unis dans un coffret : Volume 1 : Dictionnaire Volume 2 :<br \/>\nEncyclop\u00e9die Une somme unique de connaissances Un dictionnaire comprenant plus<br \/>\nde 3 000 entr\u00e9es synth\u00e9tisant les connaissances dans tous les domaines du<br \/>\nsavoir. Une encyclop\u00e9die r\u00e9unissant 90 articles pour approfondir les<br \/>\nprobl\u00e9matiques essentielles de l&#8217;identit\u00e9 alpine dans les domaines culturel,<br \/>\n\u00e9conomique, historique, de l&#8217;environnement, comme dans ceux de l&#8217;art, de la<br \/>\nscience ou du sport. Une ambition europ\u00e9enne Les six pays de l&#8217;arc alpin &#8218;<br \/>\nAllemagne, Autriche, France, Italie, Suisse, Slov\u00e9nie, sans oublier le<br \/>\nLiechtenstein et Monaco &#8218; sont concern\u00e9s et impliqu\u00e9s dans le traitement de<br \/>\nchaque sujet. Des auteurs de chacun de ces pays interviennent en fonction<br \/>\ndeleurs comp\u00e9tences. Un ouvrage de r\u00e9f\u00e9rence Des auteurs choisis parmi les<br \/>\nmeilleurs sp\u00e9cialistes europ\u00e9ens sont r\u00e9unis pour \u00e9laborer un ouvrage central<br \/>\ndans l&#8217;histoire de l&#8217;\u00e9dition alpine. Un beau livre Une iconographie<br \/>\nexceptionnelle multiplie photos et illustrations. Les plus beaux documents<br \/>\napparaissent en pleine page ou en double page. Des planches originales offrent<br \/>\nune vision synoptique des esp\u00e8ces animales, des min\u00e9raux, de la flore, de<br \/>\nl&#8217;habitat et des costumes. Un syst\u00e8me analogique de renvois Pour rebondir d&#8217;un<br \/>\narticle \u00e0 l&#8217;autre afin de compl\u00e9ter les connaissances et proposer plusieurs<br \/>\n\u00e9clairages sur un sujet. Des indications bibliographiques donn\u00e9es pour chaque<br \/>\narticle encyclop\u00e9dique permettent de revenir aux sources. Plusieurs niveaux de<br \/>\nlecture Pour permettre une recherche g\u00e9n\u00e9rale ou pointue et se promener au<br \/>\nhasard du savoir et des associations d&#8217;id\u00e9es. Au total : 250 auteurs, 3 500<br \/>\nnotices alphab\u00e9tiques, 90 grands th\u00e8mes encyclop\u00e9diques, 2 200 illustrations<br \/>\net photos, 100 cartes g\u00e9ographiques et historiques  <\/p>","protected":false},"excerpt":{"rendered":"<p>Deux volumes r\u00e9unis dans un coffret : Volume 1 : Dictionnaire Volume 2 : Encyclop\u00e9die Une somme unique de connaissances Un dictionnaire comprenant plus de 3 000 entr\u00e9es synth\u00e9tisant les connaissances dans tous les domaines du savoir. Une encyclop\u00e9die r\u00e9unissant 90 articles pour approfondir les probl\u00e9matiques essentielles de l&#8217;identit\u00e9 alpine dans les domaines culturel, \u00e9conomique, [&#8230;]\n","protected":false},"featured_media":32194,"template":"","meta":[],"product_brand":[],"product_cat":[21542],"product_tag":[],"class_list":{"0":"post-150620","1":"product","2":"type-product","3":"status-publish","4":"has-post-thumbnail","6":"product_cat-sachbuecher-dokumentationen","7":"pa_autor-collectif","8":"pa_erscheinungsjahr-21763","9":"pa_region-frankreich","10":"pa_sprache-fr","12":"first","13":"instock","14":"taxable","15":"shipping-taxable","16":"purchasable","17":"product-type-simple"},"_links":{"self":[{"href":"https:\/\/pizbube.ch\/en\/wp-json\/wp\/v2\/product\/150620","targetHints":{"allow":["GET"]}}],"collection":[{"href":"https:\/\/pizbube.ch\/en\/wp-json\/wp\/v2\/product"}],"about":[{"href":"https:\/\/pizbube.ch\/en\/wp-json\/wp\/v2\/types\/product"}],"wp:featuredmedia":[{"embeddable":true,"href":"https:\/\/pizbube.ch\/en\/wp-json\/wp\/v2\/media\/32194"}],"wp:attachment":[{"href":"https:\/\/pizbube.ch\/en\/wp-json\/wp\/v2\/media?parent=150620"}],"wp:term":[{"taxonomy":"product_brand","embeddable":true,"href":"https:\/\/pizbube.ch\/en\/wp-json\/wp\/v2\/product_brand?post=150620"},{"taxonomy":"product_cat","embeddable":true,"href":"https:\/\/pizbube.ch\/en\/wp-json\/wp\/v2\/product_cat?post=150620"},{"taxonomy":"product_tag","embeddable":true,"href":"https:\/\/pizbube.ch\/en\/wp-json\/wp\/v2\/product_tag?post=150620"}],"curies":[{"name":"wp","href":"https:\/\/api.w.org\/{rel}","templated":true}]}}