{"id":150621,"date":"2021-01-15T11:02:50","date_gmt":"2021-01-15T11:02:50","guid":{"rendered":"https:\/\/codengine3.ch\/?product=import-placeholder-for-206363"},"modified":"2021-01-15T14:48:22","modified_gmt":"2021-01-15T14:48:22","slug":"les-forces-de-la-montagne","status":"publish","type":"product","link":"https:\/\/pizbube.ch\/en\/shop\/les-forces-de-la-montagne\/","title":{"rendered":"Les forces de la montagne"},"content":{"rendered":"<p>Cinquante ans d&#8217;alpinisme. La carri\u00e8re de Ren\u00e9 Desmaison est d&#8217;une<br \/>\nexceptionnelle long\u00e9vit\u00e9 au regard des risques qu&#8217;il n&#8217;a cess\u00e9 de courir! Dans<br \/>\ncette autobiographie c\u00e9l\u00e9brant ses noces d&#8217;or avec la montagne, l&#8217;homme<br \/>\nrevient sur les \u00e9tapes cl\u00e9s d&#8217;une vie rythm\u00e9e par une soif inextinguible<br \/>\nd&#8217;ascensions. N\u00e9 dans le P\u00e9rigord, rien ne pr\u00e9disposait le jeune Ren\u00e9 \u00e0 gravir<br \/>\nles montagnes. C&#8217;est \u00e0 la mort de sa m\u00e8re qu&#8217;il suit son parrain \u00e0 Paris et<br \/>\nfera connaissance avec les bleausards, les grimpeurs de Fontainebleau. Sa<br \/>\nrencontre en 1954 avec l&#8217;alpiniste Jean Couzy sera d\u00e9terminante. Rapidement,<br \/>\nRen\u00e9 Desmaison deviendra un alpiniste hors pair. Il plantera ses crampons sur<br \/>\ntous les massifs du globe. Dans les Alpes, l&#8217;Himalaya ou les Andes, partout il<br \/>\na privil\u00e9gi\u00e9 les versants les plus p\u00e9rilleux et les conditions m\u00e9t\u00e9orologiques<br \/>\nles plus rudes. Il inaugurera ainsi le grand alpinisme hivernal en r\u00e9alisant<br \/>\nla premi\u00e8re de la face ouest des Drus en 1957, puis celle de la face nord de<br \/>\nl&#8217;Olan en 1960. Ren\u00e9 Desmaison n&#8217;a rien oubli\u00e9 de tous ses moments en<br \/>\nmontagne.  <\/p>\n<p>Il revient sur les \u00e9v\u00e9nements qui l&#8217;ont propuls\u00e9 au coeur de la pol\u00e9mique: le<br \/>\nsauvetage des Drus en 1966 o\u00f9 le guide Desmaison brave l&#8217;interdiction de son<br \/>\nbureau et r\u00e9ussit \u00e0 sauver deux alpinistes allemands en difficult\u00e9. Il sera<br \/>\nradi\u00e9 de la c\u00e9l\u00e8bre Compagnie. Il revient aussi sur l&#8217;\u00e9pisode le plus<br \/>\ndouloureux de sa vie: le drame des Grandes Jorasses en 1971 o\u00f9 son compagnon<br \/>\nSerge Gousseault p\u00e9rira \u00e0 ses c\u00f4t\u00e9s. Totalisant aujourd&#8217;hui quelque 1 000<br \/>\nascensions dont 114 premi\u00e8res, son palmar\u00e8s est celui d&#8217;un h\u00e9ros, un g\u00e9ant<br \/>\nberc\u00e9 par l&#8217;ivresse des sommets et l&#8217;angoisse des pitons instables auxquels il<br \/>\na confi\u00e9 sa vie \u00e0 plusieurs reprises. Mais son parcours de miracul\u00e9 est aussi<br \/>\ncelui d&#8217;un surhomme bless\u00e9, meurtri par la cohorte des amis disparus,<br \/>\ncompagnons de cord\u00e9e vaincus par Les Forces de la montagne.  <\/p>","protected":false},"excerpt":{"rendered":"<p>Cinquante ans d&#8217;alpinisme. La carri\u00e8re de Ren\u00e9 Desmaison est d&#8217;une exceptionnelle long\u00e9vit\u00e9 au regard des risques qu&#8217;il n&#8217;a cess\u00e9 de courir! Dans cette autobiographie c\u00e9l\u00e9brant ses noces d&#8217;or avec la montagne, l&#8217;homme revient sur les \u00e9tapes cl\u00e9s d&#8217;une vie rythm\u00e9e par une soif inextinguible d&#8217;ascensions. N\u00e9 dans le P\u00e9rigord, rien ne pr\u00e9disposait le jeune Ren\u00e9 [&#8230;]\n","protected":false},"featured_media":35373,"template":"","meta":[],"product_brand":[],"product_cat":[21542],"product_tag":[],"class_list":{"0":"post-150621","1":"product","2":"type-product","3":"status-publish","4":"has-post-thumbnail","6":"product_cat-sachbuecher-dokumentationen","7":"pa_autor-desmaison","8":"pa_erscheinungsjahr-21693","9":"pa_region-frankreich","10":"pa_sprache-fr","12":"first","13":"instock","14":"taxable","15":"shipping-taxable","16":"purchasable","17":"product-type-simple"},"_links":{"self":[{"href":"https:\/\/pizbube.ch\/en\/wp-json\/wp\/v2\/product\/150621","targetHints":{"allow":["GET"]}}],"collection":[{"href":"https:\/\/pizbube.ch\/en\/wp-json\/wp\/v2\/product"}],"about":[{"href":"https:\/\/pizbube.ch\/en\/wp-json\/wp\/v2\/types\/product"}],"wp:featuredmedia":[{"embeddable":true,"href":"https:\/\/pizbube.ch\/en\/wp-json\/wp\/v2\/media\/35373"}],"wp:attachment":[{"href":"https:\/\/pizbube.ch\/en\/wp-json\/wp\/v2\/media?parent=150621"}],"wp:term":[{"taxonomy":"product_brand","embeddable":true,"href":"https:\/\/pizbube.ch\/en\/wp-json\/wp\/v2\/product_brand?post=150621"},{"taxonomy":"product_cat","embeddable":true,"href":"https:\/\/pizbube.ch\/en\/wp-json\/wp\/v2\/product_cat?post=150621"},{"taxonomy":"product_tag","embeddable":true,"href":"https:\/\/pizbube.ch\/en\/wp-json\/wp\/v2\/product_tag?post=150621"}],"curies":[{"name":"wp","href":"https:\/\/api.w.org\/{rel}","templated":true}]}}