{"id":150623,"date":"2021-01-15T11:02:50","date_gmt":"2021-01-15T11:02:50","guid":{"rendered":"https:\/\/codengine3.ch\/?product=import-placeholder-for-203037"},"modified":"2024-07-04T09:54:48","modified_gmt":"2024-07-04T07:54:48","slug":"nach-oben","status":"publish","type":"product","link":"https:\/\/pizbube.ch\/en\/shop\/nach-oben\/","title":{"rendered":"Nach oben"},"content":{"rendered":"<p>Die ersten Eroberungen der Alpengipfel<\/p>\n<p>52 Abbildungen. Deutsch von Bernd Rullk\u00f6tter. Mitten im Herzen des zivilisierten Kontinents Europa erhebt sich die Eisbarriere der Alpen. Das Dach der Welt &#8211; f\u00fcr die Europ\u00e4er befand es sich lange Jahrhunderte direkt \u00fcber ihnen. Und niemand war bislang dort oben gewesen. Eiger, Montblanc, Mont Maudit waren mythische Regionen. Glaubw\u00fcrdige Berichte besagten, dass dort Drachen wohnten. Mit der Aufkl\u00e4rung und der empirischen Wissenschaft kam der Wandel. Naturforscher machten sich zuerst auf in die eisigen Hochlagen und zur Beobachtung der Atmosph\u00e4re, des Eises der Gletscher und des Ursprungs des Wetters. Schlie\u00dflich wurde das Bergsteigen zum Sport und Abenteuer. Fergus spiegelt mit der Geschichte des Alpinismus unser heutiges Zeitalter der Abenteuerverr\u00fccktheiten und Obsessionen.<\/p>\n<p>Im 19. Jahrhundert ist fast alles auf der Welt entdeckt, erfasst und aufgezeichnet. Aber inmitten Europas erhebt sich ein Gebiet, auf dessen Gipfel noch kein Mensch vorgedrungen ist: die Eisbarriere der Alpen. Man erz\u00e4hlt sich, dort oben hausten <em class=\"element-background-basic-colors marker\" data-color=\"gelb-light\">Drachen<\/em> und andere gef\u00e4hrliche Schneewesen, die ganze D\u00f6rfer mit Lawinen ausradierten, wenn man sie ver\u00e4rgerte oder st\u00f6rte. Naturforscher und Abenteurer machen sich auf den Weg. Die Briten erkl\u00e4ren Bergsteigen zum Sport: In Crickethosen, ausger\u00fcstet mit gebratenem Gefl\u00fcgel und zahlreichen Flaschen franz\u00f6sischen Weins, begleitet von widerwilligen Einheimischen, klettern sie los. Und schon bald f\u00fcrchten die Ortskundigen die Fremden mehr als die Drachen \u2026<\/p>\n<p>s\/w. Fotos, Abb. Taschenbuch.<\/p>","protected":false},"excerpt":{"rendered":"<p>Die ersten Eroberungen der Alpengipfel 52 Abbildungen. Deutsch von Bernd Rullk\u00f6tter. Mitten im Herzen des zivilisierten Kontinents Europa erhebt sich die Eisbarriere der Alpen. Das Dach der Welt &#8211; f\u00fcr die Europ\u00e4er befand es sich lange Jahrhunderte direkt \u00fcber ihnen. Und niemand war bislang dort oben gewesen. Eiger, Montblanc, Mont Maudit waren mythische Regionen. Glaubw\u00fcrdige [&#8230;]\n","protected":false},"featured_media":172929,"template":"","meta":[],"product_brand":[],"product_cat":[21542],"product_tag":[],"class_list":{"0":"post-150623","1":"product","2":"type-product","3":"status-publish","4":"has-post-thumbnail","6":"product_cat-sachbuecher-dokumentationen","7":"pa_autor-fleming","8":"pa_erscheinungsjahr-21621","9":"pa_region-schweiz","10":"pa_sprache-de","12":"first","13":"instock","14":"taxable","15":"shipping-taxable","16":"purchasable","17":"product-type-simple"},"_links":{"self":[{"href":"https:\/\/pizbube.ch\/en\/wp-json\/wp\/v2\/product\/150623","targetHints":{"allow":["GET"]}}],"collection":[{"href":"https:\/\/pizbube.ch\/en\/wp-json\/wp\/v2\/product"}],"about":[{"href":"https:\/\/pizbube.ch\/en\/wp-json\/wp\/v2\/types\/product"}],"wp:featuredmedia":[{"embeddable":true,"href":"https:\/\/pizbube.ch\/en\/wp-json\/wp\/v2\/media\/172929"}],"wp:attachment":[{"href":"https:\/\/pizbube.ch\/en\/wp-json\/wp\/v2\/media?parent=150623"}],"wp:term":[{"taxonomy":"product_brand","embeddable":true,"href":"https:\/\/pizbube.ch\/en\/wp-json\/wp\/v2\/product_brand?post=150623"},{"taxonomy":"product_cat","embeddable":true,"href":"https:\/\/pizbube.ch\/en\/wp-json\/wp\/v2\/product_cat?post=150623"},{"taxonomy":"product_tag","embeddable":true,"href":"https:\/\/pizbube.ch\/en\/wp-json\/wp\/v2\/product_tag?post=150623"}],"curies":[{"name":"wp","href":"https:\/\/api.w.org\/{rel}","templated":true}]}}