{"id":150624,"date":"2021-01-15T11:02:50","date_gmt":"2021-01-15T11:02:50","guid":{"rendered":"https:\/\/codengine3.ch\/?product=import-placeholder-for-208223"},"modified":"2021-06-23T09:11:31","modified_gmt":"2021-06-23T07:11:31","slug":"eric-escoffier-le-grand-combat","status":"publish","type":"product","link":"https:\/\/pizbube.ch\/en\/shop\/eric-escoffier-le-grand-combat\/","title":{"rendered":"\u00c9ric Escoffier &#8211; le grand combat"},"content":{"rendered":"<p>Avec quelques autres alpinistes stars, \u00c9ric Escoffier est l\u2019un des plus dou\u00e9s<br \/>\nde cette g\u00e9n\u00e9ration des ann\u00e9es 1980. La biographie de Jean-Michel Asselin rend<br \/>\nhommage \u00e0 l\u2019homme autant qu\u2019au g\u00e9nie de la grimpe.<\/p>\n<p>Dans les ann\u00e9es 1980, l\u2019alpinisme se r\u00e9veille avec une s\u00e9rie d\u2019exploits qui<br \/>\nmarqueront \u00e0 jamais son histoire. Derri\u00e8re des ascensions solitaires,<br \/>\nengag\u00e9es, audacieuses, ultrarapides, derri\u00e8re des encha\u00eenements sur de grandes<br \/>\nfaces nord ou la r\u00e9ussite de hauts sommets himalayens \u00ab \u00e0 la loyale \u00bb se<br \/>\ncachent quelques individualit\u00e9s exceptionnelles. Christophe Profit, Jean-Marc<br \/>\nBoivin et \u00c9ric Escoffier sont \u00e0 eux trois les acteurs d\u2019une sorte de bataille<br \/>\nqui passionne \u00e0 la fois le milieu mais aussi le grand public. Escoffier est le<br \/>\ncadet de la troupe, un peu insolent, trop beau gosse, il a le don d\u2019afficher<br \/>\nsa r\u00e9ussite et parfois ses \u00e9checs avec une brillance qui le rend tant\u00f4t<br \/>\nadmirable, et parfois contestable.<\/p>\n<p>Dou\u00e9 en tout, ce jeune homme, \u00e9lev\u00e9 \u00e0 la dure \u00e9cole de la gymnastique, aime la<br \/>\nmontagne, plus exactement la montagne qui lui offre l\u2019adr\u00e9naline du risque. \u00ab<br \/>\nRien n\u2019est impossible \u00bb, aime-t-il r\u00e9p\u00e9ter \u00e0 ceux qui s\u2019\u00e9tonnent de le voir<br \/>\npasser des falaises du Verdon, aux glaces des Grandes Jorasses ou \u00e0 l\u2019altitude<br \/>\ndu K2. Tout semble lui r\u00e9ussir, mais voil\u00e0 : la vie imagine parfois d\u2019autres<br \/>\ndestins pour ceux qui semblent la traverser avec aisance. Et un jour de<br \/>\nseptembre 1987, sa voiture percute une pierre dans les gorges de l\u2019Arly. Il<br \/>\nallait vite, toujours tr\u00e8s vite. Sa vie bascule : c\u2019est l\u2019h\u00f4pital, la<br \/>\nr\u00e9animation, les op\u00e9rations, la r\u00e9\u00e9ducation, l\u2019incroyable douleur de se<br \/>\nretrouver h\u00e9mipl\u00e9gique. Mais ce gar\u00e7on auquel les m\u00e9decins donnaient peu de<br \/>\nchance, nie tout simplement son handicap.<\/p>","protected":false},"excerpt":{"rendered":"<p>Avec quelques autres alpinistes stars, \u00c9ric Escoffier est l\u2019un des plus dou\u00e9s de cette g\u00e9n\u00e9ration des ann\u00e9es 1980. La biographie de Jean-Michel Asselin rend hommage \u00e0 l\u2019homme autant qu\u2019au g\u00e9nie de la grimpe. Dans les ann\u00e9es 1980, l\u2019alpinisme se r\u00e9veille avec une s\u00e9rie d\u2019exploits qui marqueront \u00e0 jamais son histoire. Derri\u00e8re des ascensions solitaires, engag\u00e9es, [&#8230;]\n","protected":false},"featured_media":39674,"template":"","meta":[],"product_brand":[],"product_cat":[21542],"product_tag":[],"class_list":{"0":"post-150624","1":"product","2":"type-product","3":"status-publish","4":"has-post-thumbnail","6":"product_cat-sachbuecher-dokumentationen","7":"pa_autor-asselin","8":"pa_erscheinungsjahr-21597","9":"pa_region-frankreich","10":"pa_sprache-de","12":"first","13":"outofstock","14":"taxable","15":"shipping-taxable","16":"purchasable","17":"product-type-simple"},"_links":{"self":[{"href":"https:\/\/pizbube.ch\/en\/wp-json\/wp\/v2\/product\/150624","targetHints":{"allow":["GET"]}}],"collection":[{"href":"https:\/\/pizbube.ch\/en\/wp-json\/wp\/v2\/product"}],"about":[{"href":"https:\/\/pizbube.ch\/en\/wp-json\/wp\/v2\/types\/product"}],"wp:featuredmedia":[{"embeddable":true,"href":"https:\/\/pizbube.ch\/en\/wp-json\/wp\/v2\/media\/39674"}],"wp:attachment":[{"href":"https:\/\/pizbube.ch\/en\/wp-json\/wp\/v2\/media?parent=150624"}],"wp:term":[{"taxonomy":"product_brand","embeddable":true,"href":"https:\/\/pizbube.ch\/en\/wp-json\/wp\/v2\/product_brand?post=150624"},{"taxonomy":"product_cat","embeddable":true,"href":"https:\/\/pizbube.ch\/en\/wp-json\/wp\/v2\/product_cat?post=150624"},{"taxonomy":"product_tag","embeddable":true,"href":"https:\/\/pizbube.ch\/en\/wp-json\/wp\/v2\/product_tag?post=150624"}],"curies":[{"name":"wp","href":"https:\/\/api.w.org\/{rel}","templated":true}]}}