{"id":150625,"date":"2021-01-15T11:02:50","date_gmt":"2021-01-15T11:02:50","guid":{"rendered":"https:\/\/codengine3.ch\/?product=import-placeholder-for-208818"},"modified":"2021-01-15T17:58:09","modified_gmt":"2021-01-15T17:58:09","slug":"les-prisonniers-de-linutile-chamonix-annees-80","status":"publish","type":"product","link":"https:\/\/pizbube.ch\/en\/shop\/les-prisonniers-de-linutile-chamonix-annees-80\/","title":{"rendered":"Les Prisonniers de l&#8217;inutile &#8211; Chamonix ann\u00e9es 80"},"content":{"rendered":"<p>Alpinisme, escalade, ski, monoski, snowboard, delta, parapente\u2026 \u00c0 Chamonix<br \/>\ndans les ann\u00e9es 80, tous les moyens \u00e9taient bons pour inventer de nouvelles<br \/>\nsensations. De nouveaux conqu\u00e9rants ont r\u00e9volutionn\u00e9 la pratique et l\u2019image de<br \/>\nla montagne. Leurs aventures extr\u00eames ont passionn\u00e9 le public. Mais \u00e0 quel<br \/>\nprix !<\/p>\n<p>Toni Bernos a fait partie de cette tribu, ces touche-\u00e0-tout de la montagne<br \/>\nqu\u2019il d\u00e9signe aujourd\u2019hui comme \u00ab les prisonniers de l\u2019inutile \u00bb. Dominique<br \/>\nRadigue, Bruno Cormier, Martial Mo\u00efoli, Bruno Gouvy, Jean-Marc Boivin,<br \/>\nStephane Deweze, Karen Ruby, Beno\u00eet Chamoux, Ellika Sindeman, Romain Vogler,<br \/>\nPatrick Vallen\u00e7ant, \u00c9ric Escoffier, et bien d\u2019autres de ses camarades ont<br \/>\ntrouv\u00e9 la mort \u00e0 force de chercher \u00e0 repousser les limites. Ils s\u2019\u00e9taient<br \/>\nlanc\u00e9s corps et \u00e2me dans une qu\u00eate dont ils n\u2019avaient appr\u00e9hend\u00e9 ni l&#8217;ampleur<br \/>\nni l\u2019issue. Les cons\u00e9quences furent-elles proportionnelles aux risques engag\u00e9s<br \/>\n? \u00ab Je ne sais pas, \u00e9crit Toni Bernos, mais il ne reste plus grand monde pour<br \/>\nt\u00e9moigner ou me contredire. Chanceux, j&#8217;ai surv\u00e9cu \u00e0 des accidents que,<br \/>\nmaintenant, je peux qualifier de \u201csurr\u00e9alistes\u201c. \u00bb<\/p>\n<p>Les Prisonniers de l&#8217;inutile est un r\u00e9cit d\u2019aventures, une histoire de<br \/>\nmontagne, d&#8217;amiti\u00e9 et d&#8217;exp\u00e9riences uniques v\u00e9cues dans la capitale mondiale<br \/>\nde l&#8217;alpinisme. Il \u00e9gr\u00e8ne quinze ans de souvenirs m\u00ealant des joies et des<br \/>\nd\u00e9sespoirs extr\u00eames qui ont conduit Toni Bernos \u00e0 ha\u00efr ce massif du Mont-Blanc<br \/>\nautant qu\u2019il l\u2019a ador\u00e9.<\/p>\n<p>L\u2019intensit\u00e9 des aventures dont il est question n\u2019a d\u2019\u00e9gale que la singularit\u00e9<br \/>\nde leurs h\u00e9ros. Elles se confondent avec les pages du magazine Vertical que<br \/>\nquelques-uns d\u2019entre eux avaient cr\u00e9\u00e9.<\/p>\n<p>Skieur, alpiniste et parapentiste, Toni Bernos a v\u00e9cu sa passion de la neige<br \/>\net du rocher jusqu\u2019\u00e0 manquer se tuer lui aussi. Loin de Chamonix, il s\u2019est<br \/>\nconstruit une nouvelle vie avant d\u2019accomplir son devoir de m\u00e9moire. C\u2019est un<br \/>\nlivre plein d\u2019\u00e9nergie, de d\u00e9fis, de d\u00e9lires, d\u2019humour et d\u2019\u00e9motion qu\u2019il d\u00e9die<br \/>\n\u00e0 ses compagnons disparus et \u00e0 cette \u00e9poque insens\u00e9e.<\/p>","protected":false},"excerpt":{"rendered":"<p>Alpinisme, escalade, ski, monoski, snowboard, delta, parapente\u2026 \u00c0 Chamonix dans les ann\u00e9es 80, tous les moyens \u00e9taient bons pour inventer de nouvelles sensations. De nouveaux conqu\u00e9rants ont r\u00e9volutionn\u00e9 la pratique et l\u2019image de la montagne. Leurs aventures extr\u00eames ont passionn\u00e9 le public. Mais \u00e0 quel prix ! Toni Bernos a fait partie de cette tribu, [&#8230;]\n","protected":false},"featured_media":41433,"template":"","meta":[],"product_brand":[],"product_cat":[21542],"product_tag":[],"class_list":{"0":"post-150625","1":"product","2":"type-product","3":"status-publish","4":"has-post-thumbnail","6":"product_cat-sachbuecher-dokumentationen","7":"pa_autor-bernos","8":"pa_erscheinungsjahr-21571","9":"pa_region-frankreich","10":"pa_sprache-fr","12":"first","13":"instock","14":"taxable","15":"shipping-taxable","16":"purchasable","17":"product-type-simple"},"_links":{"self":[{"href":"https:\/\/pizbube.ch\/en\/wp-json\/wp\/v2\/product\/150625","targetHints":{"allow":["GET"]}}],"collection":[{"href":"https:\/\/pizbube.ch\/en\/wp-json\/wp\/v2\/product"}],"about":[{"href":"https:\/\/pizbube.ch\/en\/wp-json\/wp\/v2\/types\/product"}],"wp:featuredmedia":[{"embeddable":true,"href":"https:\/\/pizbube.ch\/en\/wp-json\/wp\/v2\/media\/41433"}],"wp:attachment":[{"href":"https:\/\/pizbube.ch\/en\/wp-json\/wp\/v2\/media?parent=150625"}],"wp:term":[{"taxonomy":"product_brand","embeddable":true,"href":"https:\/\/pizbube.ch\/en\/wp-json\/wp\/v2\/product_brand?post=150625"},{"taxonomy":"product_cat","embeddable":true,"href":"https:\/\/pizbube.ch\/en\/wp-json\/wp\/v2\/product_cat?post=150625"},{"taxonomy":"product_tag","embeddable":true,"href":"https:\/\/pizbube.ch\/en\/wp-json\/wp\/v2\/product_tag?post=150625"}],"curies":[{"name":"wp","href":"https:\/\/api.w.org\/{rel}","templated":true}]}}