{"id":150629,"date":"2021-01-15T11:02:54","date_gmt":"2021-01-15T11:02:54","guid":{"rendered":"https:\/\/codengine3.ch\/?product=import-placeholder-for-205288"},"modified":"2021-01-15T14:40:07","modified_gmt":"2021-01-15T14:40:07","slug":"himalayistes","status":"publish","type":"product","link":"https:\/\/pizbube.ch\/en\/shop\/himalayistes\/","title":{"rendered":"Himalayistes"},"content":{"rendered":"<p>\u00c0 la conqu\u00eate de l&#8217;altitude  <\/p>\n<p>La conqu\u00eate des plus hauts sommets de la terre a \u00e9t\u00e9 l&#8217;oeuvre d&#8217;hommes hors du<br \/>\ncommun et de leurs efforts incommensurables.  <\/p>\n<p>Mais cette \u00e9pop\u00e9e du courage et de la peur est aussi le fruit de l&#8217;ironie du<br \/>\nsort. L&#8217;exploration de l&#8217;Himalaya s&#8217;est d\u00e9roul\u00e9e en trois dimensions. Il<br \/>\ns&#8217;agissait d&#8217;arpenter d&#8217;immenses territoires, mais aussi d&#8217;en conqu\u00e9rir les<br \/>\nsommets tout en repoussant les fronti\u00e8res de l&#8217;altitude. Dans cette qu\u00eate<br \/>\nadmirable et d\u00e9raisonnable se sont illustr\u00e9s des alpinistes de tout poil, mus<br \/>\npar les inspirations les plus vari\u00e9es. Gilles Modica dresse le portrait d&#8217;une<br \/>\nvingtaine d&#8217;entre eux, c\u00e9l\u00e8bres ou moins connus, qui, de la fin du XIXe si\u00e8cle<br \/>\n\u00e0 la fin du XXe, ont tent\u00e9 d&#8217;apprivoiser les effets sournois de l&#8217;altitude.  <\/p>","protected":false},"excerpt":{"rendered":"<p>\u00c0 la conqu\u00eate de l&#8217;altitude La conqu\u00eate des plus hauts sommets de la terre a \u00e9t\u00e9 l&#8217;oeuvre d&#8217;hommes hors du commun et de leurs efforts incommensurables. Mais cette \u00e9pop\u00e9e du courage et de la peur est aussi le fruit de l&#8217;ironie du sort. L&#8217;exploration de l&#8217;Himalaya s&#8217;est d\u00e9roul\u00e9e en trois dimensions. Il s&#8217;agissait d&#8217;arpenter d&#8217;immenses [&#8230;]\n","protected":false},"featured_media":33953,"template":"","meta":[],"product_brand":[],"product_cat":[21542],"product_tag":[],"class_list":{"0":"post-150629","1":"product","2":"type-product","3":"status-publish","4":"has-post-thumbnail","6":"product_cat-sachbuecher-dokumentationen","7":"pa_autor-modica","8":"pa_erscheinungsjahr-21591","9":"pa_region-frankreich","10":"pa_sprache-fr","12":"first","13":"instock","14":"taxable","15":"shipping-taxable","16":"purchasable","17":"product-type-simple"},"_links":{"self":[{"href":"https:\/\/pizbube.ch\/en\/wp-json\/wp\/v2\/product\/150629","targetHints":{"allow":["GET"]}}],"collection":[{"href":"https:\/\/pizbube.ch\/en\/wp-json\/wp\/v2\/product"}],"about":[{"href":"https:\/\/pizbube.ch\/en\/wp-json\/wp\/v2\/types\/product"}],"wp:featuredmedia":[{"embeddable":true,"href":"https:\/\/pizbube.ch\/en\/wp-json\/wp\/v2\/media\/33953"}],"wp:attachment":[{"href":"https:\/\/pizbube.ch\/en\/wp-json\/wp\/v2\/media?parent=150629"}],"wp:term":[{"taxonomy":"product_brand","embeddable":true,"href":"https:\/\/pizbube.ch\/en\/wp-json\/wp\/v2\/product_brand?post=150629"},{"taxonomy":"product_cat","embeddable":true,"href":"https:\/\/pizbube.ch\/en\/wp-json\/wp\/v2\/product_cat?post=150629"},{"taxonomy":"product_tag","embeddable":true,"href":"https:\/\/pizbube.ch\/en\/wp-json\/wp\/v2\/product_tag?post=150629"}],"curies":[{"name":"wp","href":"https:\/\/api.w.org\/{rel}","templated":true}]}}