{"id":150631,"date":"2021-01-15T11:02:54","date_gmt":"2021-01-15T11:02:54","guid":{"rendered":"https:\/\/codengine3.ch\/?product=import-placeholder-for-201026"},"modified":"2021-10-20T10:23:38","modified_gmt":"2021-10-20T08:23:38","slug":"les-grands-aventures-de-lhimalaya-tome-2","status":"publish","type":"product","link":"https:\/\/pizbube.ch\/en\/shop\/les-grands-aventures-de-lhimalaya-tome-2\/","title":{"rendered":"Les grandes aventures de l`Himalaya (Tome 2)"},"content":{"rendered":"<p>Everest, Cho Oyu, Dhaulagiri, Orge<\/p>\n<p>Maurice Herzog \u00e9tait le chef de l&#8217;exp\u00e9dition fran\u00e7aise qui gravit l&#8217;Annapurna en 1950. Son livre Annapurna, premier 8 000, traduit en vingt-cinq langues, s&#8217;est vendu \u00e0 plus de 10 millions d&#8217;exemplaires.<\/p>\n<p>Maurice Herzog, qui s&#8217;\u00e9tait illustr\u00e9 dans la R\u00e9sistance, fut appel\u00e9 par le g\u00e9n\u00e9ral de Gaulle en 1958 aux fonctions de secr\u00e9taire d&#8217;Etat \u00e0 la jeunesse et aux Sports. Il fut d\u00e9put\u00e9 et maire de Chamonix pendant de nombreuses ann\u00e9es. Il est actuellement membre du Comit\u00e9 International Olympique et assure aupr\u00e8s de grands groupes industriels des missions internationales au plus haut niveau.<\/p>","protected":false},"excerpt":{"rendered":"<p>Everest, Cho Oyu, Dhaulagiri, Orge Maurice Herzog \u00e9tait le chef de l&#8217;exp\u00e9dition fran\u00e7aise qui gravit l&#8217;Annapurna en 1950. Son livre Annapurna, premier 8 000, traduit en vingt-cinq langues, s&#8217;est vendu \u00e0 plus de 10 millions d&#8217;exemplaires. Maurice Herzog, qui s&#8217;\u00e9tait illustr\u00e9 dans la R\u00e9sistance, fut appel\u00e9 par le g\u00e9n\u00e9ral de Gaulle en 1958 aux fonctions [&#8230;]\n","protected":false},"featured_media":159298,"template":"","meta":[],"product_brand":[],"product_cat":[21542],"product_tag":[],"class_list":{"0":"post-150631","1":"product","2":"type-product","3":"status-publish","4":"has-post-thumbnail","6":"product_cat-sachbuecher-dokumentationen","7":"pa_autor-herzog","8":"pa_erscheinungsjahr-22112","9":"pa_region-asien","10":"pa_sprache-fr","12":"first","13":"instock","14":"taxable","15":"shipping-taxable","16":"purchasable","17":"product-type-simple"},"_links":{"self":[{"href":"https:\/\/pizbube.ch\/en\/wp-json\/wp\/v2\/product\/150631","targetHints":{"allow":["GET"]}}],"collection":[{"href":"https:\/\/pizbube.ch\/en\/wp-json\/wp\/v2\/product"}],"about":[{"href":"https:\/\/pizbube.ch\/en\/wp-json\/wp\/v2\/types\/product"}],"wp:featuredmedia":[{"embeddable":true,"href":"https:\/\/pizbube.ch\/en\/wp-json\/wp\/v2\/media\/159298"}],"wp:attachment":[{"href":"https:\/\/pizbube.ch\/en\/wp-json\/wp\/v2\/media?parent=150631"}],"wp:term":[{"taxonomy":"product_brand","embeddable":true,"href":"https:\/\/pizbube.ch\/en\/wp-json\/wp\/v2\/product_brand?post=150631"},{"taxonomy":"product_cat","embeddable":true,"href":"https:\/\/pizbube.ch\/en\/wp-json\/wp\/v2\/product_cat?post=150631"},{"taxonomy":"product_tag","embeddable":true,"href":"https:\/\/pizbube.ch\/en\/wp-json\/wp\/v2\/product_tag?post=150631"}],"curies":[{"name":"wp","href":"https:\/\/api.w.org\/{rel}","templated":true}]}}