{"id":150640,"date":"2021-01-15T11:02:55","date_gmt":"2021-01-15T11:02:55","guid":{"rendered":"https:\/\/codengine3.ch\/?product=import-placeholder-for-201029"},"modified":"2021-01-15T11:02:59","modified_gmt":"2021-01-15T11:02:59","slug":"den-bergen-verfallen","status":"publish","type":"product","link":"https:\/\/pizbube.ch\/en\/shop\/den-bergen-verfallen\/","title":{"rendered":"Den Bergen verfallen"},"content":{"rendered":"<p>Dokumentation \u00fcber einen der f\u00e4higsten H\u00f6henbergsteiger. Kein Zeugnis hielt<br \/>\nbisher die grossartigen Abenteuer von Erhard Loretan fest. Nun hat er sich<br \/>\nentschlossen, \u00fcber die Erlebnisse zu berichten, die sein Leben pr\u00e4gen.<br \/>\nEntstanden ist das vorliegende Werk, das einen Einblick in seine Odyssee in<br \/>\ndie Senkrechte gew\u00e4hrt. Es nimmt den Leser auf einen packenden Streifzug durch<br \/>\ndie st\u00fcrmische Welt der Berge mit, denen Erhard Loretan verfallen ist.<\/p>","protected":false},"excerpt":{"rendered":"<p>Dokumentation \u00fcber einen der f\u00e4higsten H\u00f6henbergsteiger. Kein Zeugnis hielt bisher die grossartigen Abenteuer von Erhard Loretan fest. Nun hat er sich entschlossen, \u00fcber die Erlebnisse zu berichten, die sein Leben pr\u00e4gen. Entstanden ist das vorliegende Werk, das einen Einblick in seine Odyssee in die Senkrechte gew\u00e4hrt. Es nimmt den Leser auf einen packenden Streifzug durch [&#8230;]\n","protected":false},"featured_media":28180,"template":"","meta":[],"product_brand":[],"product_cat":[21542],"product_tag":[],"class_list":{"0":"post-150640","1":"product","2":"type-product","3":"status-publish","4":"has-post-thumbnail","6":"product_cat-sachbuecher-dokumentationen","7":"pa_autor-loretan","8":"pa_erscheinungsjahr-22133","9":"pa_region-schweiz","10":"pa_sprache-de","12":"first","13":"outofstock","14":"taxable","15":"shipping-taxable","16":"purchasable","17":"product-type-simple"},"_links":{"self":[{"href":"https:\/\/pizbube.ch\/en\/wp-json\/wp\/v2\/product\/150640","targetHints":{"allow":["GET"]}}],"collection":[{"href":"https:\/\/pizbube.ch\/en\/wp-json\/wp\/v2\/product"}],"about":[{"href":"https:\/\/pizbube.ch\/en\/wp-json\/wp\/v2\/types\/product"}],"wp:featuredmedia":[{"embeddable":true,"href":"https:\/\/pizbube.ch\/en\/wp-json\/wp\/v2\/media\/28180"}],"wp:attachment":[{"href":"https:\/\/pizbube.ch\/en\/wp-json\/wp\/v2\/media?parent=150640"}],"wp:term":[{"taxonomy":"product_brand","embeddable":true,"href":"https:\/\/pizbube.ch\/en\/wp-json\/wp\/v2\/product_brand?post=150640"},{"taxonomy":"product_cat","embeddable":true,"href":"https:\/\/pizbube.ch\/en\/wp-json\/wp\/v2\/product_cat?post=150640"},{"taxonomy":"product_tag","embeddable":true,"href":"https:\/\/pizbube.ch\/en\/wp-json\/wp\/v2\/product_tag?post=150640"}],"curies":[{"name":"wp","href":"https:\/\/api.w.org\/{rel}","templated":true}]}}