{"id":150641,"date":"2021-01-15T11:02:55","date_gmt":"2021-01-15T11:02:55","guid":{"rendered":"https:\/\/codengine3.ch\/?product=import-placeholder-for-205486"},"modified":"2021-08-02T17:46:53","modified_gmt":"2021-08-02T15:46:53","slug":"norbert-joos","status":"publish","type":"product","link":"https:\/\/pizbube.ch\/en\/shop\/norbert-joos\/","title":{"rendered":"Norbert Joos"},"content":{"rendered":"<p>Auf die h\u00f6chsten Berge der Welt<\/p>\n<p>Norbert Joos ist einer der erfolgreichsten Schweizer H\u00f6henbergsteiger!<br \/>\nTeilweise auf spektakul\u00e4ren Routen und immer ohne k\u00fcnstlichen Sauerstoff hat<br \/>\ner die Gipfel von dreizehn Achttausendern erreicht. Sein Ziel, alle 14<br \/>\nAchttausender ohne Sauerstoff zu besteigen, gibt er 2008 nach dem sechsten<br \/>\nVersuch am Everest auf -&#8218;weil das Leben zu sch\u00f6n ist, um es aufs Spiel zu<br \/>\nsetzen&#8216;.<\/p>\n<p>Seine Biografie erz\u00e4hlt von den H\u00f6hepunkten und R\u00fcckschl\u00e4gen eines<br \/>\nBergsteigerlebens. Gespr\u00e4che, die Karin Steinbach Tarnutzer mit bekannten<br \/>\nH\u00f6henbergsteigern, Tourenpartnern sowie der Familie gef\u00fchrt hat, n\u00e4hern sich<br \/>\nder Pers\u00f6nlichkeit Noppas aus unterschiedlichen Perspektiven und lassen ein<br \/>\nauthentisches Bild des sympathischen B\u00fcndners entstehen.<\/p>\n<p>Norbert Joos ist noch keine zwanzig Jahre alt, als er mit den Nordw\u00e4nden von<br \/>\nMatterhorn, Eiger und Grandes Jorasses bereits die drei gro\u00dfen Nordw\u00e4nde der<br \/>\nAlpen bestiegen hat. Sein erster Achttausender gelingt ihm 1982 mit dem Nanga<br \/>\nParbat. Zwei Jahre sp\u00e4ter macht er mit der ersten \u00dcberschreitung der Annapurna<br \/>\nim Alpinstil, die ihm gemeinsam mit Erhard Loretan gl\u00fcckt, auch international<br \/>\nauf sich aufmerksam. 1985 sind er und Marcel R\u00fcedi die ersten Schweizer auf<br \/>\ndem K2, 1987 besteigt er den Broad Peak im Alleingang. Dabei ist er immer ohne<br \/>\nk\u00fcnstlichen Sauerstoff unterwegs, weil nur das seinen sportlichen Ehrgeiz<br \/>\nbefriedigt und f\u00fcr ihn eine ehrliche Auseinandersetzung mit dem Berg bedeutet.<\/p>","protected":false},"excerpt":{"rendered":"<p>Auf die h\u00f6chsten Berge der Welt Norbert Joos ist einer der erfolgreichsten Schweizer H\u00f6henbergsteiger! Teilweise auf spektakul\u00e4ren Routen und immer ohne k\u00fcnstlichen Sauerstoff hat er die Gipfel von dreizehn Achttausendern erreicht. Sein Ziel, alle 14 Achttausender ohne Sauerstoff zu besteigen, gibt er 2008 nach dem sechsten Versuch am Everest auf -&#8218;weil das Leben zu sch\u00f6n [&#8230;]\n","protected":false},"featured_media":34210,"template":"","meta":[],"product_brand":[],"product_cat":[21542],"product_tag":[],"class_list":{"0":"post-150641","1":"product","2":"type-product","3":"status-publish","4":"has-post-thumbnail","6":"product_cat-sachbuecher-dokumentationen","7":"pa_autor-steinbach-tarnutzer-schmid","8":"pa_erscheinungsjahr-21591","9":"pa_region-schweiz","10":"pa_sprache-de","12":"first","13":"onbackorder","14":"taxable","15":"shipping-taxable","16":"purchasable","17":"product-type-simple"},"_links":{"self":[{"href":"https:\/\/pizbube.ch\/en\/wp-json\/wp\/v2\/product\/150641","targetHints":{"allow":["GET"]}}],"collection":[{"href":"https:\/\/pizbube.ch\/en\/wp-json\/wp\/v2\/product"}],"about":[{"href":"https:\/\/pizbube.ch\/en\/wp-json\/wp\/v2\/types\/product"}],"wp:featuredmedia":[{"embeddable":true,"href":"https:\/\/pizbube.ch\/en\/wp-json\/wp\/v2\/media\/34210"}],"wp:attachment":[{"href":"https:\/\/pizbube.ch\/en\/wp-json\/wp\/v2\/media?parent=150641"}],"wp:term":[{"taxonomy":"product_brand","embeddable":true,"href":"https:\/\/pizbube.ch\/en\/wp-json\/wp\/v2\/product_brand?post=150641"},{"taxonomy":"product_cat","embeddable":true,"href":"https:\/\/pizbube.ch\/en\/wp-json\/wp\/v2\/product_cat?post=150641"},{"taxonomy":"product_tag","embeddable":true,"href":"https:\/\/pizbube.ch\/en\/wp-json\/wp\/v2\/product_tag?post=150641"}],"curies":[{"name":"wp","href":"https:\/\/api.w.org\/{rel}","templated":true}]}}