{"id":150642,"date":"2021-01-15T11:02:55","date_gmt":"2021-01-15T11:02:55","guid":{"rendered":"https:\/\/codengine3.ch\/?product=import-placeholder-for-205598"},"modified":"2021-01-15T14:42:27","modified_gmt":"2021-01-15T14:42:27","slug":"marcel-rueedi-zehn-achttausender-dank-gerda","status":"publish","type":"product","link":"https:\/\/pizbube.ch\/en\/shop\/marcel-rueedi-zehn-achttausender-dank-gerda\/","title":{"rendered":"Marcel R\u00fcedi &#8211; Zehn Achttausender dank Gerda"},"content":{"rendered":"<p>Ein Winterthurer im Himalaja  <\/p>\n<p>Marcel R\u00fcedi, Metzgermeister aus Winterthur, war in den achtziger Jahren einer<br \/>\nder erfolgreichsten Schweizer H\u00f6henbergsteiger.  <\/p>\n<p>Er stand als erster Schweizer &#8211; gemeinsam mit Norbert Joos &#8211; auf dem K2 und<br \/>\nschaffte es 1983\/84 in nur zw\u00f6lf Monaten auf f\u00fcnf Achttausendergipfel des<br \/>\nHimalaja. 1986, beim Abstieg vom Makalu, seinem zehnten Achttausender,<br \/>\nverungl\u00fcckte R\u00fcedi t\u00f6dlich. Das vorliegende Buch erz\u00e4hlt die Geschichte seiner<br \/>\nAbenteuer, basierend auf den Tageb\u00fcchern des Winterthurers und den<br \/>\nErinnerungen seiner Familie und Freunde, eingebettet in den Kontext seiner<br \/>\nLebensumst\u00e4nde als selbst\u00e4ndiger Unter-nehmer und Berg-Amateur.  <\/p>","protected":false},"excerpt":{"rendered":"<p>Ein Winterthurer im Himalaja Marcel R\u00fcedi, Metzgermeister aus Winterthur, war in den achtziger Jahren einer der erfolgreichsten Schweizer H\u00f6henbergsteiger. Er stand als erster Schweizer &#8211; gemeinsam mit Norbert Joos &#8211; auf dem K2 und schaffte es 1983\/84 in nur zw\u00f6lf Monaten auf f\u00fcnf Achttausendergipfel des Himalaja. 1986, beim Abstieg vom Makalu, seinem zehnten Achttausender, verungl\u00fcckte [&#8230;]\n","protected":false},"featured_media":34372,"template":"","meta":[],"product_brand":[],"product_cat":[21542],"product_tag":[],"class_list":{"0":"post-150642","1":"product","2":"type-product","3":"status-publish","4":"has-post-thumbnail","6":"product_cat-sachbuecher-dokumentationen","7":"pa_autor-jacquemart","8":"pa_erscheinungsjahr-21693","9":"pa_region-schweiz","10":"pa_sprache-de","12":"first","13":"outofstock","14":"taxable","15":"shipping-taxable","16":"purchasable","17":"product-type-simple"},"_links":{"self":[{"href":"https:\/\/pizbube.ch\/en\/wp-json\/wp\/v2\/product\/150642","targetHints":{"allow":["GET"]}}],"collection":[{"href":"https:\/\/pizbube.ch\/en\/wp-json\/wp\/v2\/product"}],"about":[{"href":"https:\/\/pizbube.ch\/en\/wp-json\/wp\/v2\/types\/product"}],"wp:featuredmedia":[{"embeddable":true,"href":"https:\/\/pizbube.ch\/en\/wp-json\/wp\/v2\/media\/34372"}],"wp:attachment":[{"href":"https:\/\/pizbube.ch\/en\/wp-json\/wp\/v2\/media?parent=150642"}],"wp:term":[{"taxonomy":"product_brand","embeddable":true,"href":"https:\/\/pizbube.ch\/en\/wp-json\/wp\/v2\/product_brand?post=150642"},{"taxonomy":"product_cat","embeddable":true,"href":"https:\/\/pizbube.ch\/en\/wp-json\/wp\/v2\/product_cat?post=150642"},{"taxonomy":"product_tag","embeddable":true,"href":"https:\/\/pizbube.ch\/en\/wp-json\/wp\/v2\/product_tag?post=150642"}],"curies":[{"name":"wp","href":"https:\/\/api.w.org\/{rel}","templated":true}]}}