{"id":150643,"date":"2021-01-15T11:02:55","date_gmt":"2021-01-15T11:02:55","guid":{"rendered":"https:\/\/codengine3.ch\/?product=import-placeholder-for-206736"},"modified":"2024-07-27T14:05:43","modified_gmt":"2024-07-27T12:05:43","slug":"erhard-loretan-ein-leben-am-abgrund","status":"publish","type":"product","link":"https:\/\/pizbube.ch\/en\/shop\/erhard-loretan-ein-leben-am-abgrund\/","title":{"rendered":"Erhard Loretan &#8211; Ein Leben am Abgrund"},"content":{"rendered":"<p>Der Apfelbaum vor seinem Elternhaus war der erste Lehrmeister f\u00fcr den<br \/>\nsiebenj\u00e4hrigen Erhard Loretan. An ihm lernte er alles \u00fcber das Klettern, die<br \/>\nGriffe, das Risiko und die Tiefe. Er war schneller, besser und z\u00e4her als die<br \/>\nanderen, schon hier zeigte sich seine geniale Begabung. Bereits mit 11 Jahren<br \/>\nbestieg er den 1848 Meter hohen Dent de Broc. Mit 18 Jahren konnte er schon<br \/>\neine beeindruckende Anzahl von extremen Routen in seinem Tourenbuch vermerken,<br \/>\nwie z.B. die Matterhorn-Nordwand.<\/p>\n<p>1981 erhielt er das Schweizer Bergf\u00fchrer-Diplom.Ber\u00fchmt wurde er durch seine<br \/>\nunglaubliche Kondition und Z\u00e4higkeit. Seine Taktik war, m\u00f6glichst schnell, mit<br \/>\nso gut wie keinem Gep\u00e4ck unterwegs zu sein. Legend\u00e4r sein Auf- und Abstieg des<br \/>\nMount Everest in weniger als 40 Stunden. 1995 bestieg er mit dem<br \/>\nKangchendz\u00f6nga seinen 14. Achttausender und war damit nach Reinhold Messner<br \/>\nund Jerzy Kukuczka der 3. Mensch \u00fcberhaupt, dem dieses gelang.Ber\u00fchmt ist auch<br \/>\nseine langj\u00e4hrige Lebensgef\u00e4hrtin Nicole Niquille. Mit ihr begab er sich auf<br \/>\nseine Everest-Expedition und versuchte 1985 den K2 zu besteigen.<\/p>\n<p>Es traf ihn sehr, als er erfahren musste, dass die begnadete Bergsteigerin<br \/>\n1994 beim Pilzesammeln von einem Kiesel getroffen wurde und seitdem gel\u00e4hmt<br \/>\nist.2001 ereignete sich seine gr\u00f6sste Trag\u00f6die. Als am Weihnachtsabend sein 7<br \/>\nMonate alter Sohn nicht zu schreien aufh\u00f6rte, sch\u00fcttelte er ihn mehrere<br \/>\nSekunden und l\u00f6ste damit ein Sch\u00fctteltrauma aus, woran der Junge wenige<br \/>\nStunden sp\u00e4ter starb. Erhard Loretan wurde verurteilt und sagte vor Gericht:<br \/>\n\u00abDie Strafe, die Sie mir auferlegen, ist kein Vergleich zu dem, was ich bis<br \/>\nzum Ende meiner Tage mit mir trage.\u00bb<\/p>\n<p>Er trug seine Schuld bis zum 28. April 2011, seinem 52. Geburtstag. Am<br \/>\nGr\u00fcnhorn verlor er den Halt im Fels und wurde in den Tod gerissen, seine<br \/>\nFreundin \u00fcberlebte schwer verletzt. Charlie Buffet beschreibt das Leben seines<br \/>\nProtagonisten auf respektvolle und feinf\u00fchlige Weise, genau so wie es dem<br \/>\nzur\u00fcckhaltenden Erhard Loretan entsprochen h\u00e4tte.<\/p>","protected":false},"excerpt":{"rendered":"<p>Der Apfelbaum vor seinem Elternhaus war der erste Lehrmeister f\u00fcr den siebenj\u00e4hrigen Erhard Loretan. An ihm lernte er alles \u00fcber das Klettern, die Griffe, das Risiko und die Tiefe. Er war schneller, besser und z\u00e4her als die anderen, schon hier zeigte sich seine geniale Begabung. Bereits mit 11 Jahren bestieg er den 1848 Meter hohen [&#8230;]\n","protected":false},"featured_media":174099,"template":"","meta":[],"product_brand":[],"product_cat":[21542],"product_tag":[],"class_list":{"0":"post-150643","1":"product","2":"type-product","3":"status-publish","4":"has-post-thumbnail","6":"product_cat-sachbuecher-dokumentationen","7":"pa_autor-buffet","8":"pa_erscheinungsjahr-21550","9":"pa_region-schweiz","10":"pa_sprache-de","12":"first","13":"instock","14":"taxable","15":"shipping-taxable","16":"purchasable","17":"product-type-simple"},"_links":{"self":[{"href":"https:\/\/pizbube.ch\/en\/wp-json\/wp\/v2\/product\/150643","targetHints":{"allow":["GET"]}}],"collection":[{"href":"https:\/\/pizbube.ch\/en\/wp-json\/wp\/v2\/product"}],"about":[{"href":"https:\/\/pizbube.ch\/en\/wp-json\/wp\/v2\/types\/product"}],"wp:featuredmedia":[{"embeddable":true,"href":"https:\/\/pizbube.ch\/en\/wp-json\/wp\/v2\/media\/174099"}],"wp:attachment":[{"href":"https:\/\/pizbube.ch\/en\/wp-json\/wp\/v2\/media?parent=150643"}],"wp:term":[{"taxonomy":"product_brand","embeddable":true,"href":"https:\/\/pizbube.ch\/en\/wp-json\/wp\/v2\/product_brand?post=150643"},{"taxonomy":"product_cat","embeddable":true,"href":"https:\/\/pizbube.ch\/en\/wp-json\/wp\/v2\/product_cat?post=150643"},{"taxonomy":"product_tag","embeddable":true,"href":"https:\/\/pizbube.ch\/en\/wp-json\/wp\/v2\/product_tag?post=150643"}],"curies":[{"name":"wp","href":"https:\/\/api.w.org\/{rel}","templated":true}]}}