{"id":150648,"date":"2021-01-15T11:02:55","date_gmt":"2021-01-15T11:02:55","guid":{"rendered":"https:\/\/codengine3.ch\/?product=import-placeholder-for-201031"},"modified":"2024-01-30T09:15:42","modified_gmt":"2024-01-30T08:15:42","slug":"berg-heil-heile-berge","status":"publish","type":"product","link":"https:\/\/pizbube.ch\/en\/shop\/berg-heil-heile-berge\/","title":{"rendered":"Berg heil- heile Berge?"},"content":{"rendered":"<p>Diskussionen zur &#8218;Rettung&#8216; der Alpen<\/p>\n<p>Mit seinem Buch \u00fcbernimmt Messner Verantwortung f\u00fcr das Dilemma, in dem die<br \/>\nAlpinistik steckt. Diese Haltung berechtigt ihn aber zugleich, seine Kritik an<br \/>\njenen zu formulieren, die schonungslos die Bergregion f\u00fcr die Funsport-<br \/>\nGemeinde ausbeuten. Er zeigt Fehler in der Entwicklung auf und stellt seine<br \/>\nVorschl\u00e4ge zum Befriedung der H\u00f6hen zur Diskussion: Verzichten soll der Mensch<br \/>\nin den Bergen auf Hilfsmittel, die ihn glauben machen, er k\u00f6nne die Natur<br \/>\nbeherrschen, so auf Handy und Helikopter. Verzichten soll er auf Touren, die<br \/>\ner mit seiner Kondition und entsprechendem (einfachen) Ger\u00e4t nicht bew\u00e4ltigen<br \/>\nkann. Verzichten soll er auf Wochenend-Trips, die fl\u00fcchtigen Ruhm und kurzes<br \/>\nVergn\u00fcgen versprechen. &#8218;Wir m\u00fcssen lernen, uns einzuschr\u00e4nken, weil wir so<br \/>\nviele geworden sind&#8216;, so der Autor. Sein &#8218;Rettet die Alpen&#8216; ist von der<br \/>\nHoffnung getragen, die Urlandschaften dieser Erde wieder mit den fundamentalen<br \/>\nWerten Weite, Stille und Erhabenheit zu f\u00fcllen &#8211; zum Wohle der Menschen. Berg<br \/>\nHeil &#8211; Heile Berge? Zeigt die Welt der Alpen gestern und heute. Ausge-<br \/>\nzeichnete, enttarnende Fotos dokumentieren die beiden Gesichter der Bergwelt:<br \/>\ndas Faszinierende und zu Bewahrende und die gnadenlose Zerst\u00f6rung der<br \/>\nRegionen.<\/p>","protected":false},"excerpt":{"rendered":"<p>Diskussionen zur &#8218;Rettung&#8216; der Alpen Mit seinem Buch \u00fcbernimmt Messner Verantwortung f\u00fcr das Dilemma, in dem die Alpinistik steckt. Diese Haltung berechtigt ihn aber zugleich, seine Kritik an jenen zu formulieren, die schonungslos die Bergregion f\u00fcr die Funsport- Gemeinde ausbeuten. Er zeigt Fehler in der Entwicklung auf und stellt seine Vorschl\u00e4ge zum Befriedung der H\u00f6hen [&#8230;]\n","protected":false},"featured_media":28182,"template":"","meta":[],"product_brand":[],"product_cat":[21542],"product_tag":[],"class_list":{"0":"post-150648","1":"product","2":"type-product","3":"status-publish","4":"has-post-thumbnail","6":"product_cat-sachbuecher-dokumentationen","7":"pa_autor-messner","8":"pa_erscheinungsjahr-22133","9":"pa_region-deutschland","10":"pa_sprache-de","12":"first","13":"outofstock","14":"taxable","15":"shipping-taxable","16":"purchasable","17":"product-type-simple"},"_links":{"self":[{"href":"https:\/\/pizbube.ch\/en\/wp-json\/wp\/v2\/product\/150648","targetHints":{"allow":["GET"]}}],"collection":[{"href":"https:\/\/pizbube.ch\/en\/wp-json\/wp\/v2\/product"}],"about":[{"href":"https:\/\/pizbube.ch\/en\/wp-json\/wp\/v2\/types\/product"}],"wp:featuredmedia":[{"embeddable":true,"href":"https:\/\/pizbube.ch\/en\/wp-json\/wp\/v2\/media\/28182"}],"wp:attachment":[{"href":"https:\/\/pizbube.ch\/en\/wp-json\/wp\/v2\/media?parent=150648"}],"wp:term":[{"taxonomy":"product_brand","embeddable":true,"href":"https:\/\/pizbube.ch\/en\/wp-json\/wp\/v2\/product_brand?post=150648"},{"taxonomy":"product_cat","embeddable":true,"href":"https:\/\/pizbube.ch\/en\/wp-json\/wp\/v2\/product_cat?post=150648"},{"taxonomy":"product_tag","embeddable":true,"href":"https:\/\/pizbube.ch\/en\/wp-json\/wp\/v2\/product_tag?post=150648"}],"curies":[{"name":"wp","href":"https:\/\/api.w.org\/{rel}","templated":true}]}}