{"id":150649,"date":"2021-01-15T11:02:55","date_gmt":"2021-01-15T11:02:55","guid":{"rendered":"https:\/\/codengine3.ch\/?product=import-placeholder-for-205048"},"modified":"2021-01-15T14:38:18","modified_gmt":"2021-01-15T14:38:18","slug":"landschaften-und-lebensraeume-der-alpen","status":"publish","type":"product","link":"https:\/\/pizbube.ch\/en\/shop\/landschaften-und-lebensraeume-der-alpen\/","title":{"rendered":"Landschaften und Lebensr\u00e4ume der Alpen"},"content":{"rendered":"<p>Zwischen Wertsch\u00f6pfung und Wertsch\u00e4tzung  <\/p>\n<p>Die Alpenlandschaften der Schweiz sind nicht nur Wohn- und Lebensraum f\u00fcr<br \/>\neineinhalb Millionen Menschen und nat\u00fcrliche Ressource f\u00fcr die alpine Land-<br \/>\nund Forstwirtschaft. Sie sind auch eine wesentliche Grundlage f\u00fcr den<br \/>\nTourismus und generell ein zentrales Element der Marke &#8218;Schweiz&#8216;, Quelle f\u00fcr<br \/>\nIdentit\u00e4t und Heimatgef\u00fchl und ein Hot Spot der Biodiversit\u00e4t. Um<br \/>\nsicherzustellen, dass die alpinen Landschaften und Lebensr\u00e4ume die<br \/>\nvielf\u00e4ltigen Anspr\u00fcche, die an sie gestellt werden, auch k\u00fcnftig erf\u00fcllen<br \/>\nk\u00f6nnen, muss ihnen deutlich mehr Aufmerksamkeit zuteilwerden. Sie sind nicht<br \/>\nl\u00e4nger als selbstverst\u00e4ndliches Nebenprodukt der verschiedenen Nutzungen zu<br \/>\nbetrachten, sondern als eines der Hauptprodukte des Alpenraumes, das<br \/>\nentsprechend zu behandeln ist. Dies verlangt eine r\u00e4umliche Strategie, die auf<br \/>\nden Potenzialen der Regionen aufbaut, und damit eine Abkehr vom &#8218;\u00fcberall<br \/>\nalles&#8216;. Gefordert ist auch mehr Koh\u00e4renz in der Landschaftspolitik auf allen<br \/>\nEbenen, eine st\u00e4rkere Verkn\u00fcpfung \u00f6ffentlicher Transfergelder mit Leistungen<br \/>\nzugunsten von Kollektivg\u00fctern, aber auch ein neues Verst\u00e4ndnis der Solidarit\u00e4t<br \/>\nzwischen dem Alpenraum und den urbanen Gebieten. Auf der Basis des Nationalen<br \/>\nForschungsprogramms 48 &#8218;Landschaften und Lebensr\u00e4ume der Alpen&#8216; (NFP 48)<br \/>\nreflektiert das Buch Voraussetzungen und Anforderungen f\u00fcr eine nachhaltige<br \/>\nLandschaftsentwicklung im schweizerischen Alpenraum und vermittelt<br \/>\nDenkanst\u00f6sse und Empfehlungen f\u00fcr Politik und Praxis.  <\/p>\n<p>Mit umfangreicher Literaturliste zu den Projekten des NFP 48 sowie einer<br \/>\nentsprechenden CD.  <\/p>","protected":false},"excerpt":{"rendered":"<p>Zwischen Wertsch\u00f6pfung und Wertsch\u00e4tzung Die Alpenlandschaften der Schweiz sind nicht nur Wohn- und Lebensraum f\u00fcr eineinhalb Millionen Menschen und nat\u00fcrliche Ressource f\u00fcr die alpine Land- und Forstwirtschaft. Sie sind auch eine wesentliche Grundlage f\u00fcr den Tourismus und generell ein zentrales Element der Marke &#8218;Schweiz&#8216;, Quelle f\u00fcr Identit\u00e4t und Heimatgef\u00fchl und ein Hot Spot der Biodiversit\u00e4t. [&#8230;]\n","protected":false},"featured_media":33641,"template":"","meta":[],"product_brand":[],"product_cat":[21542],"product_tag":[],"class_list":{"0":"post-150649","1":"product","2":"type-product","3":"status-publish","4":"has-post-thumbnail","6":"product_cat-sachbuecher-dokumentationen","7":"pa_autor-lehmann-steiger-weber","8":"pa_erscheinungsjahr-21842","9":"pa_region-schweiz","10":"pa_sprache-de","12":"first","13":"instock","14":"taxable","15":"shipping-taxable","16":"purchasable","17":"product-type-simple"},"_links":{"self":[{"href":"https:\/\/pizbube.ch\/en\/wp-json\/wp\/v2\/product\/150649","targetHints":{"allow":["GET"]}}],"collection":[{"href":"https:\/\/pizbube.ch\/en\/wp-json\/wp\/v2\/product"}],"about":[{"href":"https:\/\/pizbube.ch\/en\/wp-json\/wp\/v2\/types\/product"}],"wp:featuredmedia":[{"embeddable":true,"href":"https:\/\/pizbube.ch\/en\/wp-json\/wp\/v2\/media\/33641"}],"wp:attachment":[{"href":"https:\/\/pizbube.ch\/en\/wp-json\/wp\/v2\/media?parent=150649"}],"wp:term":[{"taxonomy":"product_brand","embeddable":true,"href":"https:\/\/pizbube.ch\/en\/wp-json\/wp\/v2\/product_brand?post=150649"},{"taxonomy":"product_cat","embeddable":true,"href":"https:\/\/pizbube.ch\/en\/wp-json\/wp\/v2\/product_cat?post=150649"},{"taxonomy":"product_tag","embeddable":true,"href":"https:\/\/pizbube.ch\/en\/wp-json\/wp\/v2\/product_tag?post=150649"}],"curies":[{"name":"wp","href":"https:\/\/api.w.org\/{rel}","templated":true}]}}