{"id":150650,"date":"2021-01-15T11:02:55","date_gmt":"2021-01-15T11:02:55","guid":{"rendered":"https:\/\/codengine3.ch\/?product=import-placeholder-for-203846"},"modified":"2021-04-07T14:34:54","modified_gmt":"2021-04-07T12:34:54","slug":"fuer-und-wider-wildnis","status":"publish","type":"product","link":"https:\/\/pizbube.ch\/en\/shop\/fuer-und-wider-wildnis\/","title":{"rendered":"F\u00fcr und wider Wildnis"},"content":{"rendered":"<p>Die land- und forstwirtschaftliche Produktion ist l\u00e4ngst nicht mehr \u00fcberall<br \/>\nrentabel. Staatliche Subventionen werden gek\u00fcrzt, Naturschutzverb\u00e4nde<br \/>\npl\u00e4dieren f\u00fcr den unterlassenden Naturschutz und die Einrichtung neuer Schutz-<br \/>\nund Wildnisgebiete.<\/p>\n<p>Es muss nun also entschieden werden, welche Fl\u00e4chen weiter<br \/>\nbewirtschaftet und welche aufgegeben und der Verwilderung \u00fcberlassen werden.<br \/>\nIn diesem Zusammenhang wird seit einiger Zeit in der Schweiz vermehrt \u00fcber<br \/>\nWildnis diskutiert. Vor dem Hintergrund dieser Debatte untersucht die Autorin<br \/>\ndie Einstellungen der Schweizer Bev\u00f6lkerung zu Natur, Wildnis und<br \/>\nVerwilderung.<\/p>","protected":false},"excerpt":{"rendered":"<p>Die land- und forstwirtschaftliche Produktion ist l\u00e4ngst nicht mehr \u00fcberall rentabel. Staatliche Subventionen werden gek\u00fcrzt, Naturschutzverb\u00e4nde pl\u00e4dieren f\u00fcr den unterlassenden Naturschutz und die Einrichtung neuer Schutz- und Wildnisgebiete. Es muss nun also entschieden werden, welche Fl\u00e4chen weiter bewirtschaftet und welche aufgegeben und der Verwilderung \u00fcberlassen werden. In diesem Zusammenhang wird seit einiger Zeit in der [&#8230;]\n","protected":false},"featured_media":31540,"template":"","meta":[],"product_brand":[],"product_cat":[21542],"product_tag":[],"class_list":{"0":"post-150650","1":"product","2":"type-product","3":"status-publish","4":"has-post-thumbnail","6":"product_cat-sachbuecher-dokumentationen","7":"pa_autor-bauer","8":"pa_erscheinungsjahr-21776","9":"pa_region-schweiz","10":"pa_sprache-de","12":"first","13":"onbackorder","14":"taxable","15":"shipping-taxable","16":"purchasable","17":"product-type-simple"},"_links":{"self":[{"href":"https:\/\/pizbube.ch\/en\/wp-json\/wp\/v2\/product\/150650","targetHints":{"allow":["GET"]}}],"collection":[{"href":"https:\/\/pizbube.ch\/en\/wp-json\/wp\/v2\/product"}],"about":[{"href":"https:\/\/pizbube.ch\/en\/wp-json\/wp\/v2\/types\/product"}],"wp:featuredmedia":[{"embeddable":true,"href":"https:\/\/pizbube.ch\/en\/wp-json\/wp\/v2\/media\/31540"}],"wp:attachment":[{"href":"https:\/\/pizbube.ch\/en\/wp-json\/wp\/v2\/media?parent=150650"}],"wp:term":[{"taxonomy":"product_brand","embeddable":true,"href":"https:\/\/pizbube.ch\/en\/wp-json\/wp\/v2\/product_brand?post=150650"},{"taxonomy":"product_cat","embeddable":true,"href":"https:\/\/pizbube.ch\/en\/wp-json\/wp\/v2\/product_cat?post=150650"},{"taxonomy":"product_tag","embeddable":true,"href":"https:\/\/pizbube.ch\/en\/wp-json\/wp\/v2\/product_tag?post=150650"}],"curies":[{"name":"wp","href":"https:\/\/api.w.org\/{rel}","templated":true}]}}