{"id":150651,"date":"2021-01-15T11:02:56","date_gmt":"2021-01-15T11:02:56","guid":{"rendered":"https:\/\/codengine3.ch\/?product=import-placeholder-for-204983"},"modified":"2021-01-15T14:37:46","modified_gmt":"2021-01-15T14:37:46","slug":"den-wert-der-alpenlandschaften-nutzen","status":"publish","type":"product","link":"https:\/\/pizbube.ch\/en\/shop\/den-wert-der-alpenlandschaften-nutzen\/","title":{"rendered":"Den Wert der Alpenlandschaften nutzen"},"content":{"rendered":"<p>Thematische Synthese zum Forschungsschwerpunkt IV &#8218;Raumnutzung und<br \/>\nWertsch\u00f6pfung&#8216;  <\/p>\n<p>Wie k\u00f6nnen wir den Wert der Alpenlandschaften nutzen? Die thematische Synthese<br \/>\nIV befasst sich mit den \u00f6konomischen Aspekten der Nutzung des Alpenraums: Was<br \/>\nsind die Alpenlandschaften wert, und wie kann dieser Wert in Einkommen<br \/>\numgesetzt werden? Wie k\u00f6nnen die alpinen Landschaften wirtschaftlich am besten<br \/>\ngenutzt werden, und was ist dabei aus Sicht der Nachhaltigkeit zu<br \/>\nber\u00fccksichtigen? \u00dcber ein Dutzend Forschungsprojekte haben zu diesen Themen ?<br \/>\nund zum Teil weit dar\u00fcber hinaus ?-vielf\u00e4ltige und innovative Beitr\u00e4ge<br \/>\ngeleistet, die hier zusammengefasst und verdichtet werden.  <\/p>\n<p>Antworten auf provokative Fragen:<br \/>\nJedes Kapitel beginnt mit einem Fragenkatalog, in dem provokative Thesen<br \/>\nformuliert werden, die am Schluss des Kapitels wieder aufgegriffen und<br \/>\nbeantwortet werden. Zum Beispiel:  <\/p>\n<p>Wie viel w\u00e4ren die Bewohnerinnen und Bewohner des Mittellandes bereit f\u00fcr die<br \/>\nBewahrung des Alpenraumes zu zahlen?<br \/>\nLebt der Alpenraum \u00fcberwiegend von Subventionen und dem Finanzausgleich aus<br \/>\nder \u00fcbrigen Schweiz?<br \/>\nIst das Angebot \u00f6ffentlicher Dienstleistungen (&#8218;Service public&#8216;) f\u00fcr<br \/>\nUnternehmen und Bev\u00f6lkerung im Alpenraum ein entscheidender Standortfaktor?<br \/>\nLebt die alpine Landwirtschaft k\u00fcnftig ausschliesslich von Abgeltungen f\u00fcr die<br \/>\nLandschaftsg\u00e4rtnerei?<\/p>","protected":false},"excerpt":{"rendered":"<p>Thematische Synthese zum Forschungsschwerpunkt IV &#8218;Raumnutzung und Wertsch\u00f6pfung&#8216; Wie k\u00f6nnen wir den Wert der Alpenlandschaften nutzen? Die thematische Synthese IV befasst sich mit den \u00f6konomischen Aspekten der Nutzung des Alpenraums: Was sind die Alpenlandschaften wert, und wie kann dieser Wert in Einkommen umgesetzt werden? Wie k\u00f6nnen die alpinen Landschaften wirtschaftlich am besten genutzt werden, und [&#8230;]\n","protected":false},"featured_media":33553,"template":"","meta":[],"product_brand":[],"product_cat":[21542],"product_tag":[],"class_list":{"0":"post-150651","1":"product","2":"type-product","3":"status-publish","4":"has-post-thumbnail","6":"product_cat-sachbuecher-dokumentationen","7":"pa_autor-simmen-walter-marti","8":"pa_erscheinungsjahr-21763","9":"pa_region-schweiz","10":"pa_sprache-de","12":"first","13":"instock","14":"taxable","15":"shipping-taxable","16":"purchasable","17":"product-type-simple"},"_links":{"self":[{"href":"https:\/\/pizbube.ch\/en\/wp-json\/wp\/v2\/product\/150651","targetHints":{"allow":["GET"]}}],"collection":[{"href":"https:\/\/pizbube.ch\/en\/wp-json\/wp\/v2\/product"}],"about":[{"href":"https:\/\/pizbube.ch\/en\/wp-json\/wp\/v2\/types\/product"}],"wp:featuredmedia":[{"embeddable":true,"href":"https:\/\/pizbube.ch\/en\/wp-json\/wp\/v2\/media\/33553"}],"wp:attachment":[{"href":"https:\/\/pizbube.ch\/en\/wp-json\/wp\/v2\/media?parent=150651"}],"wp:term":[{"taxonomy":"product_brand","embeddable":true,"href":"https:\/\/pizbube.ch\/en\/wp-json\/wp\/v2\/product_brand?post=150651"},{"taxonomy":"product_cat","embeddable":true,"href":"https:\/\/pizbube.ch\/en\/wp-json\/wp\/v2\/product_cat?post=150651"},{"taxonomy":"product_tag","embeddable":true,"href":"https:\/\/pizbube.ch\/en\/wp-json\/wp\/v2\/product_tag?post=150651"}],"curies":[{"name":"wp","href":"https:\/\/api.w.org\/{rel}","templated":true}]}}