{"id":150652,"date":"2021-01-15T11:02:56","date_gmt":"2021-01-15T11:02:56","guid":{"rendered":"https:\/\/codengine3.ch\/?product=import-placeholder-for-208216"},"modified":"2021-01-15T17:51:32","modified_gmt":"2021-01-15T17:51:32","slug":"bis-ans-ende-der-welt-taschenbuchausgabe","status":"publish","type":"product","link":"https:\/\/pizbube.ch\/en\/shop\/bis-ans-ende-der-welt-taschenbuchausgabe\/","title":{"rendered":"Bis ans Ende der Welt (Taschenbuchausgabe)"},"content":{"rendered":"<p>Herausforderungen im Himalaja und Karakorum<\/p>\n<p>Bis ans Ende der Welt zu gehen &#8211; das bedeutet f\u00fcr Reinhold Messner die Grenzen<br \/>\nder Kraft, seiner Angst, seiner Leidensf\u00e4higkeit zu erfahren: extreme<br \/>\nUnternehmungen als Selbstzweck, als Zugang zu sich selbst. Dieser Band ist<br \/>\nMessners pers\u00f6nlicher R\u00fcckblick auf seine pr\u00e4gendsten Gipfelerfolge; vom<br \/>\n\u00bbSturm am Manaslu\u00ab auf seiner klassischen Himalaja-Expedition 1972, \u00fcber den<br \/>\nAlleingang am Nanga Parbat 1978 bis zur Gasherbrum-Doppel\u00fcberschreitung 1984.<br \/>\nHier werden Messners einzigartige Unternehmungen und alpine H\u00f6chstleistungen<br \/>\nauch f\u00fcr den Laien hautnah erlebbar.<\/p>","protected":false},"excerpt":{"rendered":"<p>Herausforderungen im Himalaja und Karakorum Bis ans Ende der Welt zu gehen &#8211; das bedeutet f\u00fcr Reinhold Messner die Grenzen der Kraft, seiner Angst, seiner Leidensf\u00e4higkeit zu erfahren: extreme Unternehmungen als Selbstzweck, als Zugang zu sich selbst. Dieser Band ist Messners pers\u00f6nlicher R\u00fcckblick auf seine pr\u00e4gendsten Gipfelerfolge; vom \u00bbSturm am Manaslu\u00ab auf seiner klassischen Himalaja-Expedition [&#8230;]\n","protected":false},"featured_media":39663,"template":"","meta":[],"product_brand":[],"product_cat":[21542],"product_tag":[],"class_list":{"0":"post-150652","1":"product","2":"type-product","3":"status-publish","4":"has-post-thumbnail","6":"product_cat-sachbuecher-dokumentationen","7":"pa_autor-messner","8":"pa_erscheinungsjahr-21550","9":"pa_region-deutschland","10":"pa_sprache-de","12":"first","13":"instock","14":"taxable","15":"shipping-taxable","16":"purchasable","17":"product-type-simple"},"_links":{"self":[{"href":"https:\/\/pizbube.ch\/en\/wp-json\/wp\/v2\/product\/150652","targetHints":{"allow":["GET"]}}],"collection":[{"href":"https:\/\/pizbube.ch\/en\/wp-json\/wp\/v2\/product"}],"about":[{"href":"https:\/\/pizbube.ch\/en\/wp-json\/wp\/v2\/types\/product"}],"wp:featuredmedia":[{"embeddable":true,"href":"https:\/\/pizbube.ch\/en\/wp-json\/wp\/v2\/media\/39663"}],"wp:attachment":[{"href":"https:\/\/pizbube.ch\/en\/wp-json\/wp\/v2\/media?parent=150652"}],"wp:term":[{"taxonomy":"product_brand","embeddable":true,"href":"https:\/\/pizbube.ch\/en\/wp-json\/wp\/v2\/product_brand?post=150652"},{"taxonomy":"product_cat","embeddable":true,"href":"https:\/\/pizbube.ch\/en\/wp-json\/wp\/v2\/product_cat?post=150652"},{"taxonomy":"product_tag","embeddable":true,"href":"https:\/\/pizbube.ch\/en\/wp-json\/wp\/v2\/product_tag?post=150652"}],"curies":[{"name":"wp","href":"https:\/\/api.w.org\/{rel}","templated":true}]}}