{"id":150653,"date":"2021-01-15T11:02:56","date_gmt":"2021-01-15T11:02:56","guid":{"rendered":"https:\/\/codengine3.ch\/?product=import-placeholder-for-201032"},"modified":"2021-01-15T11:02:59","modified_gmt":"2021-01-15T11:02:59","slug":"menschen-am-piz-bernina","status":"publish","type":"product","link":"https:\/\/pizbube.ch\/en\/shop\/menschen-am-piz-bernina\/","title":{"rendered":"Menschen am Piz Bernina"},"content":{"rendered":"<p>Chronik zum 100 Jahr Jubil\u00e4um der Sektion Bernina mit Beitr\u00e4gen zu den Gipfeln<br \/>\nund Menschen der Berninagruppe.160 S., 38 farb. u. 50 schw.-w. Abb. Diese<br \/>\nJubil\u00e4umsschrift soll nicht selbstzufrieden R\u00fcckschau halten oder sich in<br \/>\nschw\u00e4rmerischen Betrachtungen ergehen; sie will sich viel mehr mit dem Leben<br \/>\nam Berg befassen, gestern, heute und morgen.<\/p>","protected":false},"excerpt":{"rendered":"<p>Chronik zum 100 Jahr Jubil\u00e4um der Sektion Bernina mit Beitr\u00e4gen zu den Gipfeln und Menschen der Berninagruppe.160 S., 38 farb. u. 50 schw.-w. Abb. Diese Jubil\u00e4umsschrift soll nicht selbstzufrieden R\u00fcckschau halten oder sich in schw\u00e4rmerischen Betrachtungen ergehen; sie will sich viel mehr mit dem Leben am Berg befassen, gestern, heute und morgen.<\/p>","protected":false},"featured_media":28184,"template":"","meta":[],"product_brand":[],"product_cat":[21542],"product_tag":[],"class_list":{"0":"post-150653","1":"product","2":"type-product","3":"status-publish","4":"has-post-thumbnail","6":"product_cat-sachbuecher-dokumentationen","7":"pa_autor-sac-bernina","8":"pa_erscheinungsjahr-22236","9":"pa_region-schweiz","10":"pa_sprache-de","12":"first","13":"outofstock","14":"taxable","15":"shipping-taxable","16":"purchasable","17":"product-type-simple"},"_links":{"self":[{"href":"https:\/\/pizbube.ch\/en\/wp-json\/wp\/v2\/product\/150653","targetHints":{"allow":["GET"]}}],"collection":[{"href":"https:\/\/pizbube.ch\/en\/wp-json\/wp\/v2\/product"}],"about":[{"href":"https:\/\/pizbube.ch\/en\/wp-json\/wp\/v2\/types\/product"}],"wp:featuredmedia":[{"embeddable":true,"href":"https:\/\/pizbube.ch\/en\/wp-json\/wp\/v2\/media\/28184"}],"wp:attachment":[{"href":"https:\/\/pizbube.ch\/en\/wp-json\/wp\/v2\/media?parent=150653"}],"wp:term":[{"taxonomy":"product_brand","embeddable":true,"href":"https:\/\/pizbube.ch\/en\/wp-json\/wp\/v2\/product_brand?post=150653"},{"taxonomy":"product_cat","embeddable":true,"href":"https:\/\/pizbube.ch\/en\/wp-json\/wp\/v2\/product_cat?post=150653"},{"taxonomy":"product_tag","embeddable":true,"href":"https:\/\/pizbube.ch\/en\/wp-json\/wp\/v2\/product_tag?post=150653"}],"curies":[{"name":"wp","href":"https:\/\/api.w.org\/{rel}","templated":true}]}}