{"id":150655,"date":"2021-01-15T11:02:56","date_gmt":"2021-01-15T11:02:56","guid":{"rendered":"https:\/\/codengine3.ch\/?product=import-placeholder-for-203979"},"modified":"2023-09-01T08:49:58","modified_gmt":"2023-09-01T06:49:58","slug":"la-reunion","status":"publish","type":"product","link":"https:\/\/pizbube.ch\/en\/shop\/la-reunion\/","title":{"rendered":"La R\u00e9union"},"content":{"rendered":"<p><span class=\"value\">Hohe Vulkane, tropisches Klima, eine exotische Pflanzenwelt und atemberaubende Landschaften \u2013 das ist La R\u00e9union. Die kleine, zu Frankreich geh\u00f6rende Insel im Indischen Ozean empf\u00e4ngt den Besucher mit Natur voller Abwechslung und Intensit\u00e4t. Wer die Faszination La R\u00e9unions entdecken will, macht es zu Fu\u00df. Dieser Rother Wanderf\u00fchrer stellt 58 Touren auf der gesamten Insel vor.<\/span><\/p>\n<p>Das Inselinnere, das seit 2010 zum Weltnaturerbe der UNESCO geh\u00f6rt, ist ein Naturschutzgebiet von einzigartiger Sch\u00f6nheit und Vielfalt. Die Touren f\u00fchren durch wild zerkl\u00fcftete Kraterkessel, tiefe Canyons, zu versteckten Wasserf\u00e4llen und Badebecken, in denen man sich in kristallklarem Wasser erfrischen kann. Es gibt Pfade in den Regenwaldgebieten ebenso wie K\u00fcstentouren und Aufstiege zu den hohen Gipfeln, die mit dem Piton de Neiges sogar die 3000-Meter-Marke \u00fcberschreiten. Die Ausfl\u00fcge in die einzigartige Lavaregion des Piton de la Fournaise f\u00fchren durch die Geschichte eines der aktivsten Vulkane der Welt. Die Infrastruktur auf der Insel ist f\u00fcr Wanderer ideal: Das Wegenetz umfasst \u00fcber 1000 km gut pr\u00e4parierte Wege und es gibt zahlreiche nette Unterkunftsm\u00f6glichkeiten. Die Einwohner, \u00fcberwiegend Kreolen, pflegen ihre kulturellen und religi\u00f6sen Br\u00e4uche und Gewohnheiten in einem bunten multikulturellen Zusammenleben, wie man es sonst selten erlebt.<\/p>\n<p>Walter Iwersen hat f\u00fcr den Rother Wanderf\u00fchrer \u00bbLa R\u00e9union\u00ab 58 abwechslungsreiche Touren in allen Schwierigkeitsgraden zusammengestellt: aussichtsreiche Panoramapfade an der Steilk\u00fcste, abenteuerliche Dschungelwege im Regenwald und anstrengende Touren auf hohe Gipfel. Manche dieser Wanderungen lassen sich zu mehrt\u00e4gigen Durchquerungen kombinieren. Alle Tourenvorschl\u00e4ge verf\u00fcgen \u00fcber eine \u00fcbersichtliche Kurzinfo mit allen wichtigen Angaben, eine genaue Wegbeschreibung, einen Kartenausschnitt mit eingezeichnetem Routenverlauf und ein aussagekr\u00e4ftiges H\u00f6henprofil; GPS-Daten stehen zum Download bereit. Zahlreiche Fotos wecken die Vorfreude auf das Wanderparadies La R\u00e9union.<\/p>\n<p>208 Seiten mit 129 Farbabbildungen;<br \/>\n58 H\u00f6henprofile, 58 Wanderk\u00e4rtchen im Ma\u00dfstab 1:25.000, 1:50.000 und 1:75.000,<br \/>\neine \u00dcbersichtskarte,<\/p>\n<p>8. aktualis. Auflage 2022<\/p>","protected":false},"excerpt":{"rendered":"<p>Hohe Vulkane, tropisches Klima, eine exotische Pflanzenwelt und atemberaubende Landschaften \u2013 das ist La R\u00e9union. Die kleine, zu Frankreich geh\u00f6rende Insel im Indischen Ozean empf\u00e4ngt den Besucher mit Natur voller Abwechslung und Intensit\u00e4t. Wer die Faszination La R\u00e9unions entdecken will, macht es zu Fu\u00df. Dieser Rother Wanderf\u00fchrer stellt 58 Touren auf der gesamten Insel vor. [&#8230;]\n","protected":false},"featured_media":159935,"template":"","meta":[],"product_brand":[],"product_cat":[21605],"product_tag":[],"class_list":{"0":"post-150655","1":"product","2":"type-product","3":"status-publish","4":"has-post-thumbnail","6":"product_cat-wanderfuehrer-trekking","7":"pa_autor-iwersen","8":"pa_erscheinungsjahr-27013","9":"pa_region-frankreich","10":"pa_sprache-de","12":"first","13":"instock","14":"taxable","15":"shipping-taxable","16":"purchasable","17":"product-type-simple"},"_links":{"self":[{"href":"https:\/\/pizbube.ch\/en\/wp-json\/wp\/v2\/product\/150655","targetHints":{"allow":["GET"]}}],"collection":[{"href":"https:\/\/pizbube.ch\/en\/wp-json\/wp\/v2\/product"}],"about":[{"href":"https:\/\/pizbube.ch\/en\/wp-json\/wp\/v2\/types\/product"}],"wp:featuredmedia":[{"embeddable":true,"href":"https:\/\/pizbube.ch\/en\/wp-json\/wp\/v2\/media\/159935"}],"wp:attachment":[{"href":"https:\/\/pizbube.ch\/en\/wp-json\/wp\/v2\/media?parent=150655"}],"wp:term":[{"taxonomy":"product_brand","embeddable":true,"href":"https:\/\/pizbube.ch\/en\/wp-json\/wp\/v2\/product_brand?post=150655"},{"taxonomy":"product_cat","embeddable":true,"href":"https:\/\/pizbube.ch\/en\/wp-json\/wp\/v2\/product_cat?post=150655"},{"taxonomy":"product_tag","embeddable":true,"href":"https:\/\/pizbube.ch\/en\/wp-json\/wp\/v2\/product_tag?post=150655"}],"curies":[{"name":"wp","href":"https:\/\/api.w.org\/{rel}","templated":true}]}}