{"id":150656,"date":"2021-01-15T11:02:56","date_gmt":"2021-01-15T11:02:56","guid":{"rendered":"https:\/\/codengine3.ch\/?product=import-placeholder-for-207392"},"modified":"2021-01-15T16:02:47","modified_gmt":"2021-01-15T16:02:47","slug":"azoren-30-wanderungen","status":"publish","type":"product","link":"https:\/\/pizbube.ch\/en\/shop\/azoren-30-wanderungen\/","title":{"rendered":"Azoren &#8211; 30 Wanderungen"},"content":{"rendered":"<p>Die Azoren als letzte (oder erste) Bastion Europas mitten im Atlantik sind<br \/>\nnoch eine wahre Naturdestination. Wanderer k\u00f6nnen auf alten K\u00fcstenpfaden<br \/>\ngehen, tiefgr\u00fcne Krater umrunden oder auf den h\u00f6chsten Berg Portugals steigen.<br \/>\nDas Buch beschreibt die sch\u00f6nsten Wanderungen der Inseln, darunter auch echte<br \/>\nGeheimtipps der hier beheimateten Autorin.<\/p>\n<p>Zu jeder Tour gibt es Hinweise f\u00fcr Wanderer mit Kind und Hund. Karten und<br \/>\nH\u00f6henprofile erg\u00e4nzen die genauen Wegbeschreibungen, GPS-Tracks k\u00f6nnen im<br \/>\nInternet kostenlos heruntergeladen werden. Infos zu Anreise, Einkehr- und<br \/>\nBadem\u00f6glichkeiten, Beschreibungen der Pflanzen am Wegesrand und viele<br \/>\nInsidertipps runden den Wanderf\u00fchrer ab.<\/p>\n<p>1. Auflage 2017, 160 Seiten, 30 Karten, 35 farbige Abbildungen, 30 farbige<br \/>\nH\u00f6henprofile<\/p>","protected":false},"excerpt":{"rendered":"<p>Die Azoren als letzte (oder erste) Bastion Europas mitten im Atlantik sind noch eine wahre Naturdestination. Wanderer k\u00f6nnen auf alten K\u00fcstenpfaden gehen, tiefgr\u00fcne Krater umrunden oder auf den h\u00f6chsten Berg Portugals steigen. Das Buch beschreibt die sch\u00f6nsten Wanderungen der Inseln, darunter auch echte Geheimtipps der hier beheimateten Autorin. Zu jeder Tour gibt es Hinweise f\u00fcr [&#8230;]\n","protected":false},"featured_media":37326,"template":"","meta":[],"product_brand":[],"product_cat":[21605],"product_tag":[],"class_list":{"0":"post-150656","1":"product","2":"type-product","3":"status-publish","4":"has-post-thumbnail","6":"product_cat-wanderfuehrer-trekking","7":"pa_autor-jaep","8":"pa_erscheinungsjahr-21574","9":"pa_region-portugal","10":"pa_sprache-de","12":"first","13":"instock","14":"taxable","15":"shipping-taxable","16":"purchasable","17":"product-type-simple"},"_links":{"self":[{"href":"https:\/\/pizbube.ch\/en\/wp-json\/wp\/v2\/product\/150656","targetHints":{"allow":["GET"]}}],"collection":[{"href":"https:\/\/pizbube.ch\/en\/wp-json\/wp\/v2\/product"}],"about":[{"href":"https:\/\/pizbube.ch\/en\/wp-json\/wp\/v2\/types\/product"}],"wp:featuredmedia":[{"embeddable":true,"href":"https:\/\/pizbube.ch\/en\/wp-json\/wp\/v2\/media\/37326"}],"wp:attachment":[{"href":"https:\/\/pizbube.ch\/en\/wp-json\/wp\/v2\/media?parent=150656"}],"wp:term":[{"taxonomy":"product_brand","embeddable":true,"href":"https:\/\/pizbube.ch\/en\/wp-json\/wp\/v2\/product_brand?post=150656"},{"taxonomy":"product_cat","embeddable":true,"href":"https:\/\/pizbube.ch\/en\/wp-json\/wp\/v2\/product_cat?post=150656"},{"taxonomy":"product_tag","embeddable":true,"href":"https:\/\/pizbube.ch\/en\/wp-json\/wp\/v2\/product_tag?post=150656"}],"curies":[{"name":"wp","href":"https:\/\/api.w.org\/{rel}","templated":true}]}}