{"id":150659,"date":"2021-01-15T11:02:56","date_gmt":"2021-01-15T11:02:56","guid":{"rendered":"https:\/\/codengine3.ch\/?product=import-placeholder-for-203662"},"modified":"2021-01-15T14:25:23","modified_gmt":"2021-01-15T14:25:23","slug":"zbaerg-im-frutigland-wege-zum-alpkaese-amt-frutigen-band-3","status":"publish","type":"product","link":"https:\/\/pizbube.ch\/en\/shop\/zbaerg-im-frutigland-wege-zum-alpkaese-amt-frutigen-band-3\/","title":{"rendered":"z&#8217;B\u00e4rg im Frutigland &#8211; Wege zum Alpk\u00e4se, Amt Frutigen, Band 3"},"content":{"rendered":"<p>64 K\u00e4sealpen im Frutigland.<br \/>\nDer F\u00fchrer erm\u00f6glicht Bekanntschaften mit Landschaften, Menschen und Tieren<br \/>\nder K\u00e4sealpen im Frutigland. Er liefert alle Daten der 64 beschriebenen Alpen<br \/>\nund ihren Sennten, gibt Antworten \u00fcber deren genauen Standorte, \u00fcber<br \/>\nEigent\u00fcmer und das Alppersonal des Sommers 2003 sowie \u00fcber die K\u00e4seproduktion<br \/>\nund -spezialit\u00e4ten.<br \/>\nGebiete Suldtal, Kiental, Spiggengrund, Kandertal, Frutigen, Adelboden und der<br \/>\nNiesenkette<\/p>","protected":false},"excerpt":{"rendered":"<p>64 K\u00e4sealpen im Frutigland. Der F\u00fchrer erm\u00f6glicht Bekanntschaften mit Landschaften, Menschen und Tieren der K\u00e4sealpen im Frutigland. Er liefert alle Daten der 64 beschriebenen Alpen und ihren Sennten, gibt Antworten \u00fcber deren genauen Standorte, \u00fcber Eigent\u00fcmer und das Alppersonal des Sommers 2003 sowie \u00fcber die K\u00e4seproduktion und -spezialit\u00e4ten. Gebiete Suldtal, Kiental, Spiggengrund, Kandertal, Frutigen, Adelboden [&#8230;]\n","protected":false},"featured_media":31315,"template":"","meta":[],"product_brand":[],"product_cat":[21542],"product_tag":[],"class_list":{"0":"post-150659","1":"product","2":"type-product","3":"status-publish","4":"has-post-thumbnail","6":"product_cat-sachbuecher-dokumentationen","7":"pa_autor-roth-straubhaar","8":"pa_erscheinungsjahr-21920","9":"pa_region-schweiz","10":"pa_sprache-de","12":"first","13":"outofstock","14":"taxable","15":"shipping-taxable","16":"purchasable","17":"product-type-simple"},"_links":{"self":[{"href":"https:\/\/pizbube.ch\/en\/wp-json\/wp\/v2\/product\/150659","targetHints":{"allow":["GET"]}}],"collection":[{"href":"https:\/\/pizbube.ch\/en\/wp-json\/wp\/v2\/product"}],"about":[{"href":"https:\/\/pizbube.ch\/en\/wp-json\/wp\/v2\/types\/product"}],"wp:featuredmedia":[{"embeddable":true,"href":"https:\/\/pizbube.ch\/en\/wp-json\/wp\/v2\/media\/31315"}],"wp:attachment":[{"href":"https:\/\/pizbube.ch\/en\/wp-json\/wp\/v2\/media?parent=150659"}],"wp:term":[{"taxonomy":"product_brand","embeddable":true,"href":"https:\/\/pizbube.ch\/en\/wp-json\/wp\/v2\/product_brand?post=150659"},{"taxonomy":"product_cat","embeddable":true,"href":"https:\/\/pizbube.ch\/en\/wp-json\/wp\/v2\/product_cat?post=150659"},{"taxonomy":"product_tag","embeddable":true,"href":"https:\/\/pizbube.ch\/en\/wp-json\/wp\/v2\/product_tag?post=150659"}],"curies":[{"name":"wp","href":"https:\/\/api.w.org\/{rel}","templated":true}]}}