{"id":150660,"date":"2021-01-15T11:02:56","date_gmt":"2021-01-15T11:02:56","guid":{"rendered":"https:\/\/codengine3.ch\/?product=import-placeholder-for-201035"},"modified":"2022-01-18T17:12:27","modified_gmt":"2022-01-18T16:12:27","slug":"appetit-statt-transit","status":"publish","type":"product","link":"https:\/\/pizbube.ch\/en\/shop\/appetit-statt-transit\/","title":{"rendered":"Appetit statt Transit"},"content":{"rendered":"<p>Noch mahr Rezepte aus den Alpen: Das Alpen-Kochbuch Nummer 2: \u00dcberraschendes,<br \/>\nDeftiges und Pikantes f\u00fcr die Alltagsk\u00fcche und f\u00fcr festliche Einladungen 70<br \/>\nRezepte, sorgf\u00e4ltig zubereitet und gemischt mit Highlights aus der Geschichte<br \/>\nder Alpen-Initiative und Infos aus der Teufelsk\u00fcche des Transitverkehrs.<\/p>\n<p>Nach dem ph\u00e4nomenalen Erfolg von Es kocht in den Alpen k\u00f6chelt es wieder in<br \/>\nden T\u00f6pfen und K\u00f6pfen versierter K\u00f6chinnen und K\u00f6chen. Neue w\u00e4hrschafte<br \/>\nOriginalrezepte von den slowenischen Alpen bis zu den franz\u00f6sischen Seealpen<br \/>\nwerden sorgf\u00e4ltig aufbereitet: Focaccia all&#8217;olio, Alpbacher Weinsuppe,<br \/>\nSlowenischer Gersteneintopf, Brasato alla Bresciana, \u00c9paule d&#8217;agneau \u00e0 la<br \/>\nBoulang\u00e8re, Bozner Schokoladekuchen, Brandteig-Marillenkn\u00f6del und noch vieles<br \/>\nmehr.<\/p>","protected":false},"excerpt":{"rendered":"<p>Noch mahr Rezepte aus den Alpen: Das Alpen-Kochbuch Nummer 2: \u00dcberraschendes, Deftiges und Pikantes f\u00fcr die Alltagsk\u00fcche und f\u00fcr festliche Einladungen 70 Rezepte, sorgf\u00e4ltig zubereitet und gemischt mit Highlights aus der Geschichte der Alpen-Initiative und Infos aus der Teufelsk\u00fcche des Transitverkehrs. Nach dem ph\u00e4nomenalen Erfolg von Es kocht in den Alpen k\u00f6chelt es wieder in [&#8230;]\n","protected":false},"featured_media":28188,"template":"","meta":[],"product_brand":[],"product_cat":[21542],"product_tag":[],"class_list":{"0":"post-150660","1":"product","2":"type-product","3":"status-publish","4":"has-post-thumbnail","6":"product_cat-sachbuecher-dokumentationen","7":"pa_autor-alpeninitiative","8":"pa_erscheinungsjahr-22133","9":"pa_region-schweiz","10":"pa_sprache-de","12":"first","13":"outofstock","14":"taxable","15":"shipping-taxable","16":"purchasable","17":"product-type-simple"},"_links":{"self":[{"href":"https:\/\/pizbube.ch\/en\/wp-json\/wp\/v2\/product\/150660","targetHints":{"allow":["GET"]}}],"collection":[{"href":"https:\/\/pizbube.ch\/en\/wp-json\/wp\/v2\/product"}],"about":[{"href":"https:\/\/pizbube.ch\/en\/wp-json\/wp\/v2\/types\/product"}],"wp:featuredmedia":[{"embeddable":true,"href":"https:\/\/pizbube.ch\/en\/wp-json\/wp\/v2\/media\/28188"}],"wp:attachment":[{"href":"https:\/\/pizbube.ch\/en\/wp-json\/wp\/v2\/media?parent=150660"}],"wp:term":[{"taxonomy":"product_brand","embeddable":true,"href":"https:\/\/pizbube.ch\/en\/wp-json\/wp\/v2\/product_brand?post=150660"},{"taxonomy":"product_cat","embeddable":true,"href":"https:\/\/pizbube.ch\/en\/wp-json\/wp\/v2\/product_cat?post=150660"},{"taxonomy":"product_tag","embeddable":true,"href":"https:\/\/pizbube.ch\/en\/wp-json\/wp\/v2\/product_tag?post=150660"}],"curies":[{"name":"wp","href":"https:\/\/api.w.org\/{rel}","templated":true}]}}