{"id":150661,"date":"2021-01-15T11:02:56","date_gmt":"2021-01-15T11:02:56","guid":{"rendered":"https:\/\/codengine3.ch\/?product=import-placeholder-for-201036"},"modified":"2025-11-04T14:16:13","modified_gmt":"2025-11-04T13:16:13","slug":"finsteraarhorn-die-einsame-spitze","status":"publish","type":"product","link":"https:\/\/pizbube.ch\/en\/shop\/finsteraarhorn-die-einsame-spitze\/","title":{"rendered":"Finsteraarhorn Die einsame Spitze"},"content":{"rendered":"<p>Die einsame Spitze:Die Bergmonographie zeigt den Berg aus n\u00e4chster N\u00e4he; Die Geschichte der Erstbegehung ist ein eigentlicher Alpenkrimi, und am Fusse des Finsteraarhorns, im H\u00f4tel des Neuch\u00e2telois, wurde einst ein wichtiges Kapitel der Alpenforschung geschrieben. Auch die K\u00fcnstler hat die einsame Spitze nicht unber\u00fchrt gelassen, und noch weniger die Alpinisten, denen der Berg immer eine Herausforderung war &#8211; und noch heute ist.<\/p>\n<p>Erstmals ist in der AS-Bergmonographie der Bericht der Engl\u00e4nderin Gertrude Bell \u00fcber die dramatische Nordostwandbegehung in deutscher \u00dcbersetzung zu lesen.<\/p>\n<p><span class=\"value\">Das Finsteraarhorn (4274m) dr\u00e4ngt sich nicht in den Vordergrund wie Jungfrau und Wetterhorn, l\u00e4sst sich nicht durchbohren wie Eiger und M\u00f6nch. Etwas zur\u00fcckgezogen lebt der h\u00f6chste Berner, abseits von Bahnen und Liften. Abgelegen und trotzdem von fast \u00fcberall sichtbar &#8211; von der Bundesterrasse in Bern und von der Cima della Trosa oberhalb Locarno ebenso wie von den Anh\u00f6hen ob Chur und von Z\u00fcrichs Villenquartier am Z\u00fcrichberg. Die Bergmonographie zeigt den Berg aus n\u00e4chster N\u00e4he: Die Geschichte der Erstbegehung ist ein eigentlicher Alpenkrimi, und am Fusse des Finsteraarhorns, im &#171;H\u00f4tel des Neuch\u00e2telois&#187;, wurde einst ein wichtiges Kapitel der Alpenforschung geschrieben. Auch die K\u00fcnstler hat die einsame Spitze nicht unber\u00fchrt gelassen, und noch weniger die Alpinisten, denen der Berg immer eine Herausforderung war &#8211; und noch heute ist.<\/span><\/p>\n<p>144 Seiten, <span class=\"value\">Gebunden<\/span><\/p>","protected":false},"excerpt":{"rendered":"<p>Die einsame Spitze:Die Bergmonographie zeigt den Berg aus n\u00e4chster N\u00e4he; Die Geschichte der Erstbegehung ist ein eigentlicher Alpenkrimi, und am Fusse des Finsteraarhorns, im H\u00f4tel des Neuch\u00e2telois, wurde einst ein wichtiges Kapitel der Alpenforschung geschrieben. Auch die K\u00fcnstler hat die einsame Spitze nicht unber\u00fchrt gelassen, und noch weniger die Alpinisten, denen der Berg immer eine [&#8230;]\n","protected":false},"featured_media":182023,"template":"","meta":[],"product_brand":[],"product_cat":[21542],"product_tag":[],"class_list":{"0":"post-150661","1":"product","2":"type-product","3":"status-publish","4":"has-post-thumbnail","6":"product_cat-sachbuecher-dokumentationen","7":"pa_autor-anker","8":"pa_erscheinungsjahr-21610","9":"pa_region-schweiz","10":"pa_sprache-de","12":"first","13":"instock","14":"taxable","15":"shipping-taxable","16":"purchasable","17":"product-type-simple"},"_links":{"self":[{"href":"https:\/\/pizbube.ch\/en\/wp-json\/wp\/v2\/product\/150661","targetHints":{"allow":["GET"]}}],"collection":[{"href":"https:\/\/pizbube.ch\/en\/wp-json\/wp\/v2\/product"}],"about":[{"href":"https:\/\/pizbube.ch\/en\/wp-json\/wp\/v2\/types\/product"}],"wp:featuredmedia":[{"embeddable":true,"href":"https:\/\/pizbube.ch\/en\/wp-json\/wp\/v2\/media\/182023"}],"wp:attachment":[{"href":"https:\/\/pizbube.ch\/en\/wp-json\/wp\/v2\/media?parent=150661"}],"wp:term":[{"taxonomy":"product_brand","embeddable":true,"href":"https:\/\/pizbube.ch\/en\/wp-json\/wp\/v2\/product_brand?post=150661"},{"taxonomy":"product_cat","embeddable":true,"href":"https:\/\/pizbube.ch\/en\/wp-json\/wp\/v2\/product_cat?post=150661"},{"taxonomy":"product_tag","embeddable":true,"href":"https:\/\/pizbube.ch\/en\/wp-json\/wp\/v2\/product_tag?post=150661"}],"curies":[{"name":"wp","href":"https:\/\/api.w.org\/{rel}","templated":true}]}}