{"id":150662,"date":"2021-01-15T11:02:56","date_gmt":"2021-01-15T11:02:56","guid":{"rendered":"https:\/\/codengine3.ch\/?product=import-placeholder-for-204767"},"modified":"2021-01-15T14:36:07","modified_gmt":"2021-01-15T14:36:07","slug":"blueemlisalp-schneezauber-und-die-sieben-berge","status":"publish","type":"product","link":"https:\/\/pizbube.ch\/en\/shop\/blueemlisalp-schneezauber-und-die-sieben-berge\/","title":{"rendered":"Bl\u00fcemlisalp &#8211; Schneezauber und die sieben Berge"},"content":{"rendered":"<p>Weit leuchten Bl\u00fcemlisalp, Fr\u00fcnden- und Doldenhorn mit ihren Firnen ins<br \/>\nschweizerische Mittelland hinaus. Ganz nah aber werden ihre sieben Gipfel<br \/>\nvorgestellt: in einem atemberaubend sch\u00f6nen Buch, das schreibgewandte<br \/>\nAlpinisten und Bergsteigerinnen, ber\u00fchmte Schriftsteller und S\u00e4nger mit ins<br \/>\nSeil knotet.<\/p>\n<p>F\u00fcr tausendevon Bergfans aus Europa, Asien und Amerika ist die Bl\u00fcemlisalp der<br \/>\nInbegriff des Berner Oberlandes \u00fcberhaupt. Jetzt erh\u00e4lt der sch\u00f6nste Berg, was<br \/>\nihm schon l\u00e4ngst geb\u00fchrt: ein zauberhaftes Bergbuch! \u00abBl\u00fcemlisalp i re<br \/>\nSummernacht\/Nachd\u00e4m i ha ne B\u00e4rgtour gmacht\/Da ha se troffe vor dr H\u00fctte uss.\u00bb<br \/>\nSo sang Polo Hofer im Lied \u00abAlperose\u00bb, das vom TV-Publikum zum gr\u00f6ssten<br \/>\nSchweizer Hit aller Zeitengew\u00e4hlt wurde. Bl\u00fcemlisalp, dieser Riesenbau aus<br \/>\nFelsund Eis zwischen Kandersteg und Kiental im Berner Oberland: Das ist das<br \/>\nThema der neuen, grossen Bergmonografie von Daniel Anker und Marco Volken.<\/p>\n<p>Die mehrgipflige Bl\u00fcemlisalp zur Linken, das grosse und kleine Doldenhorn zur<br \/>\nRechten, dazwischen das freundliche Fr\u00fcndenhorn, das seine F\u00fcsse wie die<br \/>\nNachbarn im ovalen Oeschinensee badet: eine alpine und alpinistische Szenerie<br \/>\nder Extraklasse, die seit jeher Bergsteiger und -wanderer, Eiskletterer und<br \/>\n-l\u00e4ufer, Melker und Maler verzaubert.  <\/p>","protected":false},"excerpt":{"rendered":"<ul>\n<li><b>INFO: ERSCHEINT LAUT VERLAG CA. ANFANGS SEPTEMBER 2018 &#8211; BESTELLUNGEN WERDEN VORGEMERKT!<b><\/li>\n<\/ul>","protected":false},"featured_media":40853,"template":"","meta":[],"product_brand":[],"product_cat":[21542],"product_tag":[],"class_list":{"0":"post-150662","1":"product","2":"type-product","3":"status-publish","4":"has-post-thumbnail","6":"product_cat-sachbuecher-dokumentationen","7":"pa_autor-anker-volken","8":"pa_erscheinungsjahr-21546","9":"pa_region-schweiz","10":"pa_sprache-de","12":"first","13":"instock","14":"taxable","15":"shipping-taxable","16":"purchasable","17":"product-type-simple"},"_links":{"self":[{"href":"https:\/\/pizbube.ch\/en\/wp-json\/wp\/v2\/product\/150662","targetHints":{"allow":["GET"]}}],"collection":[{"href":"https:\/\/pizbube.ch\/en\/wp-json\/wp\/v2\/product"}],"about":[{"href":"https:\/\/pizbube.ch\/en\/wp-json\/wp\/v2\/types\/product"}],"wp:featuredmedia":[{"embeddable":true,"href":"https:\/\/pizbube.ch\/en\/wp-json\/wp\/v2\/media\/40853"}],"wp:attachment":[{"href":"https:\/\/pizbube.ch\/en\/wp-json\/wp\/v2\/media?parent=150662"}],"wp:term":[{"taxonomy":"product_brand","embeddable":true,"href":"https:\/\/pizbube.ch\/en\/wp-json\/wp\/v2\/product_brand?post=150662"},{"taxonomy":"product_cat","embeddable":true,"href":"https:\/\/pizbube.ch\/en\/wp-json\/wp\/v2\/product_cat?post=150662"},{"taxonomy":"product_tag","embeddable":true,"href":"https:\/\/pizbube.ch\/en\/wp-json\/wp\/v2\/product_tag?post=150662"}],"curies":[{"name":"wp","href":"https:\/\/api.w.org\/{rel}","templated":true}]}}