{"id":150663,"date":"2021-01-15T11:02:56","date_gmt":"2021-01-15T11:02:56","guid":{"rendered":"https:\/\/codengine3.ch\/?product=import-placeholder-for-202665"},"modified":"2024-04-22T11:24:06","modified_gmt":"2024-04-22T09:24:06","slug":"moench-mittelpunkt-im-dreigestirn","status":"publish","type":"product","link":"https:\/\/pizbube.ch\/en\/shop\/moench-mittelpunkt-im-dreigestirn\/","title":{"rendered":"M\u00f6nch &#8211; Mittelpunkt im Dreigestirn"},"content":{"rendered":"<p>Den M\u00f6nch am eisigen Bart zupfen. Es gibt immer mehr Alpinisten, die Gipfel<br \/>\n\u00fcber 4000 Meter anstreben. Einer dieser Berge ist der M\u00f6nch, 107 Meter h\u00f6her<br \/>\nals die omin\u00f6se Grenze. An Sonntagen mit gutem Wetter besteigen bis zu hundert<br \/>\nLeute den Nachbarn der Jungfrau. F\u00fcr viele von ihnen ist es der erste<br \/>\nViertausender, viele untersch\u00e4tzen seine Schwierigkeiten &#8211; nach dem Matterhorn<br \/>\nist der M\u00f6nch der zweitunfalltr\u00e4chtigste Berg der Schweiz. Zu verf\u00fchrerisch<br \/>\nist der bequeme Zugang mit der Jungfraujochbahn, die die Bergsteiger bis auf<br \/>\n3454 Meter bringt. An Spitzentagen bef\u00f6rdert sie bis zu 7000 Besucher, die<br \/>\nsich am Anblick von Eiger, M\u00f6nch und Jungfrau erfreuen oder den l\u00e4ngsten<br \/>\nGletscher der Alpen, den 21 Kilometer langen Aletschgletscher, bewundern.<\/p>\n<p>Im Band der AS-Reihe Bergmonografien\u00bb portr\u00e4tiert Daniel Anker in bew\u00e4hrter<br \/>\nForm den M\u00f6nch: Von der Erstbesteigung zur Superdirettissima dokumentiert er<br \/>\ndessen Erschliessung, l\u00e4sst Edmund von Fellenberg von der ersten Besteigung<br \/>\ndes \u00abalten eifers\u00fcchtigen Eremiten\u00bb \u00fcber den Nollen berichten oder folgt Hans<br \/>\nLauper in die ber\u00fchmte Lauper- Route durch die tausend Meter hohe<br \/>\nNordwestwand. Das Sommerskigebiet wird ebenso zum Thema wie die hochalpine<br \/>\nForschungsstation auf dem Jungfraujoch. Aufwendig mit historischen Abbildungen<br \/>\nund brillanten Fotos illustriert, ist f\u00fcr Alpinisten, Bergbegeisterte und<br \/>\nArmchair-Traveller das Trio aus Eiger, M\u00f6nch und Jungfrau nun komplett&#8230;<\/p>","protected":false},"excerpt":{"rendered":"<p>Den M\u00f6nch am eisigen Bart zupfen. Es gibt immer mehr Alpinisten, die Gipfel \u00fcber 4000 Meter anstreben. Einer dieser Berge ist der M\u00f6nch, 107 Meter h\u00f6her als die omin\u00f6se Grenze. An Sonntagen mit gutem Wetter besteigen bis zu hundert Leute den Nachbarn der Jungfrau. F\u00fcr viele von ihnen ist es der erste Viertausender, viele untersch\u00e4tzen [&#8230;]\n","protected":false},"featured_media":30089,"template":"","meta":[],"product_brand":[],"product_cat":[21542],"product_tag":[],"class_list":{"0":"post-150663","1":"product","2":"type-product","3":"status-publish","4":"has-post-thumbnail","6":"product_cat-sachbuecher-dokumentationen","7":"pa_autor-anker","8":"pa_erscheinungsjahr-22144","9":"pa_region-schweiz","10":"pa_sprache-de","12":"first","13":"outofstock","14":"taxable","15":"shipping-taxable","16":"purchasable","17":"product-type-simple"},"_links":{"self":[{"href":"https:\/\/pizbube.ch\/en\/wp-json\/wp\/v2\/product\/150663","targetHints":{"allow":["GET"]}}],"collection":[{"href":"https:\/\/pizbube.ch\/en\/wp-json\/wp\/v2\/product"}],"about":[{"href":"https:\/\/pizbube.ch\/en\/wp-json\/wp\/v2\/types\/product"}],"wp:featuredmedia":[{"embeddable":true,"href":"https:\/\/pizbube.ch\/en\/wp-json\/wp\/v2\/media\/30089"}],"wp:attachment":[{"href":"https:\/\/pizbube.ch\/en\/wp-json\/wp\/v2\/media?parent=150663"}],"wp:term":[{"taxonomy":"product_brand","embeddable":true,"href":"https:\/\/pizbube.ch\/en\/wp-json\/wp\/v2\/product_brand?post=150663"},{"taxonomy":"product_cat","embeddable":true,"href":"https:\/\/pizbube.ch\/en\/wp-json\/wp\/v2\/product_cat?post=150663"},{"taxonomy":"product_tag","embeddable":true,"href":"https:\/\/pizbube.ch\/en\/wp-json\/wp\/v2\/product_tag?post=150663"}],"curies":[{"name":"wp","href":"https:\/\/api.w.org\/{rel}","templated":true}]}}