{"id":150664,"date":"2021-01-15T11:02:56","date_gmt":"2021-01-15T11:02:56","guid":{"rendered":"https:\/\/codengine3.ch\/?product=import-placeholder-for-201037"},"modified":"2024-04-22T11:43:59","modified_gmt":"2024-04-22T09:43:59","slug":"jungfrau-zauberberg-der-maenner","status":"publish","type":"product","link":"https:\/\/pizbube.ch\/en\/shop\/jungfrau-zauberberg-der-maenner\/","title":{"rendered":"Jungfrau Zauberberg der M\u00e4nner"},"content":{"rendered":"<p>Die Bergmonographie schildert mit Wort und Bild, wie dem weit ins Tiefland<br \/>\nhinausleuchtenden Berg mit Feder und Farbpinsel, mit Steigeisen und Ski, mit<br \/>\nBohrmeissel und Bahnwaggons zu Leibe ger\u00fcckt wurde und wird. Es gibt keine<br \/>\nauffallendere Erscheinungen als der h\u00f6chste Punkt im Oberl\u00e4ndischen<br \/>\nDreigestirn Jungfrau, M\u00f6nch und Eiger. Und die Jungfrau war- trotz des Namens-<br \/>\nder erste Viertausender der Schweizer Alpen, den Menschen betreten haben.<\/p>","protected":false},"excerpt":{"rendered":"<p>Die Bergmonographie schildert mit Wort und Bild, wie dem weit ins Tiefland hinausleuchtenden Berg mit Feder und Farbpinsel, mit Steigeisen und Ski, mit Bohrmeissel und Bahnwaggons zu Leibe ger\u00fcckt wurde und wird. Es gibt keine auffallendere Erscheinungen als der h\u00f6chste Punkt im Oberl\u00e4ndischen Dreigestirn Jungfrau, M\u00f6nch und Eiger. Und die Jungfrau war- trotz des Namens- [&#8230;]\n","protected":false},"featured_media":28190,"template":"","meta":[],"product_brand":[],"product_cat":[21542],"product_tag":[],"class_list":{"0":"post-150664","1":"product","2":"type-product","3":"status-publish","4":"has-post-thumbnail","6":"product_cat-sachbuecher-dokumentationen","7":"pa_autor-anker","8":"pa_erscheinungsjahr-22151","9":"pa_region-schweiz","10":"pa_sprache-de","12":"first","13":"outofstock","14":"taxable","15":"shipping-taxable","16":"purchasable","17":"product-type-simple"},"_links":{"self":[{"href":"https:\/\/pizbube.ch\/en\/wp-json\/wp\/v2\/product\/150664","targetHints":{"allow":["GET"]}}],"collection":[{"href":"https:\/\/pizbube.ch\/en\/wp-json\/wp\/v2\/product"}],"about":[{"href":"https:\/\/pizbube.ch\/en\/wp-json\/wp\/v2\/types\/product"}],"wp:featuredmedia":[{"embeddable":true,"href":"https:\/\/pizbube.ch\/en\/wp-json\/wp\/v2\/media\/28190"}],"wp:attachment":[{"href":"https:\/\/pizbube.ch\/en\/wp-json\/wp\/v2\/media?parent=150664"}],"wp:term":[{"taxonomy":"product_brand","embeddable":true,"href":"https:\/\/pizbube.ch\/en\/wp-json\/wp\/v2\/product_brand?post=150664"},{"taxonomy":"product_cat","embeddable":true,"href":"https:\/\/pizbube.ch\/en\/wp-json\/wp\/v2\/product_cat?post=150664"},{"taxonomy":"product_tag","embeddable":true,"href":"https:\/\/pizbube.ch\/en\/wp-json\/wp\/v2\/product_tag?post=150664"}],"curies":[{"name":"wp","href":"https:\/\/api.w.org\/{rel}","templated":true}]}}