{"id":150665,"date":"2021-01-15T11:02:57","date_gmt":"2021-01-15T11:02:57","guid":{"rendered":"https:\/\/codengine3.ch\/?product=import-placeholder-for-206637"},"modified":"2025-10-22T08:36:33","modified_gmt":"2025-10-22T06:36:33","slug":"tartarin-in-den-alpen","status":"publish","type":"product","link":"https:\/\/pizbube.ch\/en\/shop\/tartarin-in-den-alpen\/","title":{"rendered":"Tartarin in den Alpen"},"content":{"rendered":"<p>Die Besteigung der Jungfrau und andere Heldentaten<br \/>\nMit einer Einf\u00fchrung von Daniel Anker<\/p>\n<p>Die alpinen Heldentaten des Tartarin von Tarascon<\/p>\n<p>Mit dem s\u00fcdfranz\u00f6sischen Schelm und Charmeur Tartarin de Tarascon schuf<br \/>\nAlphonse Daudet (1840\u20131897) einen \u00fcberaus sympathischen Romanhelden.<br \/>\nIm zweiten Band reist Tartarin durch die Schweizer Alpen, verbl\u00fcfft<br \/>\nEinheimische und Mitreisende und erklimmt die Jungfrau und fast den Mont<br \/>\nBlanc, wo das Schicksal zuschl\u00e4gt. Seit 1885 ein anhaltendes Lesevergn\u00fcgen \u2013<br \/>\nund endlich wieder in einer aktuellen, sch\u00f6n gestalteten Ausgabe greifbar.<\/p>\n<p>ca. 160 Seiten, ca. 20 Abb. einfarbig<br \/>\n13,5 x 21 cm, Leinen mit Schutzumschlag<\/p>","protected":false},"excerpt":{"rendered":"<p>Die Besteigung der Jungfrau und andere Heldentaten Mit einer Einf\u00fchrung von Daniel Anker Die alpinen Heldentaten des Tartarin von Tarascon Mit dem s\u00fcdfranz\u00f6sischen Schelm und Charmeur Tartarin de Tarascon schuf Alphonse Daudet (1840\u20131897) einen \u00fcberaus sympathischen Romanhelden. Im zweiten Band reist Tartarin durch die Schweizer Alpen, verbl\u00fcfft Einheimische und Mitreisende und erklimmt die Jungfrau und [&#8230;]\n","protected":false},"featured_media":181829,"template":"","meta":[],"product_brand":[],"product_cat":[21542],"product_tag":[],"class_list":{"0":"post-150665","1":"product","2":"type-product","3":"status-publish","4":"has-post-thumbnail","6":"product_cat-sachbuecher-dokumentationen","7":"pa_autor-daudet-anker","8":"pa_erscheinungsjahr-21610","9":"pa_region-schweiz","10":"pa_sprache-de","12":"first","13":"onbackorder","14":"taxable","15":"shipping-taxable","16":"purchasable","17":"product-type-simple"},"_links":{"self":[{"href":"https:\/\/pizbube.ch\/en\/wp-json\/wp\/v2\/product\/150665","targetHints":{"allow":["GET"]}}],"collection":[{"href":"https:\/\/pizbube.ch\/en\/wp-json\/wp\/v2\/product"}],"about":[{"href":"https:\/\/pizbube.ch\/en\/wp-json\/wp\/v2\/types\/product"}],"wp:featuredmedia":[{"embeddable":true,"href":"https:\/\/pizbube.ch\/en\/wp-json\/wp\/v2\/media\/181829"}],"wp:attachment":[{"href":"https:\/\/pizbube.ch\/en\/wp-json\/wp\/v2\/media?parent=150665"}],"wp:term":[{"taxonomy":"product_brand","embeddable":true,"href":"https:\/\/pizbube.ch\/en\/wp-json\/wp\/v2\/product_brand?post=150665"},{"taxonomy":"product_cat","embeddable":true,"href":"https:\/\/pizbube.ch\/en\/wp-json\/wp\/v2\/product_cat?post=150665"},{"taxonomy":"product_tag","embeddable":true,"href":"https:\/\/pizbube.ch\/en\/wp-json\/wp\/v2\/product_tag?post=150665"}],"curies":[{"name":"wp","href":"https:\/\/api.w.org\/{rel}","templated":true}]}}