{"id":150667,"date":"2021-01-15T11:02:57","date_gmt":"2021-01-15T11:02:57","guid":{"rendered":"https:\/\/codengine3.ch\/?product=import-placeholder-for-206458"},"modified":"2021-01-15T14:49:07","modified_gmt":"2021-01-15T14:49:07","slug":"eiger-moench-jungfrau","status":"publish","type":"product","link":"https:\/\/pizbube.ch\/en\/shop\/eiger-moench-jungfrau\/","title":{"rendered":"Eiger, M\u00f6nch &#038; Jungfrau"},"content":{"rendered":"<p>3 B\u00fccher im Schuber  <\/p>\n<p>Vor 200 Jahren bestiegen zwei Aargauer und zwei Walliser erstmals die<br \/>\nJungfrau, den ersten \u00fcber 4000 Meter hohen Berg der Schweiz. Und vor 20 Jahren<br \/>\ngr\u00fcndeten zwei Z\u00fcrcher den AS Verlag. Mutige M\u00e4nner gestern und heute. Johann<br \/>\nRudolf II. und Hieronymus Meyer, Joseph Bortis und Alois Volker leiteten mit<br \/>\nihrem Vorstoss ins unbekannte ewige Eis und auf neue H\u00f6hen die Eroberung der<br \/>\nschweizerischen Hochalpen ein, Heinz von Arx und Peter Schnyder f\u00fchrten mit<br \/>\nihrem Verlag die Sparten Berg- und Bahnb\u00fccher zu bisher kaum bekannten Seh-<br \/>\nund Leseerlebnissen. Dass dabei die Jungfrau und die Bahn aufs Jungfraujoch<br \/>\neine wesentliche Rolle spielten und dies immer noch tun, ist weniger<br \/>\nerstaunlich als jener Moment, als am 3. August 1811 um 14 Uhr eine Fahne in<br \/>\nden jungfr\u00e4ulichen Gipfelschnee gesteckt wurde.<br \/>\nDie Jungfrau als der am meisten bewunderte und umworbene Gipfel der Schweiz in<br \/>\nder ersten H\u00e4lfte des 19. Jahrhunderts: Ihr ist die erste Bergmonografie des<br \/>\nAS Verlages gewidmet, eine Buchreihe mit 15 B\u00e4nden bereits, die Standardwerke<br \/>\nzu den ausseralpinen Bergen wie Everest und Kilimandscharo nicht mitgez\u00e4hlt.<br \/>\nDie Jungfraubahn ihrerseits, die k\u00fchnste Bergbahn Europas, feiert 2012 ihren<br \/>\n100. Geburtstag. Dass im AS Verlag das Jubil\u00e4umsbuch herauskommt, passt<br \/>\nperfekt zu seinem bahntouristischen Programm. Die Bahn aufs Jungfraujoch<br \/>\nverhalf und verhilft aber gerade dem Nachbar der Jungfrau zu Ber\u00fchmtheit: Die<br \/>\nNordwand des Eigers wurde mit der Station Eigerwand und dem Stollenloch erst<br \/>\nrichtig zur vertikalen Arena. So lautet der Untertitel der erfolgreichsten<br \/>\nMonografie des AS Verlages. Und wer steht im Mittelpunkt zwischen Eiger und<br \/>\nJungfrau?<br \/>\nDer arme M\u00f6nch. Auch \u00fcber ihn gibt es eine Monografie. Zum doppelten Jubil\u00e4um<br \/>\nvon Erstbesteigung und Verlagsgr\u00fcndung erscheinen nun die drei B\u00fccher Eiger,<br \/>\nM\u00f6nch &#038; Jungfrau sch\u00f6n vereint in einem Schuber.  <\/p>","protected":false},"excerpt":{"rendered":"<ul>\n<li><b>INFO: Vergriffen, keine Neuauflage<b><\/li>\n<\/ul>","protected":false},"featured_media":35504,"template":"","meta":[],"product_brand":[],"product_cat":[21542],"product_tag":[],"class_list":{"0":"post-150667","1":"product","2":"type-product","3":"status-publish","4":"has-post-thumbnail","6":"product_cat-sachbuecher-dokumentationen","7":"pa_autor-anker","8":"pa_erscheinungsjahr-21610","9":"pa_region-schweiz","10":"pa_sprache-de","12":"first","13":"outofstock","14":"taxable","15":"shipping-taxable","16":"purchasable","17":"product-type-simple"},"_links":{"self":[{"href":"https:\/\/pizbube.ch\/en\/wp-json\/wp\/v2\/product\/150667","targetHints":{"allow":["GET"]}}],"collection":[{"href":"https:\/\/pizbube.ch\/en\/wp-json\/wp\/v2\/product"}],"about":[{"href":"https:\/\/pizbube.ch\/en\/wp-json\/wp\/v2\/types\/product"}],"wp:featuredmedia":[{"embeddable":true,"href":"https:\/\/pizbube.ch\/en\/wp-json\/wp\/v2\/media\/35504"}],"wp:attachment":[{"href":"https:\/\/pizbube.ch\/en\/wp-json\/wp\/v2\/media?parent=150667"}],"wp:term":[{"taxonomy":"product_brand","embeddable":true,"href":"https:\/\/pizbube.ch\/en\/wp-json\/wp\/v2\/product_brand?post=150667"},{"taxonomy":"product_cat","embeddable":true,"href":"https:\/\/pizbube.ch\/en\/wp-json\/wp\/v2\/product_cat?post=150667"},{"taxonomy":"product_tag","embeddable":true,"href":"https:\/\/pizbube.ch\/en\/wp-json\/wp\/v2\/product_tag?post=150667"}],"curies":[{"name":"wp","href":"https:\/\/api.w.org\/{rel}","templated":true}]}}