{"id":150668,"date":"2021-01-15T11:02:57","date_gmt":"2021-01-15T11:02:57","guid":{"rendered":"https:\/\/codengine3.ch\/?product=import-placeholder-for-202226"},"modified":"2022-01-26T09:11:52","modified_gmt":"2022-01-26T08:11:52","slug":"das-kriegsloch","status":"publish","type":"product","link":"https:\/\/pizbube.ch\/en\/shop\/das-kriegsloch\/","title":{"rendered":"Das Kriegsloch"},"content":{"rendered":"<p>Im Jungfraugletscher befindet sich ein kreisrundes Loch, von dem berichtet<br \/>\nwird, dass es sich zu Kriegszeiten schliesst. Ein Bergsteiger, Forscher und<br \/>\nSchriftsteller macht sich auf die Suche, diesem Naturph\u00e4nomen auf den Grund zu<br \/>\ngehen.<\/p>\n<p>Umgeben von wortkargen Bauern und altgedienten Bergf\u00fchrern, n\u00fcchternen<br \/>\nGlaziologen und eigenwilligen Geomanten beleuchtet er mit dem Strahl seiner<br \/>\nimagin\u00e4ren, geistigen Taschenlampe grundlegende Fragen, die den Menschen von<br \/>\nseinem Beginn an begleiteten.<\/p>","protected":false},"excerpt":{"rendered":"<p>Im Jungfraugletscher befindet sich ein kreisrundes Loch, von dem berichtet wird, dass es sich zu Kriegszeiten schliesst. Ein Bergsteiger, Forscher und Schriftsteller macht sich auf die Suche, diesem Naturph\u00e4nomen auf den Grund zu gehen. Umgeben von wortkargen Bauern und altgedienten Bergf\u00fchrern, n\u00fcchternen Glaziologen und eigenwilligen Geomanten beleuchtet er mit dem Strahl seiner imagin\u00e4ren, geistigen Taschenlampe [&#8230;]\n","protected":false},"featured_media":29610,"template":"","meta":[],"product_brand":[],"product_cat":[21542],"product_tag":[],"class_list":{"0":"post-150668","1":"product","2":"type-product","3":"status-publish","4":"has-post-thumbnail","6":"product_cat-sachbuecher-dokumentationen","7":"pa_autor-mayr","8":"pa_erscheinungsjahr-21750","9":"pa_region-schweiz","10":"pa_sprache-de","12":"first","13":"outofstock","14":"taxable","15":"shipping-taxable","16":"purchasable","17":"product-type-simple"},"_links":{"self":[{"href":"https:\/\/pizbube.ch\/en\/wp-json\/wp\/v2\/product\/150668","targetHints":{"allow":["GET"]}}],"collection":[{"href":"https:\/\/pizbube.ch\/en\/wp-json\/wp\/v2\/product"}],"about":[{"href":"https:\/\/pizbube.ch\/en\/wp-json\/wp\/v2\/types\/product"}],"wp:featuredmedia":[{"embeddable":true,"href":"https:\/\/pizbube.ch\/en\/wp-json\/wp\/v2\/media\/29610"}],"wp:attachment":[{"href":"https:\/\/pizbube.ch\/en\/wp-json\/wp\/v2\/media?parent=150668"}],"wp:term":[{"taxonomy":"product_brand","embeddable":true,"href":"https:\/\/pizbube.ch\/en\/wp-json\/wp\/v2\/product_brand?post=150668"},{"taxonomy":"product_cat","embeddable":true,"href":"https:\/\/pizbube.ch\/en\/wp-json\/wp\/v2\/product_cat?post=150668"},{"taxonomy":"product_tag","embeddable":true,"href":"https:\/\/pizbube.ch\/en\/wp-json\/wp\/v2\/product_tag?post=150668"}],"curies":[{"name":"wp","href":"https:\/\/api.w.org\/{rel}","templated":true}]}}