{"id":150670,"date":"2021-01-15T11:02:57","date_gmt":"2021-01-15T11:02:57","guid":{"rendered":"https:\/\/codengine3.ch\/?product=import-placeholder-for-208498"},"modified":"2023-12-18T11:57:13","modified_gmt":"2023-12-18T10:57:13","slug":"bahnen-der-jungfrau-region-unterwegs-in-die-gletscherwelt","status":"publish","type":"product","link":"https:\/\/pizbube.ch\/en\/shop\/bahnen-der-jungfrau-region-unterwegs-in-die-gletscherwelt\/","title":{"rendered":"Bahnen der Jungfrau Region \u2013 Unterwegs in die Gletscherwelt"},"content":{"rendered":"<p>Mit der Bahn zur Jungfrauregion<\/p>\n<p>Zaghaft fuhren erste Dampfz\u00fcge auf kurvenreichem Weg zu den aufstrebenden<br \/>\nKurorten im Lauterbrunnen- und Grindelwaldtal. Auf bequeme Weise verk\u00fcrzten<br \/>\nsie so die m\u00fchsame Reise der G\u00e4ste aus aller Herren L\u00e4ndern. Einen Hauch von<br \/>\nAbenteuer versprach die Fahrt \u00fcber die Kleine Scheidegg oder auf die Schynige<br \/>\nPlatte. Doch nicht genug, die Jungfrau selbst r\u00fcckte ins Visier der Bahnbauer.<\/p>\n<p>Wohl kaum l\u00e4sst sich auf so engem Raum die rasante Entwicklung der Bahntechnik<br \/>\nbesser verfolgen als in der Jungfrau Region. Innerhalb weniger Jahrzehnte<br \/>\nbahnten sich Dampflokomotiven, Drahtseilbahnen, die erste Luftseilbahn und als<br \/>\nKr\u00f6nung die Jungfraubahn \u2013 angetrieben von elektrischer Energie eisern ihren<br \/>\nWeg den Gipfeln entgegen.<\/p>\n<p>Das Reisen in den Alpen wurde zum noblen Zeitvertrieb. Doch im Gegensatz zum<br \/>\nm\u00fchelosen Vergn\u00fcgen stand der erbitterte Kampf der Bahnbauer. In nur wenigen<br \/>\nJahren haben sie Werke geschaffen, die bis heute nichts von ihrem Charme<br \/>\nverloren haben. Bahnlinien, angelegt vor \u00fcber hundert Jahren, wurden zur<br \/>\nPulsader des Touris- mus. Sie f\u00fchren Tausende von G\u00e4sten in die Welt der<br \/>\nGletscher, die sie aus eigener Kraft nie erreichen w\u00fcrden. In faszinierenden<br \/>\nBildern widerspiegeln sich die unterschiedlichen Welten der Erbauer und der<br \/>\nG\u00e4ste.<\/p>","protected":false},"excerpt":{"rendered":"<p>Mit der Bahn zur Jungfrauregion Zaghaft fuhren erste Dampfz\u00fcge auf kurvenreichem Weg zu den aufstrebenden Kurorten im Lauterbrunnen- und Grindelwaldtal. Auf bequeme Weise verk\u00fcrzten sie so die m\u00fchsame Reise der G\u00e4ste aus aller Herren L\u00e4ndern. Einen Hauch von Abenteuer versprach die Fahrt \u00fcber die Kleine Scheidegg oder auf die Schynige Platte. Doch nicht genug, die [&#8230;]\n","protected":false},"featured_media":40368,"template":"","meta":[],"product_brand":[],"product_cat":[21542],"product_tag":[],"class_list":{"0":"post-150670","1":"product","2":"type-product","3":"status-publish","4":"has-post-thumbnail","6":"product_cat-sachbuecher-dokumentationen","7":"pa_autor-wenger","8":"pa_erscheinungsjahr-21621","9":"pa_region-schweiz","10":"pa_sprache-de","12":"first","13":"onbackorder","14":"taxable","15":"shipping-taxable","16":"purchasable","17":"product-type-simple"},"_links":{"self":[{"href":"https:\/\/pizbube.ch\/en\/wp-json\/wp\/v2\/product\/150670","targetHints":{"allow":["GET"]}}],"collection":[{"href":"https:\/\/pizbube.ch\/en\/wp-json\/wp\/v2\/product"}],"about":[{"href":"https:\/\/pizbube.ch\/en\/wp-json\/wp\/v2\/types\/product"}],"wp:featuredmedia":[{"embeddable":true,"href":"https:\/\/pizbube.ch\/en\/wp-json\/wp\/v2\/media\/40368"}],"wp:attachment":[{"href":"https:\/\/pizbube.ch\/en\/wp-json\/wp\/v2\/media?parent=150670"}],"wp:term":[{"taxonomy":"product_brand","embeddable":true,"href":"https:\/\/pizbube.ch\/en\/wp-json\/wp\/v2\/product_brand?post=150670"},{"taxonomy":"product_cat","embeddable":true,"href":"https:\/\/pizbube.ch\/en\/wp-json\/wp\/v2\/product_cat?post=150670"},{"taxonomy":"product_tag","embeddable":true,"href":"https:\/\/pizbube.ch\/en\/wp-json\/wp\/v2\/product_tag?post=150670"}],"curies":[{"name":"wp","href":"https:\/\/api.w.org\/{rel}","templated":true}]}}