{"id":150678,"date":"2021-01-15T11:03:02","date_gmt":"2021-01-15T11:03:02","guid":{"rendered":"https:\/\/codengine3.ch\/?product=import-placeholder-for-203881"},"modified":"2023-11-07T09:45:00","modified_gmt":"2023-11-07T08:45:00","slug":"nepal-4","status":"publish","type":"product","link":"https:\/\/pizbube.ch\/en\/shop\/nepal-4\/","title":{"rendered":"Nepal &#8211; Trekkerparadies im Himalaya"},"content":{"rendered":"<p class=\"mt-3\">Trekkerparadies im Himalaya<\/p>\n<p><span class=\"value\">Nepal \u2013 Bergsteiger denken dabei vor allem an das Dach der Welt, die unwirtliche aber faszinierende \u00bbWohnung des Schnees\u00ab. Nepal, das sind aber auch saftig gr\u00fcne Reisterrassen, kleine, gem\u00fctliche D\u00f6rfer mit freundlichen Menschen, tief eingeschnittene T\u00e4ler mit Urw\u00e4ldern und subtropischer Vegetation, aber auch karge Bergw\u00fcsten, wo Reihen von Gebetsfahnen in unwirklich klarer Luft flattern. Nur wenige wissen vom tropisch anmutenden S\u00fcden mit sumpfigen Schwemmebenen und dichtem Dschungel \u2013 ein Naturparadies, in dem Elefanten, Krokodile, Tiger und die letzten Panzernash\u00f6rner leben. Das Land, etwa so gro\u00df wie \u00d6sterreich und die Schweiz zusammen, bietet eine Vielfalt an Landschaftsformen wie man sie sich als naturverbundener Mensch nur w\u00fcnschen kann. All dies macht Nepal \u2013 besonders f\u00fcr Trekkingfreunde \u2013 zu einem der attraktivsten Reisel\u00e4nder \u00fcberhaupt.<\/span><\/p>\n<p>Der Autor Edwin Schmitt besucht das Land seit mehr als drei\u00dfig Jahren. Mit faszinierenden Aufnahmen hat er die Vielfalt der unterschiedlichen Regionen festgehalten. Neben fundierten Beitr\u00e4gen zu Land und Leuten, zu Natur, Religion und Kultur findet der Leser Beschreibungen der 20 wichtigsten Trekkingrouten. Dabei reicht die Tourenpalette von den ber\u00fchmten Klassikern in der Annapurna- und Everest-Region bis zu nicht minder reizvollen Routen in weniger besuchten Regionen, wie etwa dem Mardi- oder Rolwaling-Himalaya. Ein Hightlight \u2013 besonders f\u00fcr hochtourenerprobte Bergsteiger \u2013 ist ein ausf\u00fchrliches Kapitel zu den vielf\u00e4ltigen Besteigungsm\u00f6glichkeiten der F\u00fcnf- und Sechstausender.<\/p>\n<p>Dieser wunderbare Bildband l\u00e4dt zum Schwelgen und Schm\u00f6kern ein. Wer sich dem beim Bl\u00e4ttern unweigerlich entstehenden Fernweh ergibt, findet in diesem Standardwerk wertvolle Informationen f\u00fcr seine Reiseplanung, aber auch eine bildsch\u00f6ne Erinnerung f\u00fcr die Zeit danach.<\/p>\n<p>30 x 26 cm<br \/>\n296 Seiten<br \/>\n<span class=\"value\">2 Altarfalzb\u00f6gen mit 4 Panoramen 88 x 26 cm und 2 Panoramen 117 x 26 cm, Raster, farbig<\/span><br \/>\n6. Auflage<\/p>","protected":false},"excerpt":{"rendered":"<p>Trekkerparadies im Himalaya Nepal \u2013 Bergsteiger denken dabei vor allem an das Dach der Welt, die unwirtliche aber faszinierende \u00bbWohnung des Schnees\u00ab. Nepal, das sind aber auch saftig gr\u00fcne Reisterrassen, kleine, gem\u00fctliche D\u00f6rfer mit freundlichen Menschen, tief eingeschnittene T\u00e4ler mit Urw\u00e4ldern und subtropischer Vegetation, aber auch karge Bergw\u00fcsten, wo Reihen von Gebetsfahnen in unwirklich klarer [&#8230;]\n","protected":false},"featured_media":164558,"template":"","meta":[],"product_brand":[],"product_cat":[21542],"product_tag":[],"class_list":{"0":"post-150678","1":"product","2":"type-product","3":"status-publish","4":"has-post-thumbnail","6":"product_cat-sachbuecher-dokumentationen","7":"pa_autor-schmitt","8":"pa_erscheinungsjahr-21586","9":"pa_region-asien","10":"pa_sprache-de","12":"first","13":"instock","14":"taxable","15":"shipping-taxable","16":"purchasable","17":"product-type-simple"},"_links":{"self":[{"href":"https:\/\/pizbube.ch\/en\/wp-json\/wp\/v2\/product\/150678","targetHints":{"allow":["GET"]}}],"collection":[{"href":"https:\/\/pizbube.ch\/en\/wp-json\/wp\/v2\/product"}],"about":[{"href":"https:\/\/pizbube.ch\/en\/wp-json\/wp\/v2\/types\/product"}],"wp:featuredmedia":[{"embeddable":true,"href":"https:\/\/pizbube.ch\/en\/wp-json\/wp\/v2\/media\/164558"}],"wp:attachment":[{"href":"https:\/\/pizbube.ch\/en\/wp-json\/wp\/v2\/media?parent=150678"}],"wp:term":[{"taxonomy":"product_brand","embeddable":true,"href":"https:\/\/pizbube.ch\/en\/wp-json\/wp\/v2\/product_brand?post=150678"},{"taxonomy":"product_cat","embeddable":true,"href":"https:\/\/pizbube.ch\/en\/wp-json\/wp\/v2\/product_cat?post=150678"},{"taxonomy":"product_tag","embeddable":true,"href":"https:\/\/pizbube.ch\/en\/wp-json\/wp\/v2\/product_tag?post=150678"}],"curies":[{"name":"wp","href":"https:\/\/api.w.org\/{rel}","templated":true}]}}