{"id":150679,"date":"2021-01-15T11:03:02","date_gmt":"2021-01-15T11:03:02","guid":{"rendered":"https:\/\/codengine3.ch\/?product=import-placeholder-for-201042"},"modified":"2021-01-15T11:03:05","modified_gmt":"2021-01-15T11:03:05","slug":"everest-80-jahre","status":"publish","type":"product","link":"https:\/\/pizbube.ch\/en\/shop\/everest-80-jahre\/","title":{"rendered":"Everest 80 Jahre"},"content":{"rendered":"<p>Das Buch mit den gro\u00dfen Everestgeschichten &#8211; endlich neu aufgelegt: Das R\u00e4tsel<br \/>\num Mallory und Irvine, der Gipfelerfolg 53, die Eroberungen der lange<br \/>\nvergeblich belagerten S\u00fcdwestwand und der Kangshung-Wand, Messners Alleingang,<br \/>\nBoardman und Taskers Verschollensein am Nordostgrat bis hin zur Katastrophe<br \/>\nvon 1996.<\/p>","protected":false},"excerpt":{"rendered":"<p>Das Buch mit den gro\u00dfen Everestgeschichten &#8211; endlich neu aufgelegt: Das R\u00e4tsel um Mallory und Irvine, der Gipfelerfolg 53, die Eroberungen der lange vergeblich belagerten S\u00fcdwestwand und der Kangshung-Wand, Messners Alleingang, Boardman und Taskers Verschollensein am Nordostgrat bis hin zur Katastrophe von 1996.<\/p>","protected":false},"featured_media":28197,"template":"","meta":[],"product_brand":[],"product_cat":[21542],"product_tag":[],"class_list":{"0":"post-150679","1":"product","2":"type-product","3":"status-publish","4":"has-post-thumbnail","6":"product_cat-sachbuecher-dokumentationen","7":"pa_autor-gillmann","8":"pa_erscheinungsjahr-22242","9":"pa_region-asien","10":"pa_sprache-de","12":"first","13":"instock","14":"taxable","15":"shipping-taxable","16":"purchasable","17":"product-type-simple"},"_links":{"self":[{"href":"https:\/\/pizbube.ch\/en\/wp-json\/wp\/v2\/product\/150679","targetHints":{"allow":["GET"]}}],"collection":[{"href":"https:\/\/pizbube.ch\/en\/wp-json\/wp\/v2\/product"}],"about":[{"href":"https:\/\/pizbube.ch\/en\/wp-json\/wp\/v2\/types\/product"}],"wp:featuredmedia":[{"embeddable":true,"href":"https:\/\/pizbube.ch\/en\/wp-json\/wp\/v2\/media\/28197"}],"wp:attachment":[{"href":"https:\/\/pizbube.ch\/en\/wp-json\/wp\/v2\/media?parent=150679"}],"wp:term":[{"taxonomy":"product_brand","embeddable":true,"href":"https:\/\/pizbube.ch\/en\/wp-json\/wp\/v2\/product_brand?post=150679"},{"taxonomy":"product_cat","embeddable":true,"href":"https:\/\/pizbube.ch\/en\/wp-json\/wp\/v2\/product_cat?post=150679"},{"taxonomy":"product_tag","embeddable":true,"href":"https:\/\/pizbube.ch\/en\/wp-json\/wp\/v2\/product_tag?post=150679"}],"curies":[{"name":"wp","href":"https:\/\/api.w.org\/{rel}","templated":true}]}}