{"id":150680,"date":"2021-01-15T11:03:02","date_gmt":"2021-01-15T11:03:02","guid":{"rendered":"https:\/\/codengine3.ch\/?product=import-placeholder-for-204036"},"modified":"2021-01-15T14:29:04","modified_gmt":"2021-01-15T14:29:04","slug":"everest-lhotse-schweizer-am-everest-1952-und-1956","status":"publish","type":"product","link":"https:\/\/pizbube.ch\/en\/shop\/everest-lhotse-schweizer-am-everest-1952-und-1956\/","title":{"rendered":"Everest &#8211; Lhotse Schweizer am Everest 1952 und 1956"},"content":{"rendered":"<p>Die F\u00fcnfzigerjahre des 20. Jahrhunderts waren die erfolgreichen Jahre des<br \/>\nH\u00f6henbergsteigens: zw\u00f6lf der vierzehn Achttausender wurden in diesen zehn<br \/>\nJahren erstbestiegen. Dabei kam den Schweizer Expeditionen, die von der 1939<br \/>\ngegr\u00fcndeten Schweizerischen Stiftung f\u00fcr Alpine Forschung unterst\u00fctzt wurden,<br \/>\neine wichtige Vorreiterrolle zu. Die Everest-Expedition von 1952 erreichte ein<br \/>\nJahr vor der Erstbesteigung am h\u00f6chsten Gipfel der Welt eine H\u00f6he von fast<br \/>\n8600 Metern.  <\/p>\n<p>Die eindrucksvollen Fotografien aus dem Archiv der Schweizerischen Stiftung<br \/>\nf\u00fcr Alpine Forschung sind Rarit\u00e4ten und w\u00fcrdigen die Wegbereiter von 1952 und<br \/>\ndie Erstbesteiger von 1956 in einer besonderen Himalaja- Dokumentation.  <\/p>","protected":false},"excerpt":{"rendered":"<p>Die F\u00fcnfzigerjahre des 20. Jahrhunderts waren die erfolgreichen Jahre des H\u00f6henbergsteigens: zw\u00f6lf der vierzehn Achttausender wurden in diesen zehn Jahren erstbestiegen. Dabei kam den Schweizer Expeditionen, die von der 1939 gegr\u00fcndeten Schweizerischen Stiftung f\u00fcr Alpine Forschung unterst\u00fctzt wurden, eine wichtige Vorreiterrolle zu. Die Everest-Expedition von 1952 erreichte ein Jahr vor der Erstbesteigung am h\u00f6chsten Gipfel [&#8230;]\n","protected":false},"featured_media":31771,"template":"","meta":[],"product_brand":[],"product_cat":[21542],"product_tag":[],"class_list":{"0":"post-150680","1":"product","2":"type-product","3":"status-publish","4":"has-post-thumbnail","6":"product_cat-sachbuecher-dokumentationen","7":"pa_autor-oelz","8":"pa_erscheinungsjahr-21763","9":"pa_region-asien","10":"pa_sprache-de","12":"first","13":"outofstock","14":"taxable","15":"shipping-taxable","16":"purchasable","17":"product-type-simple"},"_links":{"self":[{"href":"https:\/\/pizbube.ch\/en\/wp-json\/wp\/v2\/product\/150680","targetHints":{"allow":["GET"]}}],"collection":[{"href":"https:\/\/pizbube.ch\/en\/wp-json\/wp\/v2\/product"}],"about":[{"href":"https:\/\/pizbube.ch\/en\/wp-json\/wp\/v2\/types\/product"}],"wp:featuredmedia":[{"embeddable":true,"href":"https:\/\/pizbube.ch\/en\/wp-json\/wp\/v2\/media\/31771"}],"wp:attachment":[{"href":"https:\/\/pizbube.ch\/en\/wp-json\/wp\/v2\/media?parent=150680"}],"wp:term":[{"taxonomy":"product_brand","embeddable":true,"href":"https:\/\/pizbube.ch\/en\/wp-json\/wp\/v2\/product_brand?post=150680"},{"taxonomy":"product_cat","embeddable":true,"href":"https:\/\/pizbube.ch\/en\/wp-json\/wp\/v2\/product_cat?post=150680"},{"taxonomy":"product_tag","embeddable":true,"href":"https:\/\/pizbube.ch\/en\/wp-json\/wp\/v2\/product_tag?post=150680"}],"curies":[{"name":"wp","href":"https:\/\/api.w.org\/{rel}","templated":true}]}}