{"id":150684,"date":"2021-01-15T11:03:02","date_gmt":"2021-01-15T11:03:02","guid":{"rendered":"https:\/\/codengine3.ch\/?product=import-placeholder-for-204143"},"modified":"2021-01-15T14:30:13","modified_gmt":"2021-01-15T14:30:13","slug":"auf-steilen-schienen-in-die-berge","status":"publish","type":"product","link":"https:\/\/pizbube.ch\/en\/shop\/auf-steilen-schienen-in-die-berge\/","title":{"rendered":"Auf steilen Schienen in die Berge"},"content":{"rendered":"<p>Die sch\u00f6nsten Panoramaziele mit der Bahn entdecken. Mit Wander- und<br \/>\nTourenvorschl\u00e4ge. Sie sind die Veteranen unter den Bergbahnen in den Alpen:<br \/>\ndie Zahnradbahnen. Urlauber genie\u00dfen den nostalgischen Zauber,<br \/>\nHobbyeisenbahner fasziniert die Zahnradtechnik und Wanderer sch\u00e4tzen sie als<br \/>\numweltfreundliche Aufstiegshilfen. Dieser opulente Bildband verbindet den<br \/>\nCharme dieses Verkehrsmittels mit hunderten von Panoramazielen und Wandertipps<br \/>\nin der herrlichen Bergwelt der Schweiz. Dazu enth\u00e4lt der Band alles<br \/>\nWissenswerte zu den Bahnanlagen. Zahlr. farb. Fotos. 143 S.<\/p>","protected":false},"excerpt":{"rendered":"<p>Die sch\u00f6nsten Panoramaziele mit der Bahn entdecken. Mit Wander- und Tourenvorschl\u00e4ge. Sie sind die Veteranen unter den Bergbahnen in den Alpen: die Zahnradbahnen. Urlauber genie\u00dfen den nostalgischen Zauber, Hobbyeisenbahner fasziniert die Zahnradtechnik und Wanderer sch\u00e4tzen sie als umweltfreundliche Aufstiegshilfen. Dieser opulente Bildband verbindet den Charme dieses Verkehrsmittels mit hunderten von Panoramazielen und Wandertipps in der [&#8230;]\n","protected":false},"featured_media":31909,"template":"","meta":[],"product_brand":[],"product_cat":[21542],"product_tag":[],"class_list":{"0":"post-150684","1":"product","2":"type-product","3":"status-publish","4":"has-post-thumbnail","6":"product_cat-sachbuecher-dokumentationen","7":"pa_autor-gohl","8":"pa_erscheinungsjahr-21920","9":"pa_region-schweiz","10":"pa_sprache-de","12":"first","13":"outofstock","14":"taxable","15":"shipping-taxable","16":"purchasable","17":"product-type-simple"},"_links":{"self":[{"href":"https:\/\/pizbube.ch\/en\/wp-json\/wp\/v2\/product\/150684","targetHints":{"allow":["GET"]}}],"collection":[{"href":"https:\/\/pizbube.ch\/en\/wp-json\/wp\/v2\/product"}],"about":[{"href":"https:\/\/pizbube.ch\/en\/wp-json\/wp\/v2\/types\/product"}],"wp:featuredmedia":[{"embeddable":true,"href":"https:\/\/pizbube.ch\/en\/wp-json\/wp\/v2\/media\/31909"}],"wp:attachment":[{"href":"https:\/\/pizbube.ch\/en\/wp-json\/wp\/v2\/media?parent=150684"}],"wp:term":[{"taxonomy":"product_brand","embeddable":true,"href":"https:\/\/pizbube.ch\/en\/wp-json\/wp\/v2\/product_brand?post=150684"},{"taxonomy":"product_cat","embeddable":true,"href":"https:\/\/pizbube.ch\/en\/wp-json\/wp\/v2\/product_cat?post=150684"},{"taxonomy":"product_tag","embeddable":true,"href":"https:\/\/pizbube.ch\/en\/wp-json\/wp\/v2\/product_tag?post=150684"}],"curies":[{"name":"wp","href":"https:\/\/api.w.org\/{rel}","templated":true}]}}