{"id":150685,"date":"2021-01-15T11:03:02","date_gmt":"2021-01-15T11:03:02","guid":{"rendered":"https:\/\/codengine3.ch\/?product=import-placeholder-for-206121"},"modified":"2023-07-26T10:26:02","modified_gmt":"2023-07-26T08:26:02","slug":"der-niesen-und-seine-bahn","status":"publish","type":"product","link":"https:\/\/pizbube.ch\/en\/shop\/der-niesen-und-seine-bahn\/","title":{"rendered":"Der Niesen und seine Bahn"},"content":{"rendered":"<p>Eine Hommage an die Erbauer der Niesenbahn<\/p>\n<p>Das 333 Seiten umfassende Jubil\u00e4umsbuch zum 100-j\u00e4hrigen Bestehen der<br \/>\nNiesenbahn handelt von der Geologie \u00fcber die Zeiten der S\u00e4umer und die Idee<br \/>\neiner Bergbahn bis zu deren Fertigstellung. Der Niesen als Kunstobjekt,<br \/>\nSportberg, Kinderspielplatz und einmalig attraktives Fotomodell rundet das<br \/>\nvielfarbige Buch mit zahlreichen eindr\u00fccklichen Bildern ab. Ein Buch, welches<br \/>\nder Autor Bruno Petroni mit viel Herzblut verfasst hat.<\/p>","protected":false},"excerpt":{"rendered":"<p>Eine Hommage an die Erbauer der Niesenbahn Das 333 Seiten umfassende Jubil\u00e4umsbuch zum 100-j\u00e4hrigen Bestehen der Niesenbahn handelt von der Geologie \u00fcber die Zeiten der S\u00e4umer und die Idee einer Bergbahn bis zu deren Fertigstellung. Der Niesen als Kunstobjekt, Sportberg, Kinderspielplatz und einmalig attraktives Fotomodell rundet das vielfarbige Buch mit zahlreichen eindr\u00fccklichen Bildern ab. Ein [&#8230;]\n","protected":false},"featured_media":35043,"template":"","meta":[],"product_brand":[],"product_cat":[21542],"product_tag":[],"class_list":{"0":"post-150685","1":"product","2":"type-product","3":"status-publish","4":"has-post-thumbnail","6":"product_cat-sachbuecher-dokumentationen","7":"pa_autor-petroni","8":"pa_erscheinungsjahr-21830","9":"pa_region-schweiz","10":"pa_sprache-de","12":"first","13":"outofstock","14":"taxable","15":"shipping-taxable","16":"purchasable","17":"product-type-simple"},"_links":{"self":[{"href":"https:\/\/pizbube.ch\/en\/wp-json\/wp\/v2\/product\/150685","targetHints":{"allow":["GET"]}}],"collection":[{"href":"https:\/\/pizbube.ch\/en\/wp-json\/wp\/v2\/product"}],"about":[{"href":"https:\/\/pizbube.ch\/en\/wp-json\/wp\/v2\/types\/product"}],"wp:featuredmedia":[{"embeddable":true,"href":"https:\/\/pizbube.ch\/en\/wp-json\/wp\/v2\/media\/35043"}],"wp:attachment":[{"href":"https:\/\/pizbube.ch\/en\/wp-json\/wp\/v2\/media?parent=150685"}],"wp:term":[{"taxonomy":"product_brand","embeddable":true,"href":"https:\/\/pizbube.ch\/en\/wp-json\/wp\/v2\/product_brand?post=150685"},{"taxonomy":"product_cat","embeddable":true,"href":"https:\/\/pizbube.ch\/en\/wp-json\/wp\/v2\/product_cat?post=150685"},{"taxonomy":"product_tag","embeddable":true,"href":"https:\/\/pizbube.ch\/en\/wp-json\/wp\/v2\/product_tag?post=150685"}],"curies":[{"name":"wp","href":"https:\/\/api.w.org\/{rel}","templated":true}]}}