{"id":150686,"date":"2021-01-15T11:03:02","date_gmt":"2021-01-15T11:03:02","guid":{"rendered":"https:\/\/codengine3.ch\/?product=import-placeholder-for-207120"},"modified":"2021-01-15T14:55:19","modified_gmt":"2021-01-15T14:55:19","slug":"jungfraujoch-top-of-europe","status":"publish","type":"product","link":"https:\/\/pizbube.ch\/en\/shop\/jungfraujoch-top-of-europe\/","title":{"rendered":"Jungfraujoch \u2013 Top of Europe"},"content":{"rendered":"<p>Touristischer H\u00f6hepunkt auf 3450 Metern  <\/p>\n<p>Rund 650 000 Touristen aus aller Welt fahren j\u00e4hrlich auf das Jungfraujoch.<br \/>\nDie Fahrt mit der Jungfraubahn von der Kleinen Scheidegg, durch die<br \/>\nber\u00fcchtigte und weltber\u00fchmte Nordwand des Eigers auf das Jungfraujoch zur<br \/>\nh\u00f6chstgelegenen Bahnstation Europas, ist einzigartig und geh\u00f6rt zu den<br \/>\nbeliebtesten Bahnfahrten weltweit. Das Jungfraujoch, beim ewigen Eis des<br \/>\nAletschgletschers gelegen, am l\u00e4ngsten Gletscher der Alpen, umgeben von Eiger,<br \/>\nM\u00f6nch und Jungfrau, mit Blick in die gross-artigen Gipfelwelten der Berner und<br \/>\nWalliser Alpen \u2013 das ist &#8218;Top of Europe&#8216;! Die Geschichte der Jungfraubahn mit<br \/>\ndem vision\u00e4ren Pionierwerk von Adolf Guyer-Zeller ist in der Bahngeschichte<br \/>\neinmalig.  <\/p>\n<p>Das Buch zum 100-Jahr-Jubil\u00e4um der Jungfraubahn zeigt den Bahnbetrieb von den<br \/>\nAnf\u00e4ngen bis heute in allen Facetten. Als erstes Weltnaturerbe der Alpen wurde<br \/>\n2001 das Gebiet Jungfrau-Aletsch-Bietschhorn in die UNESCO-Welterbe-Liste<br \/>\naufgenommen. Die einzigartige Bergwelt und Landschaft rund um die Jungfraubahn<br \/>\nnimmt einen zentralen Platz im Buch ein. Das umfangreiche, informative und<br \/>\nsch\u00f6n gestaltete Buch, von namhaften Autoren geschrieben und von bekannten<br \/>\nFotografen bebildert, wird nachhaltig \u00fcber das Jubil\u00e4umsjahr 2012 hinaus<br \/>\nTouristen aus aller Welt begeistern.  <\/p>","protected":false},"excerpt":{"rendered":"<p>Touristischer H\u00f6hepunkt auf 3450 Metern Rund 650 000 Touristen aus aller Welt fahren j\u00e4hrlich auf das Jungfraujoch. Die Fahrt mit der Jungfraubahn von der Kleinen Scheidegg, durch die ber\u00fcchtigte und weltber\u00fchmte Nordwand des Eigers auf das Jungfraujoch zur h\u00f6chstgelegenen Bahnstation Europas, ist einzigartig und geh\u00f6rt zu den beliebtesten Bahnfahrten weltweit. Das Jungfraujoch, beim ewigen Eis [&#8230;]\n","protected":false},"featured_media":36728,"template":"","meta":[],"product_brand":[],"product_cat":[21542],"product_tag":[],"class_list":{"0":"post-150686","1":"product","2":"type-product","3":"status-publish","4":"has-post-thumbnail","6":"product_cat-sachbuecher-dokumentationen","7":"pa_autor-krebs","8":"pa_erscheinungsjahr-21610","9":"pa_region-schweiz","10":"pa_sprache-de","12":"first","13":"instock","14":"taxable","15":"shipping-taxable","16":"purchasable","17":"product-type-simple"},"_links":{"self":[{"href":"https:\/\/pizbube.ch\/en\/wp-json\/wp\/v2\/product\/150686","targetHints":{"allow":["GET"]}}],"collection":[{"href":"https:\/\/pizbube.ch\/en\/wp-json\/wp\/v2\/product"}],"about":[{"href":"https:\/\/pizbube.ch\/en\/wp-json\/wp\/v2\/types\/product"}],"wp:featuredmedia":[{"embeddable":true,"href":"https:\/\/pizbube.ch\/en\/wp-json\/wp\/v2\/media\/36728"}],"wp:attachment":[{"href":"https:\/\/pizbube.ch\/en\/wp-json\/wp\/v2\/media?parent=150686"}],"wp:term":[{"taxonomy":"product_brand","embeddable":true,"href":"https:\/\/pizbube.ch\/en\/wp-json\/wp\/v2\/product_brand?post=150686"},{"taxonomy":"product_cat","embeddable":true,"href":"https:\/\/pizbube.ch\/en\/wp-json\/wp\/v2\/product_cat?post=150686"},{"taxonomy":"product_tag","embeddable":true,"href":"https:\/\/pizbube.ch\/en\/wp-json\/wp\/v2\/product_tag?post=150686"}],"curies":[{"name":"wp","href":"https:\/\/api.w.org\/{rel}","templated":true}]}}