{"id":150687,"date":"2021-01-15T11:03:02","date_gmt":"2021-01-15T11:03:02","guid":{"rendered":"https:\/\/codengine3.ch\/?product=import-placeholder-for-201044"},"modified":"2021-01-15T11:03:05","modified_gmt":"2021-01-15T11:03:05","slug":"sehnsucht-himalaya","status":"publish","type":"product","link":"https:\/\/pizbube.ch\/en\/shop\/sehnsucht-himalaya\/","title":{"rendered":"Sehnsucht Himalaya"},"content":{"rendered":"<p>Alltagsgeografie und Naturdiskurs in Bergsteigerberichten:<br \/>\nSeit mehr als hundert Jahren brechen Bergsteigende in den Himalaya auf. Noch<br \/>\nin den 20er und 30er Jahren kehrten die Expeditionen unverrichteter Dinge aus<br \/>\nden Hochgebirgen Innerasiens zur\u00fcck. Trotz riesigen Materialschlachten mit<br \/>\nTonnen an Ausr\u00fcstung, die durch Dutzende von einheimischen Tr\u00e4gerInnen<br \/>\nhochgeschleppt wurden, konnte der Gipfelsieg nicht erzwungen werden. Erst nach<br \/>\ndem Zweiten Weltkrieg feierten die westlichen L\u00e4nder in ihrem Wettlauf um die<br \/>\nh\u00f6chsten Gipfelziele Erfolge. W\u00e4hrend der 50er und fr\u00fchen 60er Jahre teilten<br \/>\ndie Bergsteigernationen die meisten Achttausender unter sich auf.<br \/>\nDas Buch unternimmt einen kritischen Streifzug durch die Literatur des<br \/>\nAlpinismus und Himalayismus.<\/p>","protected":false},"excerpt":{"rendered":"<p>Alltagsgeografie und Naturdiskurs in Bergsteigerberichten: Seit mehr als hundert Jahren brechen Bergsteigende in den Himalaya auf. Noch in den 20er und 30er Jahren kehrten die Expeditionen unverrichteter Dinge aus den Hochgebirgen Innerasiens zur\u00fcck. Trotz riesigen Materialschlachten mit Tonnen an Ausr\u00fcstung, die durch Dutzende von einheimischen Tr\u00e4gerInnen hochgeschleppt wurden, konnte der Gipfelsieg nicht erzwungen werden. Erst [&#8230;]\n","protected":false},"featured_media":45070,"template":"","meta":[],"product_brand":[],"product_cat":[21542],"product_tag":[],"class_list":{"0":"post-150687","1":"product","2":"type-product","3":"status-publish","4":"has-post-thumbnail","6":"product_cat-sachbuecher-dokumentationen","7":"pa_autor-siegrist","8":"pa_erscheinungsjahr-22151","9":"pa_region-asien","10":"pa_sprache-de","12":"first","13":"instock","14":"taxable","15":"shipping-taxable","16":"purchasable","17":"product-type-simple"},"_links":{"self":[{"href":"https:\/\/pizbube.ch\/en\/wp-json\/wp\/v2\/product\/150687","targetHints":{"allow":["GET"]}}],"collection":[{"href":"https:\/\/pizbube.ch\/en\/wp-json\/wp\/v2\/product"}],"about":[{"href":"https:\/\/pizbube.ch\/en\/wp-json\/wp\/v2\/types\/product"}],"wp:featuredmedia":[{"embeddable":true,"href":"https:\/\/pizbube.ch\/en\/wp-json\/wp\/v2\/media\/45070"}],"wp:attachment":[{"href":"https:\/\/pizbube.ch\/en\/wp-json\/wp\/v2\/media?parent=150687"}],"wp:term":[{"taxonomy":"product_brand","embeddable":true,"href":"https:\/\/pizbube.ch\/en\/wp-json\/wp\/v2\/product_brand?post=150687"},{"taxonomy":"product_cat","embeddable":true,"href":"https:\/\/pizbube.ch\/en\/wp-json\/wp\/v2\/product_cat?post=150687"},{"taxonomy":"product_tag","embeddable":true,"href":"https:\/\/pizbube.ch\/en\/wp-json\/wp\/v2\/product_tag?post=150687"}],"curies":[{"name":"wp","href":"https:\/\/api.w.org\/{rel}","templated":true}]}}