{"id":150688,"date":"2021-01-15T11:03:02","date_gmt":"2021-01-15T11:03:02","guid":{"rendered":"https:\/\/codengine3.ch\/?product=import-placeholder-for-203423"},"modified":"2021-01-15T14:23:06","modified_gmt":"2021-01-15T14:23:06","slug":"himalaya","status":"publish","type":"product","link":"https:\/\/pizbube.ch\/en\/shop\/himalaya\/","title":{"rendered":"Himalaya"},"content":{"rendered":"<p>Im Himalaya erscheint alles grenzenlos und geheimnisumwoben. Neben den<br \/>\nhimmelhohen Gipfeln und W\u00e4nden erschlie\u00dfen sich Mythos und Magie des<br \/>\ngewaltigsten Gebirges der Erde in einzigartigen Bildern und tiefsch\u00fcrfendem<br \/>\nText. 144 Seiten, 25,8 x 34,5 cm<\/p>","protected":false},"excerpt":{"rendered":"<p>Im Himalaya erscheint alles grenzenlos und geheimnisumwoben. Neben den himmelhohen Gipfeln und W\u00e4nden erschlie\u00dfen sich Mythos und Magie des gewaltigsten Gebirges der Erde in einzigartigen Bildern und tiefsch\u00fcrfendem Text. 144 Seiten, 25,8 x 34,5 cm<\/p>","protected":false},"featured_media":31030,"template":"","meta":[],"product_brand":[],"product_cat":[21542],"product_tag":[],"class_list":{"0":"post-150688","1":"product","2":"type-product","3":"status-publish","4":"has-post-thumbnail","6":"product_cat-sachbuecher-dokumentationen","7":"pa_autor-majrani","8":"pa_erscheinungsjahr-22242","9":"pa_region-asien","10":"pa_sprache-de","12":"first","13":"instock","14":"taxable","15":"shipping-taxable","16":"purchasable","17":"product-type-simple"},"_links":{"self":[{"href":"https:\/\/pizbube.ch\/en\/wp-json\/wp\/v2\/product\/150688","targetHints":{"allow":["GET"]}}],"collection":[{"href":"https:\/\/pizbube.ch\/en\/wp-json\/wp\/v2\/product"}],"about":[{"href":"https:\/\/pizbube.ch\/en\/wp-json\/wp\/v2\/types\/product"}],"wp:featuredmedia":[{"embeddable":true,"href":"https:\/\/pizbube.ch\/en\/wp-json\/wp\/v2\/media\/31030"}],"wp:attachment":[{"href":"https:\/\/pizbube.ch\/en\/wp-json\/wp\/v2\/media?parent=150688"}],"wp:term":[{"taxonomy":"product_brand","embeddable":true,"href":"https:\/\/pizbube.ch\/en\/wp-json\/wp\/v2\/product_brand?post=150688"},{"taxonomy":"product_cat","embeddable":true,"href":"https:\/\/pizbube.ch\/en\/wp-json\/wp\/v2\/product_cat?post=150688"},{"taxonomy":"product_tag","embeddable":true,"href":"https:\/\/pizbube.ch\/en\/wp-json\/wp\/v2\/product_tag?post=150688"}],"curies":[{"name":"wp","href":"https:\/\/api.w.org\/{rel}","templated":true}]}}