{"id":150690,"date":"2021-01-15T11:03:02","date_gmt":"2021-01-15T11:03:02","guid":{"rendered":"https:\/\/codengine3.ch\/?product=import-placeholder-for-205049"},"modified":"2021-01-15T14:38:18","modified_gmt":"2021-01-15T14:38:18","slug":"illustrierter-atlas-des-himalaya","status":"publish","type":"product","link":"https:\/\/pizbube.ch\/en\/shop\/illustrierter-atlas-des-himalaya\/","title":{"rendered":"Illustrierter Atlas des Himalaya"},"content":{"rendered":"<p>Dieses Werk ist der erste farbige und umfassende Atlas der Geografie,<br \/>\nWirtschaft, Politik und Kultur dieser spektakul\u00e4ren Region. Es bietet einen<br \/>\n\u00dcberblick \u00fcber die gegenw\u00e4rtige Landschaft und das Leben in den h\u00f6chsten<br \/>\nBergen der Erde. Aufbauend auf der 25-j\u00e4hrigen Erfahrung der Autoren in<br \/>\nStudien und Feldarbeit, beinhaltet das Buch eine beeindruckende und<br \/>\neinzigartige Kollektion modernster Karten, ausgesuchter Fotografien und<br \/>\npackender Texte, und liefert eine akkurate Betrachtung des Himalayas. Der<br \/>\nAtlas behandelt die gesamte 2700 Kilometer lange Gebirgsregion vom Indus- Tal<br \/>\nim n\u00f6rdlichen Pakistan und Indien \u00fcber Nepal und Bhutan bis zu den verborgenen<br \/>\nK\u00f6nigreichen Nordostindiens. Ausgestattet mit 156 leicht verst\u00e4ndlichen,<br \/>\neigens erstellten farbigen Karten und 158 Fotos sowie mit fundierten Texten<br \/>\nund Registern ist der Illustrierte Atlas des Himalaya ein Schmuckst\u00fcck jeder<br \/>\nLiteratursammlung und ein essentielles Nachschlagewerk \u00fcber diese weite und<br \/>\nkomplexe Bergregion.  <\/p>\n<p>Aus dem Inhalt: Geologie, Klima, nat\u00fcrliche Gefahren, fr\u00fche Zivilisationen,<br \/>\nBev\u00f6lkerung, Kultur und Volkstum, Umsiedelung und Urbanisierung, Transport,<br \/>\nRegierungsform und Menschenrechte, landwirtschaftliche Nutzfl\u00e4chen, W\u00e4lder,<br \/>\nmineralische Rohstoffe, Wasserreserven, Tierwelt, Pilgerfahrten, Erforschung,<br \/>\nBergsteiger, Trekker und moderner Tourismus.  <\/p>","protected":false},"excerpt":{"rendered":"<p>Dieses Werk ist der erste farbige und umfassende Atlas der Geografie, Wirtschaft, Politik und Kultur dieser spektakul\u00e4ren Region. Es bietet einen \u00dcberblick \u00fcber die gegenw\u00e4rtige Landschaft und das Leben in den h\u00f6chsten Bergen der Erde. Aufbauend auf der 25-j\u00e4hrigen Erfahrung der Autoren in Studien und Feldarbeit, beinhaltet das Buch eine beeindruckende und einzigartige Kollektion modernster [&#8230;]\n","protected":false},"featured_media":33644,"template":"","meta":[],"product_brand":[],"product_cat":[21542],"product_tag":[],"class_list":{"0":"post-150690","1":"product","2":"type-product","3":"status-publish","4":"has-post-thumbnail","6":"product_cat-sachbuecher-dokumentationen","7":"pa_autor-zurick-pacheco","8":"pa_erscheinungsjahr-21842","9":"pa_region-asien","10":"pa_sprache-de","12":"first","13":"outofstock","14":"taxable","15":"shipping-taxable","16":"purchasable","17":"product-type-simple"},"_links":{"self":[{"href":"https:\/\/pizbube.ch\/en\/wp-json\/wp\/v2\/product\/150690","targetHints":{"allow":["GET"]}}],"collection":[{"href":"https:\/\/pizbube.ch\/en\/wp-json\/wp\/v2\/product"}],"about":[{"href":"https:\/\/pizbube.ch\/en\/wp-json\/wp\/v2\/types\/product"}],"wp:featuredmedia":[{"embeddable":true,"href":"https:\/\/pizbube.ch\/en\/wp-json\/wp\/v2\/media\/33644"}],"wp:attachment":[{"href":"https:\/\/pizbube.ch\/en\/wp-json\/wp\/v2\/media?parent=150690"}],"wp:term":[{"taxonomy":"product_brand","embeddable":true,"href":"https:\/\/pizbube.ch\/en\/wp-json\/wp\/v2\/product_brand?post=150690"},{"taxonomy":"product_cat","embeddable":true,"href":"https:\/\/pizbube.ch\/en\/wp-json\/wp\/v2\/product_cat?post=150690"},{"taxonomy":"product_tag","embeddable":true,"href":"https:\/\/pizbube.ch\/en\/wp-json\/wp\/v2\/product_tag?post=150690"}],"curies":[{"name":"wp","href":"https:\/\/api.w.org\/{rel}","templated":true}]}}