{"id":150693,"date":"2021-01-15T11:03:02","date_gmt":"2021-01-15T11:03:02","guid":{"rendered":"https:\/\/codengine3.ch\/?product=import-placeholder-for-205152"},"modified":"2023-12-21T14:32:45","modified_gmt":"2023-12-21T13:32:45","slug":"alpes-alpi-alpen-alps","status":"publish","type":"product","link":"https:\/\/pizbube.ch\/en\/shop\/alpes-alpi-alpen-alps\/","title":{"rendered":"Alpes &#8211; Alpi &#8211; Alpen &#8211; Alps"},"content":{"rendered":"<p class=\"biblioTitle\"><span class=\"value\">Alpes \/ Alpi \/ Alpen \/ Alps<\/span><\/p>\n<p>Photochrombuch Alpen<\/p>\n<p>Faszinierende Bilder von ca. 1895 bis 1911 im Photochrom-Verfahren.<br \/>\nHergestellt von Art Inst. Orell F\u00fcssli.<br \/>\nAus den Bildbest\u00e4nden der Photoglob AG, im November 2007 aufgelegt.<\/p>\n<p>Ein Bildband mit den Massen 50.5 x 30.5 cm &#8211; Die oft doppelseitigen Fotos<br \/>\nzeigen die Bergwelt, vor allem bekannte Stellen der Schweizer Alpen wie Kleine<br \/>\nScheidegg und Zermatt, in der sogenannten Photochrom-Technik. Damit wurden<br \/>\nSchwarzweiss-Fotos wunderbar koloriert, und wir erleben den Alpentourismus,<br \/>\nwie er vor hundert Jahren war.<\/p>\n<p>&nbsp;<\/p>\n<p>Pour cet ouvrage, il fallait un format exceptionnel qui autorise la reproduction grandeur nature des rares photochromes g\u00e9ants produits par la soci\u00e9t\u00e9 Photoglob Zurich. Ces &#187; mammoths &#187; comme les nomment les Am\u00e9ricains, furent r\u00e9alis\u00e9s en tr\u00e8s petit nombre (192 vues) et en s\u00e9ries limit\u00e9es. La collection propos\u00e9e ici couvre la quasi-totalit\u00e9 de l&#8217;arc alpin : du mont Blanc au Tyrol, des Alpes bavaroises aux Dolomites. A l&#8217;heure o\u00f9 les glaciers sont en train de dispara\u00eetre, ces images des Alpes t\u00e9moignent de la physionomie et de la beaut\u00e9 inviol\u00e9e de l&#8217;un des plus importants massifs de notre plan\u00e8te il y a seulement une centaine d&#8217;ann\u00e9es&#8230; Cet album s&#8217;adresse aux passionn\u00e9s de nature, aux grimpeurs et \u00e0 tous les amoureux des Alpes.<\/p>","protected":false},"excerpt":{"rendered":"<p>Alpes \/ Alpi \/ Alpen \/ Alps Photochrombuch Alpen Faszinierende Bilder von ca. 1895 bis 1911 im Photochrom-Verfahren. Hergestellt von Art Inst. Orell F\u00fcssli. Aus den Bildbest\u00e4nden der Photoglob AG, im November 2007 aufgelegt. Ein Bildband mit den Massen 50.5 x 30.5 cm &#8211; Die oft doppelseitigen Fotos zeigen die Bergwelt, vor allem bekannte Stellen [&#8230;]\n","protected":false},"featured_media":158275,"template":"","meta":[],"product_brand":[],"product_cat":[21542],"product_tag":[],"class_list":{"0":"post-150693","1":"product","2":"type-product","3":"status-publish","4":"has-post-thumbnail","6":"product_cat-sachbuecher-dokumentationen","7":"pa_autor-couzy-et-alt","8":"pa_erscheinungsjahr-21842","9":"pa_region-schweiz","10":"pa_sprache-d","11":"pa_sprache-e","12":"pa_sprache-f","13":"pa_sprache-i","15":"first","16":"outofstock","17":"taxable","18":"shipping-taxable","19":"purchasable","20":"product-type-simple"},"_links":{"self":[{"href":"https:\/\/pizbube.ch\/en\/wp-json\/wp\/v2\/product\/150693","targetHints":{"allow":["GET"]}}],"collection":[{"href":"https:\/\/pizbube.ch\/en\/wp-json\/wp\/v2\/product"}],"about":[{"href":"https:\/\/pizbube.ch\/en\/wp-json\/wp\/v2\/types\/product"}],"wp:featuredmedia":[{"embeddable":true,"href":"https:\/\/pizbube.ch\/en\/wp-json\/wp\/v2\/media\/158275"}],"wp:attachment":[{"href":"https:\/\/pizbube.ch\/en\/wp-json\/wp\/v2\/media?parent=150693"}],"wp:term":[{"taxonomy":"product_brand","embeddable":true,"href":"https:\/\/pizbube.ch\/en\/wp-json\/wp\/v2\/product_brand?post=150693"},{"taxonomy":"product_cat","embeddable":true,"href":"https:\/\/pizbube.ch\/en\/wp-json\/wp\/v2\/product_cat?post=150693"},{"taxonomy":"product_tag","embeddable":true,"href":"https:\/\/pizbube.ch\/en\/wp-json\/wp\/v2\/product_tag?post=150693"}],"curies":[{"name":"wp","href":"https:\/\/api.w.org\/{rel}","templated":true}]}}