{"id":150695,"date":"2021-01-15T11:03:03","date_gmt":"2021-01-15T11:03:03","guid":{"rendered":"https:\/\/codengine3.ch\/?product=import-placeholder-for-201046"},"modified":"2021-01-15T11:03:06","modified_gmt":"2021-01-15T11:03:06","slug":"hautes-cimes-du-mont-blanc","status":"publish","type":"product","link":"https:\/\/pizbube.ch\/en\/shop\/hautes-cimes-du-mont-blanc\/","title":{"rendered":"hautes cimes du Mont- Blanc"},"content":{"rendered":"<p>Phantastischer Bildband! Plus qu&#8217;un beau livre de photographies, un v\u00e9ritable<br \/>\nouvrage de r\u00e9f\u00e9rence sur l&#8217;histoire des sommets et de l&#8217;alpinisme dans le<br \/>\nmassif du Mont Blanc.<\/p>","protected":false},"excerpt":{"rendered":"<p>Phantastischer Bildband! Plus qu&#8217;un beau livre de photographies, un v\u00e9ritable ouvrage de r\u00e9f\u00e9rence sur l&#8217;histoire des sommets et de l&#8217;alpinisme dans le massif du Mont Blanc.<\/p>","protected":false},"featured_media":28200,"template":"","meta":[],"product_brand":[],"product_cat":[21542],"product_tag":[],"class_list":{"0":"post-150695","1":"product","2":"type-product","3":"status-publish","4":"has-post-thumbnail","6":"product_cat-sachbuecher-dokumentationen","7":"pa_autor-lelong-laroche","8":"pa_erscheinungsjahr-22151","9":"pa_region-frankreich","10":"pa_sprache-fr","12":"first","13":"instock","14":"taxable","15":"shipping-taxable","16":"purchasable","17":"product-type-simple"},"_links":{"self":[{"href":"https:\/\/pizbube.ch\/en\/wp-json\/wp\/v2\/product\/150695","targetHints":{"allow":["GET"]}}],"collection":[{"href":"https:\/\/pizbube.ch\/en\/wp-json\/wp\/v2\/product"}],"about":[{"href":"https:\/\/pizbube.ch\/en\/wp-json\/wp\/v2\/types\/product"}],"wp:featuredmedia":[{"embeddable":true,"href":"https:\/\/pizbube.ch\/en\/wp-json\/wp\/v2\/media\/28200"}],"wp:attachment":[{"href":"https:\/\/pizbube.ch\/en\/wp-json\/wp\/v2\/media?parent=150695"}],"wp:term":[{"taxonomy":"product_brand","embeddable":true,"href":"https:\/\/pizbube.ch\/en\/wp-json\/wp\/v2\/product_brand?post=150695"},{"taxonomy":"product_cat","embeddable":true,"href":"https:\/\/pizbube.ch\/en\/wp-json\/wp\/v2\/product_cat?post=150695"},{"taxonomy":"product_tag","embeddable":true,"href":"https:\/\/pizbube.ch\/en\/wp-json\/wp\/v2\/product_tag?post=150695"}],"curies":[{"name":"wp","href":"https:\/\/api.w.org\/{rel}","templated":true}]}}