{"id":150698,"date":"2021-01-15T11:03:03","date_gmt":"2021-01-15T11:03:03","guid":{"rendered":"https:\/\/codengine3.ch\/?product=import-placeholder-for-203532"},"modified":"2021-01-15T14:24:12","modified_gmt":"2021-01-15T14:24:12","slug":"mont-blanc-lumieres-daltitude","status":"publish","type":"product","link":"https:\/\/pizbube.ch\/en\/shop\/mont-blanc-lumieres-daltitude\/","title":{"rendered":"Mont Blanc lumi\u00e8res d&#8217;altitude"},"content":{"rendered":"<p>Cet album magnifique n&#8217;est pas un parcours g\u00e9ographique et didactique du<br \/>\nmassif du Mont-Blanc mais plut\u00f4t une p\u00e9r\u00e9grination sur diff\u00e9rents th\u00e8mes au<br \/>\ncoeur de ce que vit tout passionn\u00e9 de haute montagne:<\/p>\n<p>les lumi\u00e8res de ces hauts lieux, de l&#8217;aube au couchant, le soleil et la lune,<br \/>\nl&#8217;esth\u00e9tique des formes et de la mati\u00e8re, les nuages, la neige et la glace, et<br \/>\npuis l&#8217;alpinisme dans sa conjugaison d&#8217;\u00e9quilibre, de vertige et de mouvements.<br \/>\nTel est l&#8217;itin\u00e9raire que vous propose le guide et photographe Jean-Fran\u00e7ois<br \/>\nHagenmuller.  <\/p>","protected":false},"excerpt":{"rendered":"<p>Cet album magnifique n&#8217;est pas un parcours g\u00e9ographique et didactique du massif du Mont-Blanc mais plut\u00f4t une p\u00e9r\u00e9grination sur diff\u00e9rents th\u00e8mes au coeur de ce que vit tout passionn\u00e9 de haute montagne: les lumi\u00e8res de ces hauts lieux, de l&#8217;aube au couchant, le soleil et la lune, l&#8217;esth\u00e9tique des formes et de la mati\u00e8re, les [&#8230;]\n","protected":false},"featured_media":31163,"template":"","meta":[],"product_brand":[],"product_cat":[21542],"product_tag":[],"class_list":{"0":"post-150698","1":"product","2":"type-product","3":"status-publish","4":"has-post-thumbnail","6":"product_cat-sachbuecher-dokumentationen","7":"pa_autor-hagenmuller","8":"pa_erscheinungsjahr-21920","9":"pa_region-frankreich","10":"pa_sprache-fr","12":"first","13":"instock","14":"taxable","15":"shipping-taxable","16":"purchasable","17":"product-type-simple"},"_links":{"self":[{"href":"https:\/\/pizbube.ch\/en\/wp-json\/wp\/v2\/product\/150698","targetHints":{"allow":["GET"]}}],"collection":[{"href":"https:\/\/pizbube.ch\/en\/wp-json\/wp\/v2\/product"}],"about":[{"href":"https:\/\/pizbube.ch\/en\/wp-json\/wp\/v2\/types\/product"}],"wp:featuredmedia":[{"embeddable":true,"href":"https:\/\/pizbube.ch\/en\/wp-json\/wp\/v2\/media\/31163"}],"wp:attachment":[{"href":"https:\/\/pizbube.ch\/en\/wp-json\/wp\/v2\/media?parent=150698"}],"wp:term":[{"taxonomy":"product_brand","embeddable":true,"href":"https:\/\/pizbube.ch\/en\/wp-json\/wp\/v2\/product_brand?post=150698"},{"taxonomy":"product_cat","embeddable":true,"href":"https:\/\/pizbube.ch\/en\/wp-json\/wp\/v2\/product_cat?post=150698"},{"taxonomy":"product_tag","embeddable":true,"href":"https:\/\/pizbube.ch\/en\/wp-json\/wp\/v2\/product_tag?post=150698"}],"curies":[{"name":"wp","href":"https:\/\/api.w.org\/{rel}","templated":true}]}}