{"id":150699,"date":"2021-01-15T11:03:03","date_gmt":"2021-01-15T11:03:03","guid":{"rendered":"https:\/\/codengine3.ch\/?product=import-placeholder-for-203800"},"modified":"2023-04-21T10:32:13","modified_gmt":"2023-04-21T08:32:13","slug":"die-alpen-im-panorama","status":"publish","type":"product","link":"https:\/\/pizbube.ch\/en\/shop\/die-alpen-im-panorama\/","title":{"rendered":"Die Alpen im Panorama"},"content":{"rendered":"<p>Mit diesem Band legt Rudolf Rother ein Standardwerk vor. Seine eindrucksvollen<br \/>\nAlpenpanoramen sind mit einer besonderen Technik aufgenommen, die fast einen Rundumblick erlaubt.<\/p>\n<p>Der 1927 in M\u00fcnchen geborene Verleger Rudolf Rother ist ein passionierter und erfahrener Bergsteiger. Mit diesem Buch, das nun in zweiter, leicht \u00fcberarbeiteter Auflage vorliegt, hat er ein Standardwerk der Alpenfotografie vorgelegt. Seine Aufnahmen vom h\u00f6chsten Gebirge Europas entstanden im Laufe von drei Jahrzehnten, w\u00e4hrend denen er in unz\u00e4hligen Bergtouren zu den spektakul\u00e4ren Gipfeln aufbrach, um dieses europ\u00e4ische Naturerbe fotografisch zu dokumentieren. Durch die jahrzehntelange Arbeit und die erfolgreiche Suche nach den optimalen Wetter- und Lichtverh\u00e4ltnissen entstand ein umfangreiches Archiv aus zun\u00e4chst monochromen und sp\u00e4ter auch farbigen Fotografien \u2013 ein Lebenswerk, aus dem die sch\u00f6nsten Aufnahmen f\u00fcr dieses Buch zusammengestellt wurden.<\/p>\n<p>Das Ergebnis sind 65 spektakul\u00e4re Bilder aller wesentlichen Alpengruppen, die eine imposante Bergwelt mit gro\u00dfartigen Ansichten endloser Bergketten zeigen und gerade durch das Gro\u00dfformat und die bibliophile Ausstattung des Buches eine unvergleichliche Wirkung entfalten. Gezeigt wird ein vielf\u00e4ltiger Lebensraum, der mittlerweile leider nicht nur vom Massentourismus bedroht ist. In Anbetracht des starken Gletscherr\u00fcckganges aufgrund der weltweiten klimatischen Ver\u00e4nderungen ist dieser opulente Bildband auch von dokumentarischem Wert. Umfangreiche Texte informieren zudem u.a. \u00fcber Geografie, Klima und Geschichte der Besiedlung rund um die Alpenwelt.<\/p>\n<p>Format: 48 x 34 cm<br \/>\nHochwertiger Leinenband mit Schutzumschlag<br \/>\n168 Seiten mit 65 Panorama-Photographien in Farbe und Duoton<br \/>\nMit Texten von Fritz Hartranft in Deutsch, Englisch, Italienisch und<br \/>\nFranz\u00f6sisch<\/p>","protected":false},"excerpt":{"rendered":"<p>Mit diesem Band legt Rudolf Rother ein Standardwerk vor. Seine eindrucksvollen Alpenpanoramen sind mit einer besonderen Technik aufgenommen, die fast einen Rundumblick erlaubt. Der 1927 in M\u00fcnchen geborene Verleger Rudolf Rother ist ein passionierter und erfahrener Bergsteiger. Mit diesem Buch, das nun in zweiter, leicht \u00fcberarbeiteter Auflage vorliegt, hat er ein Standardwerk der Alpenfotografie vorgelegt. [&#8230;]\n","protected":false},"featured_media":167280,"template":"","meta":[],"product_brand":[],"product_cat":[21542],"product_tag":[],"class_list":{"0":"post-150699","1":"product","2":"type-product","3":"status-publish","4":"has-post-thumbnail","6":"product_cat-sachbuecher-dokumentationen","7":"pa_autor-rother","8":"pa_erscheinungsjahr-21693","9":"pa_region-deutschland","10":"pa_sprache-de-en-fr-it-2","12":"first","13":"onbackorder","14":"taxable","15":"shipping-taxable","16":"purchasable","17":"product-type-simple"},"_links":{"self":[{"href":"https:\/\/pizbube.ch\/en\/wp-json\/wp\/v2\/product\/150699","targetHints":{"allow":["GET"]}}],"collection":[{"href":"https:\/\/pizbube.ch\/en\/wp-json\/wp\/v2\/product"}],"about":[{"href":"https:\/\/pizbube.ch\/en\/wp-json\/wp\/v2\/types\/product"}],"wp:featuredmedia":[{"embeddable":true,"href":"https:\/\/pizbube.ch\/en\/wp-json\/wp\/v2\/media\/167280"}],"wp:attachment":[{"href":"https:\/\/pizbube.ch\/en\/wp-json\/wp\/v2\/media?parent=150699"}],"wp:term":[{"taxonomy":"product_brand","embeddable":true,"href":"https:\/\/pizbube.ch\/en\/wp-json\/wp\/v2\/product_brand?post=150699"},{"taxonomy":"product_cat","embeddable":true,"href":"https:\/\/pizbube.ch\/en\/wp-json\/wp\/v2\/product_cat?post=150699"},{"taxonomy":"product_tag","embeddable":true,"href":"https:\/\/pizbube.ch\/en\/wp-json\/wp\/v2\/product_tag?post=150699"}],"curies":[{"name":"wp","href":"https:\/\/api.w.org\/{rel}","templated":true}]}}