{"id":150700,"date":"2021-01-15T11:03:03","date_gmt":"2021-01-15T11:03:03","guid":{"rendered":"https:\/\/codengine3.ch\/?product=import-placeholder-for-202280"},"modified":"2021-01-15T12:34:57","modified_gmt":"2021-01-15T12:34:57","slug":"hautes-cimes-des-ecrins","status":"publish","type":"product","link":"https:\/\/pizbube.ch\/en\/shop\/hautes-cimes-des-ecrins\/","title":{"rendered":"hautes cimes des Ecrins"},"content":{"rendered":"<p>cet ouvrage pr\u00e9sente la plupart des versants et des montagnes du plus sauvage<br \/>\nmassif des Alpes fran\u00e7aises, perle du haut Dauphin\u00e9: la Meije, le Pelvoux et<br \/>\nla Barre des Ecrins.  <\/p>","protected":false},"excerpt":{"rendered":"<p>cet ouvrage pr\u00e9sente la plupart des versants et des montagnes du plus sauvage massif des Alpes fran\u00e7aises, perle du haut Dauphin\u00e9: la Meije, le Pelvoux et la Barre des Ecrins.<\/p>","protected":false},"featured_media":29658,"template":"","meta":[],"product_brand":[],"product_cat":[21542],"product_tag":[],"class_list":{"0":"post-150700","1":"product","2":"type-product","3":"status-publish","4":"has-post-thumbnail","6":"product_cat-sachbuecher-dokumentationen","7":"pa_autor-chevaillot","8":"pa_erscheinungsjahr-21750","9":"pa_region-frankreich","10":"pa_sprache-fr","12":"first","13":"instock","14":"taxable","15":"shipping-taxable","16":"purchasable","17":"product-type-simple"},"_links":{"self":[{"href":"https:\/\/pizbube.ch\/en\/wp-json\/wp\/v2\/product\/150700","targetHints":{"allow":["GET"]}}],"collection":[{"href":"https:\/\/pizbube.ch\/en\/wp-json\/wp\/v2\/product"}],"about":[{"href":"https:\/\/pizbube.ch\/en\/wp-json\/wp\/v2\/types\/product"}],"wp:featuredmedia":[{"embeddable":true,"href":"https:\/\/pizbube.ch\/en\/wp-json\/wp\/v2\/media\/29658"}],"wp:attachment":[{"href":"https:\/\/pizbube.ch\/en\/wp-json\/wp\/v2\/media?parent=150700"}],"wp:term":[{"taxonomy":"product_brand","embeddable":true,"href":"https:\/\/pizbube.ch\/en\/wp-json\/wp\/v2\/product_brand?post=150700"},{"taxonomy":"product_cat","embeddable":true,"href":"https:\/\/pizbube.ch\/en\/wp-json\/wp\/v2\/product_cat?post=150700"},{"taxonomy":"product_tag","embeddable":true,"href":"https:\/\/pizbube.ch\/en\/wp-json\/wp\/v2\/product_tag?post=150700"}],"curies":[{"name":"wp","href":"https:\/\/api.w.org\/{rel}","templated":true}]}}