{"id":150701,"date":"2021-01-15T11:03:03","date_gmt":"2021-01-15T11:03:03","guid":{"rendered":"https:\/\/codengine3.ch\/?product=import-placeholder-for-201047"},"modified":"2021-01-15T11:03:06","modified_gmt":"2021-01-15T11:03:06","slug":"vom-alpenuebergang-zum-alpenraum","status":"publish","type":"product","link":"https:\/\/pizbube.ch\/en\/shop\/vom-alpenuebergang-zum-alpenraum\/","title":{"rendered":"Vom Alpen\u00fcbergang zum Alpenraum"},"content":{"rendered":"<p>Geschichte der Alpen Bd. 1<br \/>\nAm 6.\/7. Oktober 1995 wurde in Luzern die Internationale Gesellschaft f\u00fcr<br \/>\nhistorische Alpenforschung gegr\u00fcndet. Sie will alle Personen und Institutionen<br \/>\nansprechen und n\u00e4her zueinander bringen, die sich auf wissenschaftliche Weise<br \/>\nf\u00fcr die Geschichte der Alpen interessieren.<br \/>\nDiese Publikation enth\u00e4lt die Vortr\u00e4ge, welche an der Gr\u00fcndungstagung gehalten<br \/>\nwurden. Thema ist der Stand der historischen Alpenforschung in internationaler<br \/>\nSicht. Die Vielfalt der Perspektiven zeigt, wie faszinierend die historische<br \/>\nErkundung eines grossen, aber ungen\u00fcgend verbundenen Raums inmitten Europas<br \/>\nist.<\/p>","protected":false},"excerpt":{"rendered":"<p>Geschichte der Alpen Bd. 1 Am 6.\/7. Oktober 1995 wurde in Luzern die Internationale Gesellschaft f\u00fcr historische Alpenforschung gegr\u00fcndet. Sie will alle Personen und Institutionen ansprechen und n\u00e4her zueinander bringen, die sich auf wissenschaftliche Weise f\u00fcr die Geschichte der Alpen interessieren. Diese Publikation enth\u00e4lt die Vortr\u00e4ge, welche an der Gr\u00fcndungstagung gehalten wurden. Thema ist der [&#8230;]\n","protected":false},"featured_media":45070,"template":"","meta":[],"product_brand":[],"product_cat":[21542],"product_tag":[],"class_list":{"0":"post-150701","1":"product","2":"type-product","3":"status-publish","4":"has-post-thumbnail","6":"product_cat-sachbuecher-dokumentationen","7":"pa_autor-busset","8":"pa_erscheinungsjahr-22151","9":"pa_region-schweiz","10":"pa_sprache-d","11":"pa_sprache-f","13":"first","14":"instock","15":"taxable","16":"shipping-taxable","17":"purchasable","18":"product-type-simple"},"_links":{"self":[{"href":"https:\/\/pizbube.ch\/en\/wp-json\/wp\/v2\/product\/150701","targetHints":{"allow":["GET"]}}],"collection":[{"href":"https:\/\/pizbube.ch\/en\/wp-json\/wp\/v2\/product"}],"about":[{"href":"https:\/\/pizbube.ch\/en\/wp-json\/wp\/v2\/types\/product"}],"wp:featuredmedia":[{"embeddable":true,"href":"https:\/\/pizbube.ch\/en\/wp-json\/wp\/v2\/media\/45070"}],"wp:attachment":[{"href":"https:\/\/pizbube.ch\/en\/wp-json\/wp\/v2\/media?parent=150701"}],"wp:term":[{"taxonomy":"product_brand","embeddable":true,"href":"https:\/\/pizbube.ch\/en\/wp-json\/wp\/v2\/product_brand?post=150701"},{"taxonomy":"product_cat","embeddable":true,"href":"https:\/\/pizbube.ch\/en\/wp-json\/wp\/v2\/product_cat?post=150701"},{"taxonomy":"product_tag","embeddable":true,"href":"https:\/\/pizbube.ch\/en\/wp-json\/wp\/v2\/product_tag?post=150701"}],"curies":[{"name":"wp","href":"https:\/\/api.w.org\/{rel}","templated":true}]}}