{"id":150702,"date":"2021-01-15T11:03:03","date_gmt":"2021-01-15T11:03:03","guid":{"rendered":"https:\/\/codengine3.ch\/?product=import-placeholder-for-205025"},"modified":"2021-01-15T14:38:06","modified_gmt":"2021-01-15T14:38:06","slug":"tradition-und-modernitaet-traditions-et-modernites-tradizione-e-modernita","status":"publish","type":"product","link":"https:\/\/pizbube.ch\/en\/shop\/tradition-und-modernitaet-traditions-et-modernites-tradizione-e-modernita\/","title":{"rendered":"Tradition und Modernit\u00e4t- Traditions et modernit\u00e9s &#8211; Tradizione e modernit\u00e0"},"content":{"rendered":"<p>Geschichte der Alpen &#8211; Histoire des Alpes &#8211; Storia delle Alpi.  <\/p>\n<p>Die Alpen werden gew\u00f6hnlich als Raum abseits von Modernisierungen und als<br \/>\nwenig offen gegen\u00fcber \u00e4usseren Einfl\u00fcssen wahrgenommen. Allerdings l\u00e4sst sich<br \/>\nein Modernisierungsbegriff, der wirtschaftliches und soziales Wachstum als<br \/>\nr\u00e4umlich und zeitlich gleich bleibenden Entwicklungsprozess betrachtet, auch<br \/>\nkaum auf die Geschichte von alpinen Kulturen \u00fcbertragen. Die Beitr\u00e4ge<br \/>\nbeleuchten Aspekte alpiner Erfahrung und zeigen zugleich die Schwierigkeit<br \/>\neiner Abgrenzung von &#8218;Tradition&#8216; und &#8218;Moderne&#8216;.  <\/p>\n<p>Les Alpes sont habituellement per\u00e7ues comme un espace \u00e0 l&#8217;\u00e9cart de la<br \/>\nmodernisation et peu ouvert \u00e0 ses influences. Cependant le mod\u00e8le de<br \/>\nmodernisation, qui consid\u00e8re la croissance \u00e9conomique et sociale comme \u00e9tant<br \/>\nle r\u00e9sultat de stades toujours \u00e9gaux dans le temps et dans l&#8217;espace, ne se<br \/>\npr\u00eate pas \u00e0 \u00eatre enti\u00e8rement transpos\u00e9 aux parcours historiques des soci\u00e9t\u00e9s<br \/>\nalpines. Les contributions rassembl\u00e9es dans ce volume confirment les<br \/>\nnombreuses facettes des exp\u00e9riences du monde alpin et la labilit\u00e9 des<br \/>\nfronti\u00e8res entre les notions de &#8218;tradition&#8216; et de &#8218;modernit\u00e9&#8216;.  <\/p>\n<p>Le Alpi sono generalmente percepite come uno spazio ai margini della<br \/>\nmodernizzazione e poco aperto alle sue influenze. Tuttavia questo modello di<br \/>\nmodernizzazione, dove la crescita economica e sociale \u00e8 intesa come il<br \/>\nprodotto di stadi sempre univoci nel tempo e nello spazio, \u00e8 difficilmente<br \/>\napplicabile ai percorsi storici delle societ\u00e0 alpine. I contributi raccolti in<br \/>\nquesto volume confermano le molte sfaccettature delle esperienze del mondo<br \/>\nalpino e la labilit\u00e0 dei confini tra le nozioni di &#8218;tradizione&#8216; e di<br \/>\n&#8218;modernit\u00e0&#8216;.<\/p>","protected":false},"excerpt":{"rendered":"<p>Geschichte der Alpen &#8211; Histoire des Alpes &#8211; Storia delle Alpi. Die Alpen werden gew\u00f6hnlich als Raum abseits von Modernisierungen und als wenig offen gegen\u00fcber \u00e4usseren Einfl\u00fcssen wahrgenommen. Allerdings l\u00e4sst sich ein Modernisierungsbegriff, der wirtschaftliches und soziales Wachstum als r\u00e4umlich und zeitlich gleich bleibenden Entwicklungsprozess betrachtet, auch kaum auf die Geschichte von alpinen Kulturen \u00fcbertragen. [&#8230;]\n","protected":false},"featured_media":33608,"template":"","meta":[],"product_brand":[],"product_cat":[21542],"product_tag":[],"class_list":{"0":"post-150702","1":"product","2":"type-product","3":"status-publish","4":"has-post-thumbnail","6":"product_cat-sachbuecher-dokumentationen","7":"pa_autor-aiha","8":"pa_erscheinungsjahr-21842","9":"pa_region-schweiz","10":"pa_sprache-d","11":"pa_sprache-f","12":"pa_sprache-i","14":"first","15":"instock","16":"taxable","17":"shipping-taxable","18":"purchasable","19":"product-type-simple"},"_links":{"self":[{"href":"https:\/\/pizbube.ch\/en\/wp-json\/wp\/v2\/product\/150702","targetHints":{"allow":["GET"]}}],"collection":[{"href":"https:\/\/pizbube.ch\/en\/wp-json\/wp\/v2\/product"}],"about":[{"href":"https:\/\/pizbube.ch\/en\/wp-json\/wp\/v2\/types\/product"}],"wp:featuredmedia":[{"embeddable":true,"href":"https:\/\/pizbube.ch\/en\/wp-json\/wp\/v2\/media\/33608"}],"wp:attachment":[{"href":"https:\/\/pizbube.ch\/en\/wp-json\/wp\/v2\/media?parent=150702"}],"wp:term":[{"taxonomy":"product_brand","embeddable":true,"href":"https:\/\/pizbube.ch\/en\/wp-json\/wp\/v2\/product_brand?post=150702"},{"taxonomy":"product_cat","embeddable":true,"href":"https:\/\/pizbube.ch\/en\/wp-json\/wp\/v2\/product_cat?post=150702"},{"taxonomy":"product_tag","embeddable":true,"href":"https:\/\/pizbube.ch\/en\/wp-json\/wp\/v2\/product_tag?post=150702"}],"curies":[{"name":"wp","href":"https:\/\/api.w.org\/{rel}","templated":true}]}}