{"id":150703,"date":"2021-01-15T11:03:03","date_gmt":"2021-01-15T11:03:03","guid":{"rendered":"https:\/\/codengine3.ch\/?product=import-placeholder-for-204628"},"modified":"2021-01-15T14:35:01","modified_gmt":"2021-01-15T14:35:01","slug":"400-jahre-im-gletschereis-der-theodulpass-bei-zermatt-und-sein-soeldner","status":"publish","type":"product","link":"https:\/\/pizbube.ch\/en\/shop\/400-jahre-im-gletschereis-der-theodulpass-bei-zermatt-und-sein-soeldner\/","title":{"rendered":"400 Jahre im Gletschereis &#8211; Der Theodulpass bei Zermatt und sein \u00abS\u00f6ldner\u00bb"},"content":{"rendered":"<p>Reihe des Geschichtsmuseums Wallis, Band 13<\/p>\n<p>Der Theodulpass bei Zermatt auf 3301 Metern \u00fcber Meer geh\u00f6rt zu den<br \/>\nwichtigsten Nord-S\u00fcd-Verbindungen in der Geschichte des regionalen<br \/>\nAlpenpassverkehrs. Seit dem Ende der Kleinen Eiszeit Mitte des 19.<br \/>\nJahrhunderts gibt der sich zur\u00fcckziehende Passgletscher arch\u00e4ologische Sch\u00e4tze<br \/>\nfrei, kostbare Zeugen vergangener Passbegehungen. Zu den Funden geh\u00f6ren unter<br \/>\nanderem r\u00f6mische M\u00fcnzen, Maultierknochen und mittelalterliche Waffenteile, die<br \/>\nmehrere Jahrhunderte unbeschadet im eisigen Bauch des Gletschers \u00fcberdauert<br \/>\nhaben.<\/p>\n<p>Der bedeutendste Fund ist zweifelsohne der sogenannte \u00abS\u00f6ldner\u00bb, ein um 1600<br \/>\nauf dem Gletscher verungl\u00fcckter Mann.<br \/>\nWar dieser Mann ein S\u00f6ldner, wie seit Fundbeginn aufgrund seiner Waffen<br \/>\nvermutet wird? Ein Schurke, wie wir ihn aus Comic-Romanen kennen? Oder ein<br \/>\nH\u00e4ndler, der seine Waren \u00fcber den Pass f\u00fchrte? Der Band unternimmt den<br \/>\nVersuch, diese Fragen zu beantworten.<\/p>\n<p>240 Seiten; 183 farbige und sw Abbildungen, zahlreiche Grafiken und Tabellen;<br \/>\nbroschiert<\/p>","protected":false},"excerpt":{"rendered":"<p>Reihe des Geschichtsmuseums Wallis, Band 13 Der Theodulpass bei Zermatt auf 3301 Metern \u00fcber Meer geh\u00f6rt zu den wichtigsten Nord-S\u00fcd-Verbindungen in der Geschichte des regionalen Alpenpassverkehrs. Seit dem Ende der Kleinen Eiszeit Mitte des 19. Jahrhunderts gibt der sich zur\u00fcckziehende Passgletscher arch\u00e4ologische Sch\u00e4tze frei, kostbare Zeugen vergangener Passbegehungen. Zu den Funden geh\u00f6ren unter anderem r\u00f6mische [&#8230;]\n","protected":false},"featured_media":32830,"template":"","meta":[],"product_brand":[],"product_cat":[21542],"product_tag":[],"class_list":{"0":"post-150703","1":"product","2":"type-product","3":"status-publish","4":"has-post-thumbnail","6":"product_cat-sachbuecher-dokumentationen","7":"pa_autor-providoli-elsig-curdy","8":"pa_erscheinungsjahr-21571","9":"pa_region-fauna-flora-geologie-glaziologie","10":"pa_sprache-de","12":"first","13":"instock","14":"taxable","15":"shipping-taxable","16":"purchasable","17":"product-type-simple"},"_links":{"self":[{"href":"https:\/\/pizbube.ch\/en\/wp-json\/wp\/v2\/product\/150703","targetHints":{"allow":["GET"]}}],"collection":[{"href":"https:\/\/pizbube.ch\/en\/wp-json\/wp\/v2\/product"}],"about":[{"href":"https:\/\/pizbube.ch\/en\/wp-json\/wp\/v2\/types\/product"}],"wp:featuredmedia":[{"embeddable":true,"href":"https:\/\/pizbube.ch\/en\/wp-json\/wp\/v2\/media\/32830"}],"wp:attachment":[{"href":"https:\/\/pizbube.ch\/en\/wp-json\/wp\/v2\/media?parent=150703"}],"wp:term":[{"taxonomy":"product_brand","embeddable":true,"href":"https:\/\/pizbube.ch\/en\/wp-json\/wp\/v2\/product_brand?post=150703"},{"taxonomy":"product_cat","embeddable":true,"href":"https:\/\/pizbube.ch\/en\/wp-json\/wp\/v2\/product_cat?post=150703"},{"taxonomy":"product_tag","embeddable":true,"href":"https:\/\/pizbube.ch\/en\/wp-json\/wp\/v2\/product_tag?post=150703"}],"curies":[{"name":"wp","href":"https:\/\/api.w.org\/{rel}","templated":true}]}}