{"id":150704,"date":"2021-01-15T11:03:03","date_gmt":"2021-01-15T11:03:03","guid":{"rendered":"https:\/\/codengine3.ch\/?product=import-placeholder-for-201772"},"modified":"2021-01-15T12:04:26","modified_gmt":"2021-01-15T12:04:26","slug":"geschichte-der-alpen-1500-1900","status":"publish","type":"product","link":"https:\/\/pizbube.ch\/en\/shop\/geschichte-der-alpen-1500-1900\/","title":{"rendered":"Geschichte der Alpen 1500 &#8211; 1900"},"content":{"rendered":"<p>Umwelt, Entwicklung, Gesellschaft &#8211; Geschichte des Alpenraums vom Mittelalter<br \/>\nbis 1900<\/p>\n<p>Die Alpen gelten mindestens seit Jean-Jacques Rousseau als Verk\u00f6rperung der<br \/>\nNatur und damit als Gegenpol der Zivilisation &#8211; Grund genug, um die Geschichte<br \/>\ndieser europ\u00e4ischen Gebirgsregion kaum wahrzunehmen bzw. den sechs<br \/>\nNationalstaaten zu \u00fcberlassen, die sich heute in sie teilen. Dieses Buch f\u00fchrt<br \/>\ndurch die gemeinsame Geschichte des Alpenraumes vom Ausgang des Mittelalters<br \/>\nbis 1900 und untersucht Bev\u00f6lkerung, Wirtschaft und Umwelt. Die politischen<br \/>\nKr\u00e4fteverh\u00e4ltnisse, \u00f6kologische Fragestellungen und die aktuelle Diskussion um<br \/>\neine k\u00fcnftige Alpenpolitik flie\u00dfen mit ein. Wie gestaltete sich die<br \/>\nlangfristige Beziehung zwischen Bev\u00f6lkerung, WIrtschaft und Umwelt? Und wie<br \/>\nwirkten sich politische Kr\u00e4fte auf die Verfassung und Gesellschaft aus?<\/p>","protected":false},"excerpt":{"rendered":"<p>Umwelt, Entwicklung, Gesellschaft &#8211; Geschichte des Alpenraums vom Mittelalter bis 1900 Die Alpen gelten mindestens seit Jean-Jacques Rousseau als Verk\u00f6rperung der Natur und damit als Gegenpol der Zivilisation &#8211; Grund genug, um die Geschichte dieser europ\u00e4ischen Gebirgsregion kaum wahrzunehmen bzw. den sechs Nationalstaaten zu \u00fcberlassen, die sich heute in sie teilen. Dieses Buch f\u00fchrt durch [&#8230;]\n","protected":false},"featured_media":26142,"template":"","meta":[],"product_brand":[],"product_cat":[21580],"product_tag":[],"class_list":{"0":"post-150704","1":"product","2":"type-product","3":"status-publish","4":"has-post-thumbnail","6":"product_cat-kunst-kultur","7":"pa_autor-mathieu","8":"pa_erscheinungsjahr-22060","9":"pa_region-schweiz","10":"pa_sprache-de","12":"first","13":"instock","14":"taxable","15":"shipping-taxable","16":"purchasable","17":"product-type-simple"},"_links":{"self":[{"href":"https:\/\/pizbube.ch\/en\/wp-json\/wp\/v2\/product\/150704","targetHints":{"allow":["GET"]}}],"collection":[{"href":"https:\/\/pizbube.ch\/en\/wp-json\/wp\/v2\/product"}],"about":[{"href":"https:\/\/pizbube.ch\/en\/wp-json\/wp\/v2\/types\/product"}],"wp:featuredmedia":[{"embeddable":true,"href":"https:\/\/pizbube.ch\/en\/wp-json\/wp\/v2\/media\/26142"}],"wp:attachment":[{"href":"https:\/\/pizbube.ch\/en\/wp-json\/wp\/v2\/media?parent=150704"}],"wp:term":[{"taxonomy":"product_brand","embeddable":true,"href":"https:\/\/pizbube.ch\/en\/wp-json\/wp\/v2\/product_brand?post=150704"},{"taxonomy":"product_cat","embeddable":true,"href":"https:\/\/pizbube.ch\/en\/wp-json\/wp\/v2\/product_cat?post=150704"},{"taxonomy":"product_tag","embeddable":true,"href":"https:\/\/pizbube.ch\/en\/wp-json\/wp\/v2\/product_tag?post=150704"}],"curies":[{"name":"wp","href":"https:\/\/api.w.org\/{rel}","templated":true}]}}