{"id":150708,"date":"2021-01-15T11:03:03","date_gmt":"2021-01-15T11:03:03","guid":{"rendered":"https:\/\/codengine3.ch\/?product=import-placeholder-for-201050"},"modified":"2021-01-15T11:03:07","modified_gmt":"2021-01-15T11:03:07","slug":"die-wildnis","status":"publish","type":"product","link":"https:\/\/pizbube.ch\/en\/shop\/die-wildnis\/","title":{"rendered":"Die Wildnis"},"content":{"rendered":"<p>Deutungsgeschichte des Berges in der europ\u00e4ischen Neuzeit.<br \/>\nDieses Buch untersucht die Ver\u00e4nderungen, die im neuzeitlichen Europa<br \/>\nhinsichtl. der Auffassung der &#8218;wilden&#8216; Natur stattgefunden haben. Es bietet<br \/>\nnicht nur eine Geschichte der Berge als eines Motivs im europ\u00e4ischen Denken<br \/>\nund in der europ\u00e4ischen Kunst &#8211; es bietet dar\u00fcber hinaus eine Geschichte der<br \/>\nBeziehung von Mensch und Natur; eine Geschichte der Landschaftsmalerei bis zum<br \/>\nbeginnenden 19. Jh.; eine Geschichte der Beziehung von Wissen und Kunst in<br \/>\nunserem Versuch, die Welt zu verstehen  <\/p>","protected":false},"excerpt":{"rendered":"<p>Deutungsgeschichte des Berges in der europ\u00e4ischen Neuzeit. Dieses Buch untersucht die Ver\u00e4nderungen, die im neuzeitlichen Europa hinsichtl. der Auffassung der &#8218;wilden&#8216; Natur stattgefunden haben. Es bietet nicht nur eine Geschichte der Berge als eines Motivs im europ\u00e4ischen Denken und in der europ\u00e4ischen Kunst &#8211; es bietet dar\u00fcber hinaus eine Geschichte der Beziehung von Mensch und [&#8230;]\n","protected":false},"featured_media":28203,"template":"","meta":[],"product_brand":[],"product_cat":[21580],"product_tag":[],"class_list":{"0":"post-150708","1":"product","2":"type-product","3":"status-publish","4":"has-post-thumbnail","6":"product_cat-kunst-kultur","7":"pa_autor-wozniakowski","8":"pa_erscheinungsjahr-22275","9":"pa_region-deutschland","10":"pa_sprache-de","12":"first","13":"instock","14":"taxable","15":"shipping-taxable","16":"purchasable","17":"product-type-simple"},"_links":{"self":[{"href":"https:\/\/pizbube.ch\/en\/wp-json\/wp\/v2\/product\/150708","targetHints":{"allow":["GET"]}}],"collection":[{"href":"https:\/\/pizbube.ch\/en\/wp-json\/wp\/v2\/product"}],"about":[{"href":"https:\/\/pizbube.ch\/en\/wp-json\/wp\/v2\/types\/product"}],"wp:featuredmedia":[{"embeddable":true,"href":"https:\/\/pizbube.ch\/en\/wp-json\/wp\/v2\/media\/28203"}],"wp:attachment":[{"href":"https:\/\/pizbube.ch\/en\/wp-json\/wp\/v2\/media?parent=150708"}],"wp:term":[{"taxonomy":"product_brand","embeddable":true,"href":"https:\/\/pizbube.ch\/en\/wp-json\/wp\/v2\/product_brand?post=150708"},{"taxonomy":"product_cat","embeddable":true,"href":"https:\/\/pizbube.ch\/en\/wp-json\/wp\/v2\/product_cat?post=150708"},{"taxonomy":"product_tag","embeddable":true,"href":"https:\/\/pizbube.ch\/en\/wp-json\/wp\/v2\/product_tag?post=150708"}],"curies":[{"name":"wp","href":"https:\/\/api.w.org\/{rel}","templated":true}]}}