{"id":150710,"date":"2021-01-15T11:03:03","date_gmt":"2021-01-15T11:03:03","guid":{"rendered":"https:\/\/codengine3.ch\/?product=import-placeholder-for-201052"},"modified":"2021-01-15T11:03:08","modified_gmt":"2021-01-15T11:03:08","slug":"eine-aesthetik-der-natur","status":"publish","type":"product","link":"https:\/\/pizbube.ch\/en\/shop\/eine-aesthetik-der-natur\/","title":{"rendered":"Eine \u00c4sthetik der Natur"},"content":{"rendered":"<p>\u00dcber den Grund des modernen Gefallens an der Natur<\/p>\n<p>Martin Seels Abhandlung ist eine ausf\u00fchrliche Erkundung der M\u00f6glichkeit<br \/>\n\u00e4sthetischer Naturwahrnehmung heute; ihr Anliegen ist das einer profanen<br \/>\nApologie des Natursch\u00f6nen. Dieser Versuch, so wird rasch deutlich, darf sich<br \/>\nnicht auf das Thema der Natur beschr\u00e4nken. Eine \u00c4sthetik der Natur, die blo\u00df<br \/>\nvon der Natur und nicht auch von der Kunst und anderen Bereichen des<br \/>\n\u00c4sthetischen handelt, h\u00e4tte ihren Gegenstand verfehlt. Die ausgef\u00fchrte<br \/>\n\u00c4sthetik der Natur erweist sich als Teil einer allgemeinen Ethik des guten<br \/>\nLebens. In dieser inhaltlichen Verschachtelung liegt die \u00fcbergreifende These<br \/>\ndes Buchs. Das Natursch\u00f6ne, so kann Seel zeigen, ist nur verstanden, wenn in<br \/>\nihm eine exemplarische Lebensm\u00f6glichkeit des Menschen anschaulich wird.<\/p>","protected":false},"excerpt":{"rendered":"<p>\u00dcber den Grund des modernen Gefallens an der Natur Martin Seels Abhandlung ist eine ausf\u00fchrliche Erkundung der M\u00f6glichkeit \u00e4sthetischer Naturwahrnehmung heute; ihr Anliegen ist das einer profanen Apologie des Natursch\u00f6nen. Dieser Versuch, so wird rasch deutlich, darf sich nicht auf das Thema der Natur beschr\u00e4nken. Eine \u00c4sthetik der Natur, die blo\u00df von der Natur und [&#8230;]\n","protected":false},"featured_media":28205,"template":"","meta":[],"product_brand":[],"product_cat":[21580],"product_tag":[],"class_list":{"0":"post-150710","1":"product","2":"type-product","3":"status-publish","4":"has-post-thumbnail","6":"product_cat-kunst-kultur","7":"pa_autor-seel","8":"pa_erscheinungsjahr-21693","9":"pa_region-deutschland","10":"pa_sprache-de","12":"first","13":"instock","14":"taxable","15":"shipping-taxable","16":"purchasable","17":"product-type-simple"},"_links":{"self":[{"href":"https:\/\/pizbube.ch\/en\/wp-json\/wp\/v2\/product\/150710","targetHints":{"allow":["GET"]}}],"collection":[{"href":"https:\/\/pizbube.ch\/en\/wp-json\/wp\/v2\/product"}],"about":[{"href":"https:\/\/pizbube.ch\/en\/wp-json\/wp\/v2\/types\/product"}],"wp:featuredmedia":[{"embeddable":true,"href":"https:\/\/pizbube.ch\/en\/wp-json\/wp\/v2\/media\/28205"}],"wp:attachment":[{"href":"https:\/\/pizbube.ch\/en\/wp-json\/wp\/v2\/media?parent=150710"}],"wp:term":[{"taxonomy":"product_brand","embeddable":true,"href":"https:\/\/pizbube.ch\/en\/wp-json\/wp\/v2\/product_brand?post=150710"},{"taxonomy":"product_cat","embeddable":true,"href":"https:\/\/pizbube.ch\/en\/wp-json\/wp\/v2\/product_cat?post=150710"},{"taxonomy":"product_tag","embeddable":true,"href":"https:\/\/pizbube.ch\/en\/wp-json\/wp\/v2\/product_tag?post=150710"}],"curies":[{"name":"wp","href":"https:\/\/api.w.org\/{rel}","templated":true}]}}